{"id":752020,"date":"2025-08-28T05:04:29","date_gmt":"2025-08-28T02:04:29","guid":{"rendered":"https:\/\/roveyayinevi.com.tr\/index.php\/urun\/sonsuz-yagmurlarin-sarkisi\/"},"modified":"2026-04-16T03:05:31","modified_gmt":"2026-04-16T00:05:31","slug":"sonsuz-yagmurlarin-sarkisi","status":"publish","type":"product","link":"https:\/\/roveyayinevi.com.tr\/index.php\/urun\/sonsuz-yagmurlarin-sarkisi\/","title":{"rendered":"Sonsuz Ya\u011fmurlar\u0131n \u015eark\u0131s\u0131"},"content":{"rendered":"<p>H\u0131rs\u0131zlar Krall\u0131\u011f\u0131, Aadilor diyar\u0131ndaki gizli bir yerdi. Bir\u00e7ok insan krall\u0131\u011f\u0131n var oldu\u011funu f\u0131s\u0131ldamas\u0131na ra\u011fmen, \u00e7ok az ki\u015fi b\u00fcy\u00fc ve zevkle dolu diyar\u0131 bulabilmi\u015fti. Gizemli H\u0131rs\u0131z Kral, sayg\u0131 duyulan ve korkulan b\u00fcy\u00fcc\u00fclerden olu\u015fan \u00fc\u00e7l\u00fc Mousai\u2019yle birlikte krall\u0131kta h\u00fck\u00fcm s\u00fcr\u00fcyordu.   Larkyra Bassette, belki Mousai\u2019nin en gen\u00e7 b\u00fcy\u00fcc\u00fcs\u00fc olabilirdi; fakat \u015fark\u0131 s\u00f6yledi\u011finde, sesi canavarlar\u0131 \u00f6ld\u00fcrebilecek bir g\u00fcce eri\u015fiyordu. Lachlan D\u00fck\u00fc\u2019n\u00fcn krall\u0131ktan zehirli bir uyu\u015fturucu ka\u00e7\u0131rd\u0131\u011f\u0131 ve halk\u0131na bu \u015fekilde zulmetti\u011fi ortaya \u00e7\u0131kt\u0131\u011f\u0131nda, gen\u00e7 b\u00fcy\u00fcc\u00fcye d\u00fck\u00fc durdurmas\u0131 i\u00e7in ilk kez tek ba\u015f\u0131na g\u00f6reve \u00e7\u0131kmas\u0131 teklif edildi. Kendini kan\u0131tlamak isteyen Larkyra, d\u00fck\u00fcn m\u00fcstakbel gelini olarak rol yapmay\u0131 kabul etti. Ne var ki Lachlan\u2019\u0131n as\u0131l v\u00e2risi olan Mekennal\u0131 Lord Darius\u2019a kar\u015f\u0131 bir \u00e7ekim hissetti\u011finde kurdu\u011fu planlar yava\u015f\u00e7a y\u0131k\u0131lmaya ba\u015flad\u0131. Ve \u00e7ok ge\u00e7meden, as\u0131l v\u00e2risin Lachlan halk\u0131n\u0131 yozla\u015fm\u0131\u015f d\u00fckten kurtarmak i\u00e7in planlar\u0131 oldu\u011funu fark etti. Larkyra ve Darius, e\u011fer Lachlan halk\u0131n\u0131 ve kendilerini kurtarmak istiyorlarsa birbirlerine g\u00fcvenmeyi \u00f6\u011frenmek zorundalard\u0131. Lord ve leydilerin hem katil hem de h\u0131rs\u0131z olabildi\u011fi, en \u00e7ekici notalar\u0131n bile en \u00f6l\u00fcmc\u00fcl olanlara d\u00f6n\u00fc\u015ft\u00fc\u011f\u00fc Aadilor d\u00fcnyas\u0131na ho\u015f geldiniz. Bu diyar\u0131n \u015fark\u0131s\u0131n\u0131 dinlemeye cesaret edebilir misiniz?<\/p>\n","protected":false},"excerpt":{"rendered":"<p>H\u0131rs\u0131zlar Krall\u0131\u011f\u0131, Aadilor diyar\u0131ndaki gizli bir yerdi. Bir\u00e7ok insan krall\u0131\u011f\u0131n var oldu\u011funu f\u0131s\u0131ldamas\u0131na ra\u011fmen, \u00e7ok az ki\u015fi b\u00fcy\u00fc ve zevkle dolu diyar\u0131 bulabilmi\u015fti. Gizemli H\u0131rs\u0131z Kral,<span class=\"excerpt-hellip\"> [\u2026]<\/span><\/p>\n","protected":false},"featured_media":0,"template":"","meta":{"_monsterinsights_skip_tracking":false,"_monsterinsights_sitenote_active":false,"_monsterinsights_sitenote_note":"","_monsterinsights_sitenote_category":0},"product_brand":[],"product_cat":[12291,14777],"product_tag":[],"class_list":{"0":"post-752020","1":"product","2":"type-product","3":"status-publish","5":"product_cat-edebiyat","6":"product_cat-fantastik","7":"pa_cilt-ciltsiz","8":"pa_tur-kitap","9":"pa_yayinevi-marti-yayinlari","10":"pa_yazar-e-j-mellow","12":"first","13":"instock","14":"sale","15":"shipping-taxable","16":"purchasable","17":"product-type-simple"},"_links":{"self":[{"href":"https:\/\/roveyayinevi.com.tr\/index.php\/wp-json\/wp\/v2\/product\/752020","targetHints":{"allow":["GET"]}}],"collection":[{"href":"https:\/\/roveyayinevi.com.tr\/index.php\/wp-json\/wp\/v2\/product"}],"about":[{"href":"https:\/\/roveyayinevi.com.tr\/index.php\/wp-json\/wp\/v2\/types\/product"}],"wp:attachment":[{"href":"https:\/\/roveyayinevi.com.tr\/index.php\/wp-json\/wp\/v2\/media?parent=752020"}],"wp:term":[{"taxonomy":"product_brand","embeddable":true,"href":"https:\/\/roveyayinevi.com.tr\/index.php\/wp-json\/wp\/v2\/product_brand?post=752020"},{"taxonomy":"product_cat","embeddable":true,"href":"https:\/\/roveyayinevi.com.tr\/index.php\/wp-json\/wp\/v2\/product_cat?post=752020"},{"taxonomy":"product_tag","embeddable":true,"href":"https:\/\/roveyayinevi.com.tr\/index.php\/wp-json\/wp\/v2\/product_tag?post=752020"}],"curies":[{"name":"wp","href":"https:\/\/api.w.org\/{rel}","templated":true}]}}