{"id":752018,"date":"2025-08-28T05:04:26","date_gmt":"2025-08-28T02:04:26","guid":{"rendered":"https:\/\/roveyayinevi.com.tr\/index.php\/urun\/elektrik-muhendisligi\/"},"modified":"2026-04-16T03:05:31","modified_gmt":"2026-04-16T00:05:31","slug":"elektrik-muhendisligi","status":"publish","type":"product","link":"https:\/\/roveyayinevi.com.tr\/index.php\/urun\/elektrik-muhendisligi\/","title":{"rendered":"Elektrik M\u00fchendisli\u011fi"},"content":{"rendered":"<p>ELEKTR\u0130K M\u00dcHEND\u0130SL\u0130\u011e\u0130 \u0130LKELER VE UYGULAMALAR <\/p>\n","protected":false},"excerpt":{"rendered":"<p>ELEKTR\u0130K M\u00dcHEND\u0130SL\u0130\u011e\u0130 \u0130LKELER VE UYGULAMALAR<\/p>\n","protected":false},"featured_media":0,"template":"","meta":{"_monsterinsights_skip_tracking":false,"_monsterinsights_sitenote_active":false,"_monsterinsights_sitenote_note":"","_monsterinsights_sitenote_category":0},"product_brand":[],"product_cat":[12573,12566],"product_tag":[],"class_list":{"0":"post-752018","1":"product","2":"type-product","3":"status-publish","5":"product_cat-akademik-kitaplar","6":"product_cat-egitim","7":"pa_cilt-ciltsiz","8":"pa_tur-kitap","9":"pa_yayinevi-palme-yayincilik-akademik","10":"pa_yazar-allan-r-kambley","12":"first","13":"instock","14":"sale","15":"shipping-taxable","16":"purchasable","17":"product-type-simple"},"_links":{"self":[{"href":"https:\/\/roveyayinevi.com.tr\/index.php\/wp-json\/wp\/v2\/product\/752018","targetHints":{"allow":["GET"]}}],"collection":[{"href":"https:\/\/roveyayinevi.com.tr\/index.php\/wp-json\/wp\/v2\/product"}],"about":[{"href":"https:\/\/roveyayinevi.com.tr\/index.php\/wp-json\/wp\/v2\/types\/product"}],"wp:attachment":[{"href":"https:\/\/roveyayinevi.com.tr\/index.php\/wp-json\/wp\/v2\/media?parent=752018"}],"wp:term":[{"taxonomy":"product_brand","embeddable":true,"href":"https:\/\/roveyayinevi.com.tr\/index.php\/wp-json\/wp\/v2\/product_brand?post=752018"},{"taxonomy":"product_cat","embeddable":true,"href":"https:\/\/roveyayinevi.com.tr\/index.php\/wp-json\/wp\/v2\/product_cat?post=752018"},{"taxonomy":"product_tag","embeddable":true,"href":"https:\/\/roveyayinevi.com.tr\/index.php\/wp-json\/wp\/v2\/product_tag?post=752018"}],"curies":[{"name":"wp","href":"https:\/\/api.w.org\/{rel}","templated":true}]}}