{"id":752015,"date":"2025-08-28T05:04:22","date_gmt":"2025-08-28T02:04:22","guid":{"rendered":"https:\/\/roveyayinevi.com.tr\/index.php\/urun\/endustri-iliskilerinde-siddet-ve-makine-kiricilik\/"},"modified":"2026-04-16T03:05:31","modified_gmt":"2026-04-16T00:05:31","slug":"endustri-iliskilerinde-siddet-ve-makine-kiricilik","status":"publish","type":"product","link":"https:\/\/roveyayinevi.com.tr\/index.php\/urun\/endustri-iliskilerinde-siddet-ve-makine-kiricilik\/","title":{"rendered":"End\u00fcstri \u0130li\u015fkilerinde \u015eiddet ve Makine K\u0131r\u0131c\u0131l\u0131k"},"content":{"rendered":"<p>\u00c7al\u0131\u015fma ya\u015fam\u0131n\u0131n tarihi, sanayi devrimine kadar ge\u00e7en s\u00fcre\u00e7te k\u00f6lelik sisteminden, feodal d\u00f6nemin serflerine, sonras\u0131nda da zanaatk\u00e2rlara uzanmaktad\u0131r. Ancak sanayi devrimiyle birlikte sahip bulundu\u011fu tek varl\u0131\u011f\u0131 olan bedensel g\u00fcc\u00fcn\u00fc satmak suretiyle ge\u00e7imini temin eden i\u015f\u00e7ilerin ortaya \u00e7\u0131kmas\u0131yla \u2018i\u015fin \u015fekli\u2019 ve seyri tamam\u0131yla de\u011fi\u015fmi\u015ftir. \u00c7at\u0131\u015fma ve rekabet insanl\u0131\u011f\u0131n do\u011fas\u0131nda bulunmaktad\u0131r ve bunun \u00e7al\u0131\u015fma ya\u015fam\u0131na yans\u0131malar\u0131 da tarih boyunca g\u00f6zlenmektedir. Ancak teknolojik ara\u00e7lar\u0131n \u00fcretim s\u00fcre\u00e7lerinde yer almaya ba\u015flamas\u0131yla birlikte, insanlar ilk kez rekabetle alt edemeyecekleri bir rakiple kar\u015f\u0131 kar\u015f\u0131ya gelmi\u015flerdir. S\u00f6z konusu d\u00f6nemde, yorulmayan, \u00fccret beklemeyen, itiraz etmeyen, hatas\u0131z \u00e7al\u0131\u015fan makineler i\u015f\u00e7ilerin yerini almakta, bu durumda da insanlar ya i\u015fsiz kalmak ya da eme\u011fin ucuz alternatiflerinin aray\u0131\u015f\u0131nda olan i\u015fverenlerin takdir etti\u011fi d\u00fc\u015f\u00fck \u00fccretler kar\u015f\u0131l\u0131\u011f\u0131nda \u00e7al\u0131\u015fmak durumundayd\u0131lar. Hen\u00fcz di\u011fer hak aray\u0131\u015f y\u00f6ntemlerinin ke\u015ffedilmedi\u011fi d\u00f6nemlerde tercih edilen ve \u015fiddet i\u00e7eren \u00fc\u00e7\u00fcnc\u00fc yol \u2018ba\u015fkald\u0131r\u0131\u2019 ise bir grup i\u015f\u00e7inin i\u015fverenlerin kendi yerlerini almalar\u0131 i\u00e7in i\u015fyerlerine kurduklar\u0131 makineleri tahrip ederek, Hobsbawn\u2019\u0131n tabiriyle \u201cisyan marifetiyle toplu pazarl\u0131\u011fa ikna etme\u201d y\u00f6ntemlerine ba\u015fvurmalar\u0131d\u0131r. <\/p>\n","protected":false},"excerpt":{"rendered":"<p>\u00c7al\u0131\u015fma ya\u015fam\u0131n\u0131n tarihi, sanayi devrimine kadar ge\u00e7en s\u00fcre\u00e7te k\u00f6lelik sisteminden, feodal d\u00f6nemin serflerine, sonras\u0131nda da zanaatk\u00e2rlara uzanmaktad\u0131r. Ancak sanayi devrimiyle birlikte sahip bulundu\u011fu tek varl\u0131\u011f\u0131 olan<span class=\"excerpt-hellip\"> [\u2026]<\/span><\/p>\n","protected":false},"featured_media":0,"template":"","meta":{"_monsterinsights_skip_tracking":false,"_monsterinsights_sitenote_active":false,"_monsterinsights_sitenote_note":"","_monsterinsights_sitenote_category":0},"product_brand":[],"product_cat":[12573,12566],"product_tag":[],"class_list":{"0":"post-752015","1":"product","2":"type-product","3":"status-publish","5":"product_cat-akademik-kitaplar","6":"product_cat-egitim","7":"pa_cilt-ciltsiz","8":"pa_tur-kitap","9":"pa_yayinevi-zet-akademi-yayinlari","10":"pa_yazar-mustafa-gokgoz","12":"first","13":"instock","14":"sale","15":"shipping-taxable","16":"purchasable","17":"product-type-simple"},"_links":{"self":[{"href":"https:\/\/roveyayinevi.com.tr\/index.php\/wp-json\/wp\/v2\/product\/752015","targetHints":{"allow":["GET"]}}],"collection":[{"href":"https:\/\/roveyayinevi.com.tr\/index.php\/wp-json\/wp\/v2\/product"}],"about":[{"href":"https:\/\/roveyayinevi.com.tr\/index.php\/wp-json\/wp\/v2\/types\/product"}],"wp:attachment":[{"href":"https:\/\/roveyayinevi.com.tr\/index.php\/wp-json\/wp\/v2\/media?parent=752015"}],"wp:term":[{"taxonomy":"product_brand","embeddable":true,"href":"https:\/\/roveyayinevi.com.tr\/index.php\/wp-json\/wp\/v2\/product_brand?post=752015"},{"taxonomy":"product_cat","embeddable":true,"href":"https:\/\/roveyayinevi.com.tr\/index.php\/wp-json\/wp\/v2\/product_cat?post=752015"},{"taxonomy":"product_tag","embeddable":true,"href":"https:\/\/roveyayinevi.com.tr\/index.php\/wp-json\/wp\/v2\/product_tag?post=752015"}],"curies":[{"name":"wp","href":"https:\/\/api.w.org\/{rel}","templated":true}]}}