{"id":752014,"date":"2025-08-28T05:04:20","date_gmt":"2025-08-28T02:04:20","guid":{"rendered":"https:\/\/roveyayinevi.com.tr\/index.php\/urun\/yol-yakinken\/"},"modified":"2026-04-16T03:05:30","modified_gmt":"2026-04-16T00:05:30","slug":"yol-yakinken","status":"publish","type":"product","link":"https:\/\/roveyayinevi.com.tr\/index.php\/urun\/yol-yakinken\/","title":{"rendered":"Yol Yak\u0131nken"},"content":{"rendered":"<p>Ba\u015far\u0131l\u0131 \u015firket y\u00f6netimi ve i\u015f geli\u015ftirme i\u00e7in ipu\u00e7lar\u0131&#8230;Hilmi G\u00fcvenal, bu kitapta i\u015f d\u00f6n\u00fc\u015f\u00fcm\u00fc, kriz y\u00f6netimi ve yeniden yap\u0131lanma konular\u0131ndaki uzmanl\u0131\u011f\u0131n\u0131 ve deneyimini gelece\u011fin liderleriyle payla\u015f\u0131yor. De\u011fer yaratmaya, \u00f6ncelikleri belirlemeye ve kaynaklar\u0131 etkin kullanmaya odaklanan yeni bir i\u015f yapma yakla\u015f\u0131m\u0131 \u00f6neriyor.Kitap, i\u015finizi nas\u0131l yenileyece\u011finiz, gelecek i\u00e7in nas\u0131l plan yapaca\u011f\u0131n\u0131z ve krizlerden nas\u0131l kurtulaca\u011f\u0131n\u0131z konusunda pratik tavsiyeler ve ipu\u00e7lar\u0131 sunuyor. G\u00fcvenal\u2019\u0131n i\u015fleri dayan\u0131kl\u0131 ve kal\u0131c\u0131 k\u0131lmak i\u00e7in \u00f6nerdi\u011fi y\u00f6ntem YES (Yeniden.S\u0131f\u0131rdan) t\u00fcm \u00f6ncelikleri ba\u015ftan d\u00fc\u015f\u00fcnmeyi ve yap\u0131lar\u0131 s\u00fcrekli yenilemeyi i\u00e7eriyor. Yol Yak\u0131nken sadece \u015firketlerinin gelece\u011fini \u015fekillendirmek isteyen y\u00f6neticiler, yat\u0131r\u0131mc\u0131lar ve giri\u015fimciler i\u00e7in paha bi\u00e7ilmez bir kaynak de\u011fil, g\u00fcn\u00fcm\u00fcz\u00fcn s\u00fcrekli de\u011fi\u015fen d\u00fcnyas\u0131nda etkin ve kal\u0131c\u0131 olmak isteyen herkes i\u00e7in bir ba\u015fucu kitab\u0131.<\/p>\n","protected":false},"excerpt":{"rendered":"<p>Ba\u015far\u0131l\u0131 \u015firket y\u00f6netimi ve i\u015f geli\u015ftirme i\u00e7in ipu\u00e7lar\u0131&#8230;Hilmi G\u00fcvenal, bu kitapta i\u015f d\u00f6n\u00fc\u015f\u00fcm\u00fc, kriz y\u00f6netimi ve yeniden yap\u0131lanma konular\u0131ndaki uzmanl\u0131\u011f\u0131n\u0131 ve deneyimini gelece\u011fin liderleriyle payla\u015f\u0131yor. De\u011fer<span class=\"excerpt-hellip\"> [\u2026]<\/span><\/p>\n","protected":false},"featured_media":0,"template":"","meta":{"_monsterinsights_skip_tracking":false,"_monsterinsights_sitenote_active":false,"_monsterinsights_sitenote_note":"","_monsterinsights_sitenote_category":0},"product_brand":[],"product_cat":[13043,17647],"product_tag":[],"class_list":{"0":"post-752014","1":"product","2":"type-product","3":"status-publish","5":"product_cat-ekonomi","6":"product_cat-is-dunyasi","7":"pa_cilt-ciltsiz","8":"pa_tur-kitap","9":"pa_yayinevi-remzi-kitabevi","10":"pa_yazar-hilmi-guvenal","12":"first","13":"instock","14":"sale","15":"shipping-taxable","16":"purchasable","17":"product-type-simple"},"_links":{"self":[{"href":"https:\/\/roveyayinevi.com.tr\/index.php\/wp-json\/wp\/v2\/product\/752014","targetHints":{"allow":["GET"]}}],"collection":[{"href":"https:\/\/roveyayinevi.com.tr\/index.php\/wp-json\/wp\/v2\/product"}],"about":[{"href":"https:\/\/roveyayinevi.com.tr\/index.php\/wp-json\/wp\/v2\/types\/product"}],"wp:attachment":[{"href":"https:\/\/roveyayinevi.com.tr\/index.php\/wp-json\/wp\/v2\/media?parent=752014"}],"wp:term":[{"taxonomy":"product_brand","embeddable":true,"href":"https:\/\/roveyayinevi.com.tr\/index.php\/wp-json\/wp\/v2\/product_brand?post=752014"},{"taxonomy":"product_cat","embeddable":true,"href":"https:\/\/roveyayinevi.com.tr\/index.php\/wp-json\/wp\/v2\/product_cat?post=752014"},{"taxonomy":"product_tag","embeddable":true,"href":"https:\/\/roveyayinevi.com.tr\/index.php\/wp-json\/wp\/v2\/product_tag?post=752014"}],"curies":[{"name":"wp","href":"https:\/\/api.w.org\/{rel}","templated":true}]}}