{"id":752012,"date":"2025-08-28T05:04:17","date_gmt":"2025-08-28T02:04:17","guid":{"rendered":"https:\/\/roveyayinevi.com.tr\/index.php\/urun\/can-pazari\/"},"modified":"2026-04-16T03:05:30","modified_gmt":"2026-04-16T00:05:30","slug":"can-pazari","status":"publish","type":"product","link":"https:\/\/roveyayinevi.com.tr\/index.php\/urun\/can-pazari\/","title":{"rendered":"Can Pazar\u0131"},"content":{"rendered":"<p>\u201cHayat, \u00e7apulculuktan ba\u015fka bir \u015fey de\u011fildir. Kar\u0131ncadan file kadar b\u00fct\u00fcn mahlukat hep b\u00f6yle yaparlar. Kanunla, ahlakla bu tabii ge\u00e7inmenin \u00f6n\u00fcn\u00fc almaya u\u011fra\u015fanlar\u0131n safl\u0131klar\u0131na ac\u0131n\u0131r. Onlar bu beyhude mesaiyle yorulurken sen \u00f6te yanda g\u00fclerek i\u015fini g\u00f6r. Kurtlar, k\u00f6pekler, tavuklar, ku\u015flar nas\u0131l birbirinin a\u011fz\u0131ndan kaparlar, sen de kap, yut&#8230; Kar\u015f\u0131na bir davac\u0131 \u00e7\u0131karsa \u2018Hakk\u0131md\u0131r!\u2019 tehdidiyle ba\u011f\u0131r, bu hak s\u00f6z\u00fc hen\u00fcz hi\u00e7bir kanun ve mahkemede tahlil edilip s\u0131n\u0131rland\u0131r\u0131lmam\u0131\u015ft\u0131r. Tesirini \u00e7\u0131kt\u0131\u011f\u0131 a\u011fz\u0131n \u015fiddet ve kuvvetinden al\u0131r.\u201d   18 Kas\u0131m 1922\u2019de \u0130kdam gazetesinde tefrika edilmeye ba\u015flanan ve 11 Nisan 1923\u2019te tamamlanan Can Pazar\u0131, H\u00fcseyin Rahmi G\u00fcrp\u0131nar\u2019\u0131n \u00f6zg\u00fcn tarz\u0131n\u0131 yans\u0131tan, unutulmaz eserlerinden biri. Romanda, sava\u015f y\u0131llar\u0131ndaki derin yoksullu\u011fun etkilerini ve evlilik, namus, h\u0131rs\u0131zl\u0131k gibi kavramlar \u00fczerinden yerle\u015fik ahlaktaki d\u00f6n\u00fc\u015f\u00fcm\u00fc tart\u0131\u015fan yazar, d\u00f6nemin \u0130stanbul\u2019unu panoramik bir bak\u0131\u015f a\u00e7\u0131s\u0131 ve renkli tasvirlerle sunuyor okura.   G\u00fcrp\u0131nar, eserin ilk b\u00f6l\u00fcm\u00fcnde hayat\u0131 bir kavga sayan, \u00e7ektikleri a\u00e7l\u0131k, paras\u0131zl\u0131k ve i\u015fsizlikle bir araya gelen, \u201czenginden al\u0131p fakire verme\u201d d\u00fcsturuyla i\u015fledikleri her su\u00e7u me\u015fru g\u00f6ren Yavuzlar \u00c7etesi\u2019ne, ikinci b\u00f6l\u00fcmdeyse Nas\u0131h Bey-Nafia Han\u0131m \u00e7iftiyle \u0130rfan Bey-Halavet Han\u0131m \u00e7ifti aras\u0131ndaki e\u015f de\u011fi\u015fikli\u011fine, girift bir aldatma hik\u00e2yesine odaklan\u0131yor. Peki, bu apayr\u0131 iki hik\u00e2ye birbiriyle nas\u0131l kesi\u015fmi\u015ftir? Bir cinayetle mi, h\u0131rs\u0131zl\u0131kla m\u0131 veya bir fidye hadisesiyle mi? <\/p>\n","protected":false},"excerpt":{"rendered":"<p>\u201cHayat, \u00e7apulculuktan ba\u015fka bir \u015fey de\u011fildir. Kar\u0131ncadan file kadar b\u00fct\u00fcn mahlukat hep b\u00f6yle yaparlar. Kanunla, ahlakla bu tabii ge\u00e7inmenin \u00f6n\u00fcn\u00fc almaya u\u011fra\u015fanlar\u0131n safl\u0131klar\u0131na ac\u0131n\u0131r. Onlar bu<span class=\"excerpt-hellip\"> [\u2026]<\/span><\/p>\n","protected":false},"featured_media":0,"template":"","meta":{"_monsterinsights_skip_tracking":false,"_monsterinsights_sitenote_active":false,"_monsterinsights_sitenote_note":"","_monsterinsights_sitenote_category":0},"product_brand":[],"product_cat":[12291,13872],"product_tag":[],"class_list":{"0":"post-752012","1":"product","2":"type-product","3":"status-publish","5":"product_cat-edebiyat","6":"product_cat-klasikler","7":"pa_cilt-ciltsiz","8":"pa_tur-kitap","9":"pa_yayinevi-ithaki-yayinlari","10":"pa_yazar-huseyin-rahmi-gurpinar","12":"first","13":"instock","14":"sale","15":"shipping-taxable","16":"purchasable","17":"product-type-simple"},"_links":{"self":[{"href":"https:\/\/roveyayinevi.com.tr\/index.php\/wp-json\/wp\/v2\/product\/752012","targetHints":{"allow":["GET"]}}],"collection":[{"href":"https:\/\/roveyayinevi.com.tr\/index.php\/wp-json\/wp\/v2\/product"}],"about":[{"href":"https:\/\/roveyayinevi.com.tr\/index.php\/wp-json\/wp\/v2\/types\/product"}],"wp:attachment":[{"href":"https:\/\/roveyayinevi.com.tr\/index.php\/wp-json\/wp\/v2\/media?parent=752012"}],"wp:term":[{"taxonomy":"product_brand","embeddable":true,"href":"https:\/\/roveyayinevi.com.tr\/index.php\/wp-json\/wp\/v2\/product_brand?post=752012"},{"taxonomy":"product_cat","embeddable":true,"href":"https:\/\/roveyayinevi.com.tr\/index.php\/wp-json\/wp\/v2\/product_cat?post=752012"},{"taxonomy":"product_tag","embeddable":true,"href":"https:\/\/roveyayinevi.com.tr\/index.php\/wp-json\/wp\/v2\/product_tag?post=752012"}],"curies":[{"name":"wp","href":"https:\/\/api.w.org\/{rel}","templated":true}]}}