{"id":752010,"date":"2025-08-28T05:04:13","date_gmt":"2025-08-28T02:04:13","guid":{"rendered":"https:\/\/roveyayinevi.com.tr\/index.php\/urun\/bir-sagir-zangoc\/"},"modified":"2026-04-16T03:05:30","modified_gmt":"2026-04-16T00:05:30","slug":"bir-sagir-zangoc","status":"publish","type":"product","link":"https:\/\/roveyayinevi.com.tr\/index.php\/urun\/bir-sagir-zangoc\/","title":{"rendered":"Bir Sa\u011f\u0131r Zango\u00e7"},"content":{"rendered":"<p>Soner Sert\u2019in ikinci \u00f6yk\u00fc toplam\u0131: Bir Sa\u011f\u0131r Zango\u00e7.   Araf, \u00d6l\u00fcm ve Ya\u015fam. Yazar, \u00fc\u00e7 ba\u015fl\u0131k alt\u0131nda toplad\u0131\u011f\u0131 \u00f6yk\u00fclerinde, ola\u011fan g\u00f6r\u00fcnen an par\u00e7alar\u0131n\u0131n nas\u0131l ola\u011fand\u0131\u015f\u0131 yollara sapabilece\u011fini, karakterlerin raydan \u00e7\u0131kan hayatlar\u0131n\u0131n \u2013belki de en\u2013 k\u00f6t\u00fc g\u00fcnlerine odaklanarak g\u00f6steriyor, k\u0131r\u0131lmalar\u0131n alt\u0131n\u0131 kaz\u0131yor. Bu d\u00f6n\u00fc\u015f\u00fcm r\u00fczg\u00e2r\u0131na kap\u0131lan okurun zihnindeyse hep ayn\u0131 soru peyda oluyor: \u0130\u015fler nas\u0131l bu noktaya geldi?   \u201cAllah\u2019\u0131n unuttu\u011fu, kurdun ku\u015fun belirli bir saatten sonra ses etmedi\u011fi, sokak lambalar\u0131n\u0131n bile yan\u0131p yanmamakta teredd\u00fct etti\u011fi, \u2018Bo\u011fulacaksan, b\u00fcy\u00fck denizde bo\u011ful,\u2019 deyip hep k\u00fc\u00e7\u00fck denizde bo\u011fulanlar\u0131n i\u015fsizler kahvesine t\u00fcnedi\u011fi, kimsenin ne \u00e7ok iyi ne \u00e7ok k\u00f6t\u00fc oldu\u011fu ama herkesin birbirine ahlak pazarlad\u0131\u011f\u0131 bu kasabada ortal\u0131k c\u0131rc\u0131rb\u00f6ceklerine kalm\u0131\u015ft\u0131. Ece, jandarma karakolunun izbe nezarethanesinde yar\u0131 a\u00e7\u0131lm\u0131\u015f ufak pencereden periyodik olarak gelen seslere kilitlenmi\u015f, ba\u015f\u0131na gelenleri d\u00fc\u015f\u00fcn\u00fcyordu. C\u0131rc\u0131rb\u00f6ceklerinin sesi kafas\u0131n\u0131n i\u00e7ine i\u00e7ine vuruyordu. Cilas\u0131 yeni yap\u0131lm\u0131\u015f, \u00fczerinde \u2018\u0130\u00e7i\u015fleri Bakanl\u0131\u011f\u0131\u2019 yazan k\u0131rm\u0131z\u0131 beyaz boyal\u0131 bankta otururken, g\u00f6\u011fs\u00fcn\u00fcn darald\u0131\u011f\u0131n\u0131, nefesinin kesilir gibi oldu\u011funu hissetti.\u201d <\/p>\n","protected":false},"excerpt":{"rendered":"<p>Soner Sert\u2019in ikinci \u00f6yk\u00fc toplam\u0131: Bir Sa\u011f\u0131r Zango\u00e7. Araf, \u00d6l\u00fcm ve Ya\u015fam. Yazar, \u00fc\u00e7 ba\u015fl\u0131k alt\u0131nda toplad\u0131\u011f\u0131 \u00f6yk\u00fclerinde, ola\u011fan g\u00f6r\u00fcnen an par\u00e7alar\u0131n\u0131n nas\u0131l ola\u011fand\u0131\u015f\u0131 yollara sapabilece\u011fini,<span class=\"excerpt-hellip\"> [\u2026]<\/span><\/p>\n","protected":false},"featured_media":0,"template":"","meta":{"_monsterinsights_skip_tracking":false,"_monsterinsights_sitenote_active":false,"_monsterinsights_sitenote_note":"","_monsterinsights_sitenote_category":0},"product_brand":[],"product_cat":[12291,18202],"product_tag":[],"class_list":{"0":"post-752010","1":"product","2":"type-product","3":"status-publish","5":"product_cat-edebiyat","6":"product_cat-hikaye","7":"pa_cilt-ciltsiz","8":"pa_tur-kitap","9":"pa_yayinevi-ithaki-yayinlari","10":"pa_yazar-soner-sert","12":"first","13":"instock","14":"sale","15":"shipping-taxable","16":"purchasable","17":"product-type-simple"},"_links":{"self":[{"href":"https:\/\/roveyayinevi.com.tr\/index.php\/wp-json\/wp\/v2\/product\/752010","targetHints":{"allow":["GET"]}}],"collection":[{"href":"https:\/\/roveyayinevi.com.tr\/index.php\/wp-json\/wp\/v2\/product"}],"about":[{"href":"https:\/\/roveyayinevi.com.tr\/index.php\/wp-json\/wp\/v2\/types\/product"}],"wp:attachment":[{"href":"https:\/\/roveyayinevi.com.tr\/index.php\/wp-json\/wp\/v2\/media?parent=752010"}],"wp:term":[{"taxonomy":"product_brand","embeddable":true,"href":"https:\/\/roveyayinevi.com.tr\/index.php\/wp-json\/wp\/v2\/product_brand?post=752010"},{"taxonomy":"product_cat","embeddable":true,"href":"https:\/\/roveyayinevi.com.tr\/index.php\/wp-json\/wp\/v2\/product_cat?post=752010"},{"taxonomy":"product_tag","embeddable":true,"href":"https:\/\/roveyayinevi.com.tr\/index.php\/wp-json\/wp\/v2\/product_tag?post=752010"}],"curies":[{"name":"wp","href":"https:\/\/api.w.org\/{rel}","templated":true}]}}