{"id":752009,"date":"2025-08-28T05:04:12","date_gmt":"2025-08-28T02:04:12","guid":{"rendered":"https:\/\/roveyayinevi.com.tr\/index.php\/urun\/kurtbagri\/"},"modified":"2026-04-16T03:05:30","modified_gmt":"2026-04-16T00:05:30","slug":"kurtbagri","status":"publish","type":"product","link":"https:\/\/roveyayinevi.com.tr\/index.php\/urun\/kurtbagri\/","title":{"rendered":"Kurtba\u011fr\u0131"},"content":{"rendered":"<p>Efga ya da D\u00fcnya\u2019daki ad\u0131yla \u0130\u011fde, Divan taraf\u0131ndan D\u00fcnya\u2019ya g\u00f6nderilmi\u015f bir el\u00e7idir ve g\u00f6revi ke\u015fifte bulunmakt\u0131r. D\u00fcnyal\u0131 olup olmamak, kimli\u011fini gizleyip buradaki ya\u015fam\u0131na devam etmek ile kendi gezegenine d\u00f6nmek konusunda karars\u0131z oldu\u011fu gibi, sevgilisi Taner\u2019le de ili\u015fkisine ne \u015fekilde devam etmek istedi\u011finden emin de\u011fildir. D\u00fcnya\u2019y\u0131 ke\u015ffetmekle u\u011fra\u015f\u0131rken, kendini de ke\u015ffetmeye ba\u015flam\u0131\u015ft\u0131r. \u00c7evresindekilere g\u00f6re akl\u0131 pek de yerinde olmayan, yaln\u0131z ya\u015fayan, tuhaf ve ya\u015fl\u0131 bir kad\u0131n olan Hina Han\u0131m ise \u0130drak Lisan\u0131 ad\u0131 verilen zihinsel irtibat\u0131 kurabilen biridir ve \u0130\u011fde\u2019yle ayn\u0131 dili konu\u015fabilmesi, onu s\u0131radanl\u0131\u011f\u0131ndan s\u0131y\u0131r\u0131p D\u00fcnya\u2019n\u0131n kaderini de\u011fi\u015ftirebilecek denli \u00f6nemli birine d\u00f6n\u00fc\u015ft\u00fcrecektir.   Ba\u015far\u0131l\u0131 bir \u00e7evirmen olarak Y\u00fcz\u00fcklerin Efendisi\u2019nden Yerdeniz\u2019e kadar \u00f6nde gelen fantazi ve bilimkurgu eserlerini dilimize kazand\u0131ran ve ilk roman\u0131 U\u00e7an Mabet\u2019le bu kez bir yazar olarak okurlar\u0131n\u0131n kar\u015f\u0131s\u0131na \u00e7\u0131kan \u00c7i\u011fdem Erkal\u2019\u0131n ikinci roman\u0131 Kurtba\u011fr\u0131, 1970\u2019lerin sonunda \u0130zmir\u2019de ge\u00e7en, kimi zaman Ursula K. Le Guin\u2019e selam g\u00f6nderen, kimi zaman da nostaljik ve yerel motiflerin rol oynad\u0131\u011f\u0131, etkileyici bir bilimkurgu roman\u0131.   \u201cHayal ile ger\u00e7e\u011fi kar\u0131\u015ft\u0131rd\u0131\u011f\u0131 i\u00e7in ad\u0131 deliye \u00e7\u0131kmam\u0131\u015f m\u0131yd\u0131? \u00c7oktan b\u0131rakm\u0131\u015ft\u0131 insanlar\u0131n hakk\u0131nda s\u00f6ylediklerini dinlemeyi ama&#8230; Ama kendisi de ger\u00e7ek ile hayali kar\u0131\u015ft\u0131r\u0131p duruyordu art\u0131k. Kendi d\u00fcnyas\u0131nda, kendince ya\u015f\u0131yordu uzun zamand\u0131r. Bir yolunu bulmu\u015ftu hayatta kalman\u0131n. Fakat bu farkl\u0131 bir \u015feydi. \u00c7ok, hem de \u00e7ok uzun zamand\u0131r bu kadar yak\u0131ndan bir hitap duymam\u0131\u015ft\u0131.\u201d <\/p>\n","protected":false},"excerpt":{"rendered":"<p>Efga ya da D\u00fcnya\u2019daki ad\u0131yla \u0130\u011fde, Divan taraf\u0131ndan D\u00fcnya\u2019ya g\u00f6nderilmi\u015f bir el\u00e7idir ve g\u00f6revi ke\u015fifte bulunmakt\u0131r. D\u00fcnyal\u0131 olup olmamak, kimli\u011fini gizleyip buradaki ya\u015fam\u0131na devam etmek ile<span class=\"excerpt-hellip\"> [\u2026]<\/span><\/p>\n","protected":false},"featured_media":0,"template":"","meta":{"_monsterinsights_skip_tracking":false,"_monsterinsights_sitenote_active":false,"_monsterinsights_sitenote_note":"","_monsterinsights_sitenote_category":0},"product_brand":[],"product_cat":[12540,12291],"product_tag":[],"class_list":{"0":"post-752009","1":"product","2":"type-product","3":"status-publish","5":"product_cat-bilim-kurgu","6":"product_cat-edebiyat","7":"pa_cilt-ciltsiz","8":"pa_tur-kitap","9":"pa_yayinevi-ithaki-yayinlari","10":"pa_yazar-cigdem-erkal","12":"first","13":"instock","14":"sale","15":"shipping-taxable","16":"purchasable","17":"product-type-simple"},"_links":{"self":[{"href":"https:\/\/roveyayinevi.com.tr\/index.php\/wp-json\/wp\/v2\/product\/752009","targetHints":{"allow":["GET"]}}],"collection":[{"href":"https:\/\/roveyayinevi.com.tr\/index.php\/wp-json\/wp\/v2\/product"}],"about":[{"href":"https:\/\/roveyayinevi.com.tr\/index.php\/wp-json\/wp\/v2\/types\/product"}],"wp:attachment":[{"href":"https:\/\/roveyayinevi.com.tr\/index.php\/wp-json\/wp\/v2\/media?parent=752009"}],"wp:term":[{"taxonomy":"product_brand","embeddable":true,"href":"https:\/\/roveyayinevi.com.tr\/index.php\/wp-json\/wp\/v2\/product_brand?post=752009"},{"taxonomy":"product_cat","embeddable":true,"href":"https:\/\/roveyayinevi.com.tr\/index.php\/wp-json\/wp\/v2\/product_cat?post=752009"},{"taxonomy":"product_tag","embeddable":true,"href":"https:\/\/roveyayinevi.com.tr\/index.php\/wp-json\/wp\/v2\/product_tag?post=752009"}],"curies":[{"name":"wp","href":"https:\/\/api.w.org\/{rel}","templated":true}]}}