{"id":752008,"date":"2025-08-28T05:04:10","date_gmt":"2025-08-28T02:04:10","guid":{"rendered":"https:\/\/roveyayinevi.com.tr\/index.php\/urun\/gok-mavisi-denizdeki-ev\/"},"modified":"2026-04-16T03:05:30","modified_gmt":"2026-04-16T00:05:30","slug":"gok-mavisi-denizdeki-ev","status":"publish","type":"product","link":"https:\/\/roveyayinevi.com.tr\/index.php\/urun\/gok-mavisi-denizdeki-ev\/","title":{"rendered":"G\u00f6k Mavisi Denizdeki Ev"},"content":{"rendered":"<p>\u201cEn korkusuzumuz bile bazen korkabilir, korkunun bildi\u011fimiz tek \u015fey olmas\u0131na izin vermedi\u011fimiz s\u00fcrece her \u015fey yolunda.\u201d   K\u0131rk ya\u015f\u0131ndaki Linus Baker sakin, tekd\u00fcze bir ya\u015fam s\u00fcrmektedir: B\u00fcy\u00fcl\u00fc Gen\u00e7lerden Sorumlu \u0130dari Birim\u2019de sosyal hizmet g\u00f6revlisi olarak \u00e7al\u0131\u015fmaktad\u0131r ve g\u00f6revi gere\u011fi s\u0131kl\u0131kla yetimhaneleri ziyaret edip bu yerlerdeki al\u0131\u015f\u0131lm\u0131\u015f\u0131n d\u0131\u015f\u0131nda yeteneklere sahip \u00e7ocuklar\u0131 denetlemektedir. G\u00fcn\u00fcn birinde A\u015f\u0131r\u0131 \u00dcst Y\u00f6netim\u2019den ald\u0131\u011f\u0131 gizli bir g\u00f6revle hayat\u0131n\u0131n de\u011fi\u015fece\u011findense haberi bile yoktur.    Linus gizli g\u00f6revi do\u011frultusunda g\u00f6z kama\u015ft\u0131ran masmavi okyanusun ortas\u0131ndaki Marsyas Adas\u0131\u2019na geldi\u011finde bug\u00fcne kadar e\u015fi benzerini g\u00f6rmedi\u011fi tuhaf \u015feylerle kar\u015f\u0131la\u015facakt\u0131r: Yetimhanenin sakinleri bir gnome, bir peri, bir wyvern, tan\u0131mlanamayan ye\u015fil bir topak, bir Pomerian-insan ve Deccal\u2019in ta kendisidir.    \u00dcstelik adan\u0131n saklad\u0131\u011f\u0131 tek s\u0131r bu ola\u011fan\u00fcst\u00fc \u00e7ocuklar de\u011fildir. Yetimhane m\u00fcd\u00fcr\u00fc karizmatik ve cana yak\u0131n Arthur Parnassus\u2019un da s\u0131radan bir adam olmad\u0131\u011f\u0131 yava\u015f yava\u015f a\u00e7\u0131\u011fa \u00e7\u0131kacakt\u0131r. Arthur ile Linus birbirleriyle yak\u0131nla\u015ft\u0131k\u00e7a Linus zor bir karar vermek zorunda kalacakt\u0131r: Ya bir yuvay\u0131 y\u0131kmal\u0131 ya da d\u00fcnyan\u0131n yan\u0131\u015f\u0131n\u0131 izlemelidir.   K\u00e2h g\u00fcld\u00fcren k\u00e2h duyguland\u0131ran anlat\u0131m\u0131yla G\u00f6k Mavisi Denizdeki Ev, hi\u00e7 beklemedi\u011fi yerde ilgin\u00e7 bir aile bulan bir adam\u0131n i\u00e7 \u0131s\u0131tan \u00f6yk\u00fcs\u00fcn\u00fc ele al\u0131yor ve okuru fark ettirmeden reng\u00e2renk d\u00fcnyas\u0131n\u0131n i\u00e7ine \u00e7ekiveriyor.   \u201cC\u0131v\u0131l c\u0131v\u0131l ve e\u011flenceli bir modern fantazi eseri.\u201d \u2013Kirkus <\/p>\n","protected":false},"excerpt":{"rendered":"<p>\u201cEn korkusuzumuz bile bazen korkabilir, korkunun bildi\u011fimiz tek \u015fey olmas\u0131na izin vermedi\u011fimiz s\u00fcrece her \u015fey yolunda.\u201d K\u0131rk ya\u015f\u0131ndaki Linus Baker sakin, tekd\u00fcze bir ya\u015fam s\u00fcrmektedir: B\u00fcy\u00fcl\u00fc<span class=\"excerpt-hellip\"> [\u2026]<\/span><\/p>\n","protected":false},"featured_media":0,"template":"","meta":{"_monsterinsights_skip_tracking":false,"_monsterinsights_sitenote_active":false,"_monsterinsights_sitenote_note":"","_monsterinsights_sitenote_category":0},"product_brand":[],"product_cat":[12291,14777],"product_tag":[],"class_list":{"0":"post-752008","1":"product","2":"type-product","3":"status-publish","5":"product_cat-edebiyat","6":"product_cat-fantastik","7":"pa_cilt-ciltsiz","8":"pa_tur-kitap","9":"pa_yayinevi-ithaki-yayinlari","10":"pa_yazar-t-j-klune","12":"first","13":"instock","14":"sale","15":"shipping-taxable","16":"purchasable","17":"product-type-simple"},"_links":{"self":[{"href":"https:\/\/roveyayinevi.com.tr\/index.php\/wp-json\/wp\/v2\/product\/752008","targetHints":{"allow":["GET"]}}],"collection":[{"href":"https:\/\/roveyayinevi.com.tr\/index.php\/wp-json\/wp\/v2\/product"}],"about":[{"href":"https:\/\/roveyayinevi.com.tr\/index.php\/wp-json\/wp\/v2\/types\/product"}],"wp:attachment":[{"href":"https:\/\/roveyayinevi.com.tr\/index.php\/wp-json\/wp\/v2\/media?parent=752008"}],"wp:term":[{"taxonomy":"product_brand","embeddable":true,"href":"https:\/\/roveyayinevi.com.tr\/index.php\/wp-json\/wp\/v2\/product_brand?post=752008"},{"taxonomy":"product_cat","embeddable":true,"href":"https:\/\/roveyayinevi.com.tr\/index.php\/wp-json\/wp\/v2\/product_cat?post=752008"},{"taxonomy":"product_tag","embeddable":true,"href":"https:\/\/roveyayinevi.com.tr\/index.php\/wp-json\/wp\/v2\/product_tag?post=752008"}],"curies":[{"name":"wp","href":"https:\/\/api.w.org\/{rel}","templated":true}]}}