{"id":752005,"date":"2025-08-28T05:04:06","date_gmt":"2025-08-28T02:04:06","guid":{"rendered":"https:\/\/roveyayinevi.com.tr\/index.php\/urun\/mezarlik-cocuklari\/"},"modified":"2026-04-16T03:05:30","modified_gmt":"2026-04-16T00:05:30","slug":"mezarlik-cocuklari","status":"publish","type":"product","link":"https:\/\/roveyayinevi.com.tr\/index.php\/urun\/mezarlik-cocuklari\/","title":{"rendered":"Mezarl\u0131k \u00c7ocuklar\u0131"},"content":{"rendered":"<p>B\u0130R RUH \u00c7A\u011eIRDIM VE ONDAN KURTULAMIYORUM.   Geleneklerine s\u0131k\u0131 s\u0131k\u0131ya ba\u011fl\u0131 bir cad\u0131 ailesinden gelen Yadriel, herkese kendini kabul ettirip g\u00fc\u00e7lerine kavu\u015fmak i\u00e7in yan\u0131p tutu\u015fuyordu. Kimsenin yan\u0131nda olmayaca\u011f\u0131n\u0131 fark edince, en yak\u0131n arkada\u015f\u0131n\u0131n yard\u0131m\u0131yla cad\u0131l\u0131\u011fa ge\u00e7i\u015f t\u00f6renini tek ba\u015f\u0131na tamamlamaya karar verdi.   Bu esnada kuzeni \u00f6ld\u00fcr\u00fclm\u00fc\u015f ve ruhu ortadan kaybolmu\u015ftu. Kuzeninin ruhunu bulup serbest b\u0131rakmak, k\u00f6kl\u00fc kurallar \u00fczerine in\u015fa edilmi\u015f topluluklar\u0131nda yerini almak i\u00e7in \u00f6nemli bir f\u0131rsatt\u0131.   Ancak \u00e7a\u011f\u0131rd\u0131\u011f\u0131 ruh kuzeni de\u011fil, okulun asi \u00e7ocu\u011fu Julian Diaz\u2019d\u0131 ve \u00f6b\u00fcr tarafa \u00f6yle hemen gitmeye niyeti yoktu. B\u00f6ylece bir anla\u015fma yapt\u0131lar: Yadriel, Julian\u2019\u0131n ba\u015f\u0131na ne geldi\u011fini \u00f6\u011frenecek ve Julian da zaman\u0131 geldi\u011finde Yadriel\u2019in onu g\u00f6ndermesine m\u00fcsaade edecekti. Ama zamanlar\u0131 gitgide azal\u0131rken kalplerindeki ger\u00e7ekle y\u00fczle\u015fmek zorunda kalacaklard\u0131.   \u00b7          2020 Bram Stoker \u00d6d\u00fcl\u00fc En \u0130yi Gen\u00e7 Yeti\u015fkin Roman\u0131 Aday\u0131 \u00b7          2020 Goodreads Okur \u00d6d\u00fclleri En \u0130yi Fantastik &amp; Bilimkurgu Gen\u00e7 Yeti\u015fkin ve En \u0130yi \u00c7\u0131k\u0131\u015f Roman\u0131 Aday\u0131 \u00b7          2020 Amerikan Ulusal Kitap \u00d6d\u00fcl\u00fc Gen\u00e7lik Edebiyat\u0131 Aday\u0131 \u00b7          2021 Locus \u00d6d\u00fcl\u00fc En \u0130yi \u00c7\u0131k\u0131\u015f Roman\u0131 Aday\u0131 \u00b7          2021 Lodestar \u00d6d\u00fcl\u00fc Aday\u0131 \u00b7          2021 YALSA En \u0130yi Gen\u00e7 Yeti\u015fkin Roman\u0131 \u0130lk On \u00b7          2022 Rhode Island Gen\u00e7lik Kitaplar\u0131 \u00d6d\u00fcl\u00fc Aday\u0131 \u00b7          2023 Deutscher Jugendliteraturpreis En \u0130yi Gen\u00e7 Yeti\u015fkin Roman\u0131 Aday\u0131 \u00b7          2023 Lincoln \u00d6d\u00fcl\u00fc Aday\u0131   \u201cNefes kesen paranormal bir macera.\u201d \u2014Isabel Sterling   \u201cKitab\u0131n sonunda resmen h\u00fcng\u00fcr h\u00fcng\u00fcr a\u011flad\u0131m ama kesinlikle \u00fcz\u00fcnt\u00fcden de\u011fil. Mezarl\u0131k \u00c7ocuklar\u0131\u2019n\u0131 herkes mutlaka okumal\u0131.\u201d \u2014Mark Oshiro   \u201cAiden Thomas\u2019\u0131n ilk kitab\u0131 her ya\u015ftan okuru b\u00fcy\u00fcleyecek. Karakterlerin her birini daha da sevilesi k\u0131lan laf dala\u015flar\u0131na bay\u0131lacaks\u0131n\u0131z.\u201d \u2014Booklist, starred review   \u201cThomas, paranormal romans t\u00fcr\u00fcn\u00fc yenilik\u00e7i bir yakla\u015f\u0131mla, olduk\u00e7a detayl\u0131 bir Latinx k\u00fclt\u00fcr\u00fcyle harmanl\u0131yor. Ayn\u0131 zamanda k\u00fclt\u00fcr ya\u011fmac\u0131l\u0131\u011f\u0131, s\u0131n\u0131r d\u0131\u015f\u0131 edilme ve s\u0131n\u0131f konular\u0131na da de\u011finmeden ge\u00e7miyor.\u201d \u2014New York Times   \u201cBu kitap b\u00fcy\u00fcleyici, nazik, sevgi dolu ve \u00e7ok ama \u00e7ok \u00f6nemli. Mezarl\u0131k \u00c7ocuklar\u0131\u2019\u0131 kalbimi \u00e7ald\u0131.\u201d \u2014Mason Deaver   \u201cMezarl\u0131k \u00c7ocuklar\u0131 canl\u0131, enerjik Latinx k\u00fclt\u00fcr\u00fcyle kabul g\u00f6rme, s\u0131n\u0131r d\u0131\u015f\u0131 edilme, s\u00f6m\u00fcrgecilik ve yetkili kurumlar i\u00e7indeki \u0131rk\u00e7\u0131l\u0131k gibi a\u011f\u0131r konular\u0131 m\u00fckemmel bir \u015fekilde dengeliyor.\u201d \u2014TeenVogue.com    \u201cThomas, dokunakl\u0131 oldu\u011fu kadar muhte\u015fem de olan bu romantik kitapta harikalar yaratm\u0131\u015f.\u201d \u2014Publishers Weekly, starred review   \u201c\u0130ki karakter aras\u0131ndaki a\u015fk keyifli ve \u00e7\u0131\u011f\u0131r a\u00e7an bir temsil sa\u011fl\u0131yor.\u201d \u2014Kirkus   \u201cMezarl\u0131k \u00c7ocuklar\u0131\u2019n\u0131n hayranl\u0131k uyand\u0131ran bir sanat eserinden eksik kal\u0131r yan\u0131 yok. Aiden Thomas, kabul g\u00f6rme ve kendin olma hedefiyle \u00e7\u0131k\u0131lan bu i\u00e7 \u0131s\u0131tan yolculukta aile, arkada\u015fl\u0131k ve a\u015fk konular\u0131n\u0131 ustaca birbirine ba\u011fl\u0131yor.\u201d \u2014C.B. Lee   \u201cS\u0131n\u0131rl\u0131 kald\u0131\u011f\u0131 sayfalardan \u00e7ok daha b\u00fcy\u00fck bir hik\u00e2ye. Mezarl\u0131k \u00c7ocuklar\u0131 hepimizin bunca zamand\u0131r bekledi\u011fi macera.\u201d \u2014Kayla Ancrum   \u201cMezarl\u0131k \u00c7ocuklar\u0131, okumay\u0131 bitirir bitirmez bu zevki payla\u015fabilsinler diye t\u00fcm arkada\u015flar\u0131n\u0131z\u0131 okumaya zorlayaca\u011f\u0131n\u0131z t\u00fcrden bir kitap.\u201d \u2014Buzzfeed   \u201cKalbinizin tam \u015fu anda ihtiyac\u0131 olan \u015fey.\u201d \u2014TOR.com   \u201cThomas, Yadriel\u2019in ya\u015fad\u0131\u011f\u0131 zorluklar\u0131 b\u00fcy\u00fck bir hassasiyetle ele al\u0131yor \u2013 g\u00f6\u011f\u00fcs korsesini takmaman\u0131n getirdi\u011fi \u00f6zg\u00fcvensizlik, aile \u00fcyelerinin \u00f6l\u00fc ismini kullanmas\u0131, ona yanl\u0131\u015f cinsiyet zamiriyle seslenen insanlar\u0131 s\u00fcrekli affetmesi\u2026 Bu gibi baz\u0131 a\u011f\u0131r konulara ra\u011fmen, Mezarl\u0131k \u00c7ocuklar\u0131 romantizme d\u00f6n\u00fc\u015fen keyifli bir hayalet hik\u00e2yesi.\u201d \u2014BCCB   \u201cBa\u011f kurman\u0131n kolay oldu\u011fu karakterler \u00f6l\u00fcm, kay\u0131p, terk edilme ve reddedilme gibi temalar\u0131 i\u015fleyen bu \u00e7\u0131k\u0131\u015f roman\u0131na mizah ve ne\u015fe ekliyor.\u201d \u2014Horn Book <\/p>\n","protected":false},"excerpt":{"rendered":"<p>B\u0130R RUH \u00c7A\u011eIRDIM VE ONDAN KURTULAMIYORUM. Geleneklerine s\u0131k\u0131 s\u0131k\u0131ya ba\u011fl\u0131 bir cad\u0131 ailesinden gelen Yadriel, herkese kendini kabul ettirip g\u00fc\u00e7lerine kavu\u015fmak i\u00e7in yan\u0131p tutu\u015fuyordu. Kimsenin yan\u0131nda<span class=\"excerpt-hellip\"> [\u2026]<\/span><\/p>\n","protected":false},"featured_media":0,"template":"","meta":{"_monsterinsights_skip_tracking":false,"_monsterinsights_sitenote_active":false,"_monsterinsights_sitenote_note":"","_monsterinsights_sitenote_category":0},"product_brand":[],"product_cat":[12291,14777],"product_tag":[],"class_list":{"0":"post-752005","1":"product","2":"type-product","3":"status-publish","5":"product_cat-edebiyat","6":"product_cat-fantastik","7":"pa_cilt-ciltsiz","8":"pa_tur-kitap","9":"pa_yayinevi-yabanci-yayinevi","10":"pa_yazar-aiden-thomas","12":"first","13":"instock","14":"sale","15":"shipping-taxable","16":"purchasable","17":"product-type-simple"},"_links":{"self":[{"href":"https:\/\/roveyayinevi.com.tr\/index.php\/wp-json\/wp\/v2\/product\/752005","targetHints":{"allow":["GET"]}}],"collection":[{"href":"https:\/\/roveyayinevi.com.tr\/index.php\/wp-json\/wp\/v2\/product"}],"about":[{"href":"https:\/\/roveyayinevi.com.tr\/index.php\/wp-json\/wp\/v2\/types\/product"}],"wp:attachment":[{"href":"https:\/\/roveyayinevi.com.tr\/index.php\/wp-json\/wp\/v2\/media?parent=752005"}],"wp:term":[{"taxonomy":"product_brand","embeddable":true,"href":"https:\/\/roveyayinevi.com.tr\/index.php\/wp-json\/wp\/v2\/product_brand?post=752005"},{"taxonomy":"product_cat","embeddable":true,"href":"https:\/\/roveyayinevi.com.tr\/index.php\/wp-json\/wp\/v2\/product_cat?post=752005"},{"taxonomy":"product_tag","embeddable":true,"href":"https:\/\/roveyayinevi.com.tr\/index.php\/wp-json\/wp\/v2\/product_tag?post=752005"}],"curies":[{"name":"wp","href":"https:\/\/api.w.org\/{rel}","templated":true}]}}