{"id":752004,"date":"2025-08-28T05:04:05","date_gmt":"2025-08-28T02:04:05","guid":{"rendered":"https:\/\/roveyayinevi.com.tr\/index.php\/urun\/canavar-avcisi-evangeline\/"},"modified":"2026-04-12T03:09:00","modified_gmt":"2026-04-12T00:09:00","slug":"canavar-avcisi-evangeline","status":"publish","type":"product","link":"https:\/\/roveyayinevi.com.tr\/index.php\/urun\/canavar-avcisi-evangeline\/","title":{"rendered":"Canavar Avc\u0131s\u0131 Evangeline"},"content":{"rendered":"<p>Canavar avc\u0131lar\u0131n\u0131n soyundan gelen 12 ya\u015f\u0131ndaki Evangeline Clement, g\u00fcnlerini b\u00fcy\u00fc y\u00f6ntemlerini inceleyerek, canavar avlama becerilerini geli\u015ftirerek ve bir yandan da \u00e7evredeki \u00f6l\u00fcm perileriyle hortlaklar\u0131n pe\u015fine d\u00fc\u015ferek ge\u00e7iriyordu. Vakti gelip de ona yolda\u015fl\u0131k edecek hayvan ortaya \u00e7\u0131kt\u0131ktan sonra geriye yaln\u0131zca konseye y\u00fcrekli oldu\u011funu kan\u0131tlamak kalacakt\u0131. Ard\u0131ndan Evangeline, ailesindeki cesur kad\u0131nlar\u0131n izinden gitmeye lay\u0131k, ger\u00e7ek bir canavar avc\u0131s\u0131 ilan edilecekti.   Bu bekleyi\u015f s\u00fcrerken bir g\u00fcn Evangeline b\u00fcy\u00fckannesiyle birlikte tuhaf bir vakay\u0131 \u00e7\u00f6zmek i\u00e7in New Orleans\u2019a \u00e7a\u011f\u0131r\u0131ld\u0131. \u00dcstelik orada onu, g\u00fcm\u00fc\u015f u\u00e7lu botlar\u0131n\u0131n tabanlar\u0131na kadar sarsacak bir s\u0131r bekliyordu.   Canavar Avc\u0131s\u0131 Evangeline, kasvetli bir batakl\u0131k kasabas\u0131nda ba\u015flay\u0131p b\u00fcy\u00fck bir \u015fehrin canl\u0131 sokaklar\u0131nda devam eden, sadakat ve kararl\u0131l\u0131\u011fa, dostluk ve aile ba\u011flar\u0131na ve ne kadar \u00fcrk\u00fct\u00fcc\u00fc olursa olsun i\u00e7g\u00fcd\u00fclerimize g\u00fcvenme cesaretini g\u00f6sterebilmeye dair benzersiz bir hik\u00e2ye&#8230; <\/p>\n","protected":false},"excerpt":{"rendered":"<p>Canavar avc\u0131lar\u0131n\u0131n soyundan gelen 12 ya\u015f\u0131ndaki Evangeline Clement, g\u00fcnlerini b\u00fcy\u00fc y\u00f6ntemlerini inceleyerek, canavar avlama becerilerini geli\u015ftirerek ve bir yandan da \u00e7evredeki \u00f6l\u00fcm perileriyle hortlaklar\u0131n pe\u015fine d\u00fc\u015ferek<span class=\"excerpt-hellip\"> [\u2026]<\/span><\/p>\n","protected":false},"featured_media":0,"template":"","meta":{"_monsterinsights_skip_tracking":false,"_monsterinsights_sitenote_active":false,"_monsterinsights_sitenote_note":"","_monsterinsights_sitenote_category":0},"product_brand":[],"product_cat":[12274,12284],"product_tag":[],"class_list":{"0":"post-752004","1":"product","2":"type-product","3":"status-publish","5":"product_cat-cocuk-ve-genclik-kitaplari","6":"product_cat-hikayeler","7":"pa_cilt-ciltsiz","8":"pa_tur-kitap","9":"pa_yayinevi-ithaki-yayinlari","10":"pa_yazar-jan-eldredge","12":"first","13":"instock","14":"sale","15":"shipping-taxable","16":"purchasable","17":"product-type-simple"},"_links":{"self":[{"href":"https:\/\/roveyayinevi.com.tr\/index.php\/wp-json\/wp\/v2\/product\/752004","targetHints":{"allow":["GET"]}}],"collection":[{"href":"https:\/\/roveyayinevi.com.tr\/index.php\/wp-json\/wp\/v2\/product"}],"about":[{"href":"https:\/\/roveyayinevi.com.tr\/index.php\/wp-json\/wp\/v2\/types\/product"}],"wp:attachment":[{"href":"https:\/\/roveyayinevi.com.tr\/index.php\/wp-json\/wp\/v2\/media?parent=752004"}],"wp:term":[{"taxonomy":"product_brand","embeddable":true,"href":"https:\/\/roveyayinevi.com.tr\/index.php\/wp-json\/wp\/v2\/product_brand?post=752004"},{"taxonomy":"product_cat","embeddable":true,"href":"https:\/\/roveyayinevi.com.tr\/index.php\/wp-json\/wp\/v2\/product_cat?post=752004"},{"taxonomy":"product_tag","embeddable":true,"href":"https:\/\/roveyayinevi.com.tr\/index.php\/wp-json\/wp\/v2\/product_tag?post=752004"}],"curies":[{"name":"wp","href":"https:\/\/api.w.org\/{rel}","templated":true}]}}