{"id":752002,"date":"2025-08-28T05:04:02","date_gmt":"2025-08-28T02:04:02","guid":{"rendered":"https:\/\/roveyayinevi.com.tr\/index.php\/urun\/tarih-ve-toplum-sayi-21-yeni-yaklasimlar\/"},"modified":"2026-04-16T03:05:30","modified_gmt":"2026-04-16T00:05:30","slug":"tarih-ve-toplum-sayi-21-yeni-yaklasimlar","status":"publish","type":"product","link":"https:\/\/roveyayinevi.com.tr\/index.php\/urun\/tarih-ve-toplum-sayi-21-yeni-yaklasimlar\/","title":{"rendered":"Tarih ve Toplum (Say\u0131 21) Yeni Yakla\u015f\u0131mlar"},"content":{"rendered":"<p>5 Sunu\u015f Y. DO\u011eAN \u00c7ET\u0130NKAYA 9 Fransa B\u00fcy\u00fckel\u00e7isi Achille de Harlay de Sancy\u2019ni kaleminden bir Osmanl\u0131 sadrazam\u0131n\u0131n hayat\u0131: Relation de la vie &amp; de la mort de Nassouf Pasha EM\u0130RHAN \u00d6Z\u00c7EL\u0130K 98 Babalar ve o\u011fullar: 19. y\u00fczy\u0131l\u0131n d\u00f6n\u00fcm\u00fcnde Rus yurtseverli\u011fi STAN\u0130SLAV TARASOV 143 1910 M\u00fcnih \u0130sl\u00e2m Sanat\u0131 Sergisi\u2019nde \u201cT\u00fcrk sava\u015flar\u0131\u201d temas\u0131 \u2018 Osmanl\u0131 imgesi ve \u201cLepanto Deniz Sava\u015f\u0131\u201d tablosu FUNDA BERKSOY 175 Duyguda\u015fl\u0131ktan unutmaya giden yolun d\u00f6neme\u00e7leri: Halide Edib, \u2018Ayn-Tura, Osmanl\u0131 Ermenileri ve Wilson \u0130lkeleri BAK\u0130 TEZCAN 195 \u0130tibar-\u0131 Milli Bankas\u0131 ve \u0130\u015f Bankas\u0131 birle\u015fmesi (1927) Bir banka birle\u015fmesi \u00fczerinden M\u00fcsl\u00fcman\/T\u00fcrk burjuvazisi \u00fczerine tarihyaz\u0131m\u0131n\u0131 d\u00fc\u015f\u00fcnmek Y. DO\u011eAN \u00c7ET\u0130NKAYA 221 T\u00fcrkiye\u2019de burjuvazinin geli\u015fiminde t\u00fcccarlar: M\u00fcsl\u00fcman-T\u00fcrk aileler ve ticaret a\u011flar\u0131 NESL\u0130\u015eAH L. BA\u015eARAN LOTZ 247 Nemlizadeler: Erken Cumhuriyet d\u00f6nem ekonomi politi\u011finde milli t\u00fcccar\u0131 aramak YA\u015eAR TOLGA CORA TARTI\u015eMA \/ ELE\u015eT\u0130R\u0130 271 Kapitalizmin tarihyaz\u0131m\u0131nda T\u00fcrkiye\u2019de Milli \u0130ktisat EZG\u0130 AKYOL BELGE \/ BA\u011eLAM 295 Cumhuriyet d\u00f6nemi akademik tarih\u00e7ili\u011fine d\u0131\u015far\u0131dan bakmak: Harvard \u00dcniversitesi ar\u015fivinde T\u00fcrkiye tarihi \u00fczerine bir okuma listesi ERDEM S\u00d6NMEZ 329 \u00d6zetler 335 Abstracts<\/p>\n","protected":false},"excerpt":{"rendered":"<p>5 Sunu\u015f Y. DO\u011eAN \u00c7ET\u0130NKAYA 9 Fransa B\u00fcy\u00fckel\u00e7isi Achille de Harlay de Sancy\u2019ni kaleminden bir Osmanl\u0131 sadrazam\u0131n\u0131n hayat\u0131: Relation de la vie &amp; de la mort<span class=\"excerpt-hellip\"> [\u2026]<\/span><\/p>\n","protected":false},"featured_media":0,"template":"","meta":{"_monsterinsights_skip_tracking":false,"_monsterinsights_sitenote_active":false,"_monsterinsights_sitenote_note":"","_monsterinsights_sitenote_category":0},"product_brand":[],"product_cat":[13527],"product_tag":[],"class_list":{"0":"post-752002","1":"product","2":"type-product","3":"status-publish","5":"product_cat-sureli-yayinlar","6":"pa_cilt-ciltsiz","7":"pa_tur-dergi","8":"pa_yayinevi-iletisim-yayinlari","9":"pa_yazar-kolektif","11":"first","12":"instock","13":"sale","14":"shipping-taxable","15":"purchasable","16":"product-type-simple"},"_links":{"self":[{"href":"https:\/\/roveyayinevi.com.tr\/index.php\/wp-json\/wp\/v2\/product\/752002","targetHints":{"allow":["GET"]}}],"collection":[{"href":"https:\/\/roveyayinevi.com.tr\/index.php\/wp-json\/wp\/v2\/product"}],"about":[{"href":"https:\/\/roveyayinevi.com.tr\/index.php\/wp-json\/wp\/v2\/types\/product"}],"wp:attachment":[{"href":"https:\/\/roveyayinevi.com.tr\/index.php\/wp-json\/wp\/v2\/media?parent=752002"}],"wp:term":[{"taxonomy":"product_brand","embeddable":true,"href":"https:\/\/roveyayinevi.com.tr\/index.php\/wp-json\/wp\/v2\/product_brand?post=752002"},{"taxonomy":"product_cat","embeddable":true,"href":"https:\/\/roveyayinevi.com.tr\/index.php\/wp-json\/wp\/v2\/product_cat?post=752002"},{"taxonomy":"product_tag","embeddable":true,"href":"https:\/\/roveyayinevi.com.tr\/index.php\/wp-json\/wp\/v2\/product_tag?post=752002"}],"curies":[{"name":"wp","href":"https:\/\/api.w.org\/{rel}","templated":true}]}}