{"id":752001,"date":"2025-08-28T05:04:01","date_gmt":"2025-08-28T02:04:01","guid":{"rendered":"https:\/\/roveyayinevi.com.tr\/index.php\/urun\/layla\/"},"modified":"2026-04-16T03:05:30","modified_gmt":"2026-04-16T00:05:30","slug":"layla","status":"publish","type":"product","link":"https:\/\/roveyayinevi.com.tr\/index.php\/urun\/layla\/","title":{"rendered":"Layla"},"content":{"rendered":"<p>Layla, trajedilerle kesintiye u\u011frayan bir hayat\u0131n ve yok olmaya y\u00fcz tutmu\u015f bir a\u015fk\u0131n unutulmaz bir paranormal hik\u00e2yeye d\u00f6n\u00fc\u015ft\u00fc\u011f\u00fc \u015fa\u015f\u0131rt\u0131c\u0131 bir roman. Leeds, Layla ile tan\u0131\u015ft\u0131\u011f\u0131nda b\u00fct\u00fcn hayat\u0131n\u0131 onunla ge\u00e7irmek istedi\u011fini anlam\u0131\u015ft\u0131r ancak beklenmedik bir sald\u0131r\u0131 Layla&#8217;n\u0131n hayati bir tehlikeyle kar\u015f\u0131 kar\u015f\u0131ya kalmas\u0131na neden olur. Haftalarca hastanede kalan Layla, fiziksel olarak iyile\u015fse de ald\u0131\u011f\u0131 duygusal ve zihinsel hasarlardan sonra art\u0131k Leeds&#8217;in \u00e2\u015f\u0131k oldu\u011fu kad\u0131n de\u011fildir. Leeds, ili\u015fkilerinin d\u00fczelmesi umuduyla Layla&#8217;y\u0131 tan\u0131\u015ft\u0131klar\u0131 otele g\u00f6t\u00fcr\u00fcr. Ancak oraya vard\u0131klar\u0131nda, Layla&#8217;n\u0131n davran\u0131\u015flar\u0131 daha da tuhaf bir h\u00e2l al\u0131r. Bu durum, akla hayale gelmeyecek bir\u00e7ok esrarengiz olay\u0131n ba\u015flang\u0131c\u0131 olacakt\u0131r. Colleen Hoover, paranormal olaylarla \u00f6rd\u00fc\u011f\u00fc bu roman\u0131yla hayal g\u00fcc\u00fcm\u00fcz\u00fc \u00e2deta yeni bir boyuta ta\u015f\u0131yor.   \u201cGizem, psikolojik gerilim ve \u00e7a\u011fda\u015f romantizm unsurlar\u0131yla bezenmi\u015f bu roman, ger\u00e7ek a\u015fk\u0131n ne kadar h\u0131zl\u0131 geli\u015febilece\u011fine dair sorulara yan\u0131t ararken en g\u00fc\u00e7l\u00fc ba\u011flar\u0131 bile tehlikeye atabilecek \u00e7at\u0131\u015fmalar\u0131 da g\u00f6zler \u00f6n\u00fcne seriyor&#8230; H\u0131zl\u0131, tempolu ve ilgi \u00e7ekici&#8230; Benzersiz bir a\u015fk hik\u00e2yesi.\u201dKirkus Reviews<\/p>\n","protected":false},"excerpt":{"rendered":"<p>Layla, trajedilerle kesintiye u\u011frayan bir hayat\u0131n ve yok olmaya y\u00fcz tutmu\u015f bir a\u015fk\u0131n unutulmaz bir paranormal hik\u00e2yeye d\u00f6n\u00fc\u015ft\u00fc\u011f\u00fc \u015fa\u015f\u0131rt\u0131c\u0131 bir roman. Leeds, Layla ile tan\u0131\u015ft\u0131\u011f\u0131nda b\u00fct\u00fcn<span class=\"excerpt-hellip\"> [\u2026]<\/span><\/p>\n","protected":false},"featured_media":0,"template":"","meta":{"_monsterinsights_skip_tracking":false,"_monsterinsights_sitenote_active":false,"_monsterinsights_sitenote_note":"","_monsterinsights_sitenote_category":0},"product_brand":[],"product_cat":[12291,12711],"product_tag":[],"class_list":{"0":"post-752001","1":"product","2":"type-product","3":"status-publish","5":"product_cat-edebiyat","6":"product_cat-roman-oyku","7":"pa_cilt-ciltsiz","8":"pa_tur-kitap","9":"pa_yayinevi-epsilon-yayinlari","10":"pa_yazar-colleen-hoover","12":"first","13":"instock","14":"sale","15":"shipping-taxable","16":"purchasable","17":"product-type-simple"},"_links":{"self":[{"href":"https:\/\/roveyayinevi.com.tr\/index.php\/wp-json\/wp\/v2\/product\/752001","targetHints":{"allow":["GET"]}}],"collection":[{"href":"https:\/\/roveyayinevi.com.tr\/index.php\/wp-json\/wp\/v2\/product"}],"about":[{"href":"https:\/\/roveyayinevi.com.tr\/index.php\/wp-json\/wp\/v2\/types\/product"}],"wp:attachment":[{"href":"https:\/\/roveyayinevi.com.tr\/index.php\/wp-json\/wp\/v2\/media?parent=752001"}],"wp:term":[{"taxonomy":"product_brand","embeddable":true,"href":"https:\/\/roveyayinevi.com.tr\/index.php\/wp-json\/wp\/v2\/product_brand?post=752001"},{"taxonomy":"product_cat","embeddable":true,"href":"https:\/\/roveyayinevi.com.tr\/index.php\/wp-json\/wp\/v2\/product_cat?post=752001"},{"taxonomy":"product_tag","embeddable":true,"href":"https:\/\/roveyayinevi.com.tr\/index.php\/wp-json\/wp\/v2\/product_tag?post=752001"}],"curies":[{"name":"wp","href":"https:\/\/api.w.org\/{rel}","templated":true}]}}