{"id":752000,"date":"2025-08-28T05:03:59","date_gmt":"2025-08-28T02:03:59","guid":{"rendered":"https:\/\/roveyayinevi.com.tr\/index.php\/urun\/kinyas-ve-kayra-ciltli\/"},"modified":"2026-04-16T03:05:30","modified_gmt":"2026-04-16T00:05:30","slug":"kinyas-ve-kayra-ciltli","status":"publish","type":"product","link":"https:\/\/roveyayinevi.com.tr\/index.php\/urun\/kinyas-ve-kayra-ciltli\/","title":{"rendered":"Kinyas ve Kayra (Ciltli)"},"content":{"rendered":"<p>T\u00fcrk\u00e7e yeralt\u0131 edebiyat\u0131n\u0131n ilk \u00f6rne\u011fi say\u0131lan roman, modern hayat\u0131n her bireyde \u015fiddetle uyand\u0131rd\u0131\u011f\u0131 &#8220;bas\u0131p gitme&#8221; arzusunu ger\u00e7ekle\u015ftiren, uyu\u015fturucu sat\u0131p adam \u00f6ld\u00fcren, \u015fantaj yapan ve adlar\u0131n\u0131 kendileri se\u00e7en iki arkada\u015f olan &#8220;Kinyas ile Kayra&#8221;n\u0131n ba\u015f\u0131ndan ge\u00e7enleri anlat\u0131r. <\/p>\n","protected":false},"excerpt":{"rendered":"<p>T\u00fcrk\u00e7e yeralt\u0131 edebiyat\u0131n\u0131n ilk \u00f6rne\u011fi say\u0131lan roman, modern hayat\u0131n her bireyde \u015fiddetle uyand\u0131rd\u0131\u011f\u0131 &#8220;bas\u0131p gitme&#8221; arzusunu ger\u00e7ekle\u015ftiren, uyu\u015fturucu sat\u0131p adam \u00f6ld\u00fcren, \u015fantaj yapan ve adlar\u0131n\u0131 kendileri<span class=\"excerpt-hellip\"> [\u2026]<\/span><\/p>\n","protected":false},"featured_media":0,"template":"","meta":{"_monsterinsights_skip_tracking":false,"_monsterinsights_sitenote_active":false,"_monsterinsights_sitenote_note":"","_monsterinsights_sitenote_category":0},"product_brand":[],"product_cat":[12291,12711],"product_tag":[],"class_list":{"0":"post-752000","1":"product","2":"type-product","3":"status-publish","5":"product_cat-edebiyat","6":"product_cat-roman-oyku","7":"pa_cilt-ciltli","8":"pa_tur-kitap","9":"pa_yayinevi-dogan-kitap","10":"pa_yazar-hakan-gunday","12":"first","13":"instock","14":"sale","15":"shipping-taxable","16":"purchasable","17":"product-type-simple"},"_links":{"self":[{"href":"https:\/\/roveyayinevi.com.tr\/index.php\/wp-json\/wp\/v2\/product\/752000","targetHints":{"allow":["GET"]}}],"collection":[{"href":"https:\/\/roveyayinevi.com.tr\/index.php\/wp-json\/wp\/v2\/product"}],"about":[{"href":"https:\/\/roveyayinevi.com.tr\/index.php\/wp-json\/wp\/v2\/types\/product"}],"wp:attachment":[{"href":"https:\/\/roveyayinevi.com.tr\/index.php\/wp-json\/wp\/v2\/media?parent=752000"}],"wp:term":[{"taxonomy":"product_brand","embeddable":true,"href":"https:\/\/roveyayinevi.com.tr\/index.php\/wp-json\/wp\/v2\/product_brand?post=752000"},{"taxonomy":"product_cat","embeddable":true,"href":"https:\/\/roveyayinevi.com.tr\/index.php\/wp-json\/wp\/v2\/product_cat?post=752000"},{"taxonomy":"product_tag","embeddable":true,"href":"https:\/\/roveyayinevi.com.tr\/index.php\/wp-json\/wp\/v2\/product_tag?post=752000"}],"curies":[{"name":"wp","href":"https:\/\/api.w.org\/{rel}","templated":true}]}}