{"id":751999,"date":"2025-08-28T05:03:57","date_gmt":"2025-08-28T02:03:57","guid":{"rendered":"https:\/\/roveyayinevi.com.tr\/index.php\/urun\/willodeen-doganin-koruyucusu\/"},"modified":"2026-04-16T03:05:30","modified_gmt":"2026-04-16T00:05:30","slug":"willodeen-doganin-koruyucusu","status":"publish","type":"product","link":"https:\/\/roveyayinevi.com.tr\/index.php\/urun\/willodeen-doganin-koruyucusu\/","title":{"rendered":"Willodeen-Do\u011fan\u0131n Koruyucusu"},"content":{"rendered":"<p>\u201cD\u00fcnya ya\u015fl\u0131, biz de\u011filiz. Bunu unutmay\u0131n yeter.\u201d Willodeen her t\u00fcrden yarat\u0131\u011fa bay\u0131lsa da favorisi \u00fclkedeki en sevilmeyen hayvanlar, yani g\u00fcr\u00fclt\u00fcc\u00fc ve le\u015f kokulu \u00e7\u0131\u011f\u0131rtkanlar. \u015eans Eseri k\u00f6y\u00fcn\u00fcn sakinleri \u00e7\u0131\u011f\u0131rtkanlar\u0131 yok etti\u011finden beri her k\u0131\u015f \u00e7ok\u00e7a turist \u00e7eken sevimli sinekay\u0131lar\u0131 da gizemli bir \u015fekilde ortadan kaybolur. Ancak do\u011fum g\u00fcn\u00fc hediyesi beklenmedik bir sihir getirdi\u011finde, Willodeen \u00e7\u0131\u011f\u0131rtkanlar\u0131 ve sinekay\u0131lar\u0131n\u0131 geri getirmek i\u00e7in boyundan b\u00fcy\u00fck maceralara at\u0131l\u0131r. \u00c7\u00fcnk\u00fc bu, k\u00f6y\u00fcn\u00fcn ayakta kalmas\u0131n\u0131n tek yoludur. \u00c7a\u011fda\u015f \u00e7ocuk edebiyat\u0131n\u0131n \u00f6d\u00fcll\u00fc yazar\u0131 Katherine Applegate\u2019in kaleminden d\u00fcnyay\u0131 kurtarmaya kararl\u0131 bir k\u0131z\u0131n zamans\u0131z hik\u00e2yesi\u2026 <\/p>\n","protected":false},"excerpt":{"rendered":"<p>\u201cD\u00fcnya ya\u015fl\u0131, biz de\u011filiz. Bunu unutmay\u0131n yeter.\u201d Willodeen her t\u00fcrden yarat\u0131\u011fa bay\u0131lsa da favorisi \u00fclkedeki en sevilmeyen hayvanlar, yani g\u00fcr\u00fclt\u00fcc\u00fc ve le\u015f kokulu \u00e7\u0131\u011f\u0131rtkanlar. \u015eans Eseri<span class=\"excerpt-hellip\"> [\u2026]<\/span><\/p>\n","protected":false},"featured_media":0,"template":"","meta":{"_monsterinsights_skip_tracking":false,"_monsterinsights_sitenote_active":false,"_monsterinsights_sitenote_note":"","_monsterinsights_sitenote_category":0},"product_brand":[],"product_cat":[12291,14777],"product_tag":[],"class_list":{"0":"post-751999","1":"product","2":"type-product","3":"status-publish","5":"product_cat-edebiyat","6":"product_cat-fantastik","7":"pa_cilt-ciltsiz","8":"pa_tur-kitap","9":"pa_yayinevi-x-libris","10":"pa_yazar-katherine-applegate","12":"first","13":"instock","14":"sale","15":"shipping-taxable","16":"purchasable","17":"product-type-simple"},"_links":{"self":[{"href":"https:\/\/roveyayinevi.com.tr\/index.php\/wp-json\/wp\/v2\/product\/751999","targetHints":{"allow":["GET"]}}],"collection":[{"href":"https:\/\/roveyayinevi.com.tr\/index.php\/wp-json\/wp\/v2\/product"}],"about":[{"href":"https:\/\/roveyayinevi.com.tr\/index.php\/wp-json\/wp\/v2\/types\/product"}],"wp:attachment":[{"href":"https:\/\/roveyayinevi.com.tr\/index.php\/wp-json\/wp\/v2\/media?parent=751999"}],"wp:term":[{"taxonomy":"product_brand","embeddable":true,"href":"https:\/\/roveyayinevi.com.tr\/index.php\/wp-json\/wp\/v2\/product_brand?post=751999"},{"taxonomy":"product_cat","embeddable":true,"href":"https:\/\/roveyayinevi.com.tr\/index.php\/wp-json\/wp\/v2\/product_cat?post=751999"},{"taxonomy":"product_tag","embeddable":true,"href":"https:\/\/roveyayinevi.com.tr\/index.php\/wp-json\/wp\/v2\/product_tag?post=751999"}],"curies":[{"name":"wp","href":"https:\/\/api.w.org\/{rel}","templated":true}]}}