{"id":751997,"date":"2025-08-28T05:03:54","date_gmt":"2025-08-28T02:03:54","guid":{"rendered":"https:\/\/roveyayinevi.com.tr\/index.php\/urun\/yeganeler-istanbulda-bir-ejderha\/"},"modified":"2026-04-16T03:05:30","modified_gmt":"2026-04-16T00:05:30","slug":"yeganeler-istanbulda-bir-ejderha","status":"publish","type":"product","link":"https:\/\/roveyayinevi.com.tr\/index.php\/urun\/yeganeler-istanbulda-bir-ejderha\/","title":{"rendered":"Yeganeler-\u0130stanbul&#8217;da Bir Ejderha"},"content":{"rendered":"<p>Do\u011fan\u0131n Diyar\u0131 ve H\u00fckmedenlerin Diyar\u0131 aras\u0131ndaki m\u00fccadele kald\u0131\u011f\u0131 yerden devam ediyor. Ge\u00e7mi\u015f zaman\u0131n \u00fcnl\u00fc imparatoru Sargon, iki diyar\u0131 birle\u015ftirip yeniden h\u00fck\u00fcm s\u00fcrmek ister ancak \u00f6nce Safir\u2019i yok etmelidir. Karanl\u0131\u011f\u0131n \u00e7a\u011fr\u0131s\u0131na kar\u015f\u0131l\u0131k verenler, Ormanba\u011f karde\u015flerin pe\u015fine d\u00fc\u015fer. \u00dcstelik onlar\u0131 bulmak isteyenler sadece Sargon\u2019un yollad\u0131\u011f\u0131 tuhaf b\u00fcy\u00fcc\u00fcler de de\u011fildir. Yeg\u00e2neler, iki diyar aras\u0131ndaki sava\u015f\u0131n ge\u00e7mi\u015fiyle ilgili yeni bilgiler ortaya \u00e7\u0131karken \u0130stanbul\u2019daki ejderhan\u0131n neyin pe\u015finde oldu\u011funu \u00f6\u011frenmek zorundalar. \u00c7\u00fcnk\u00fc aralar\u0131nda bir hain olabilir.   Onlar Do\u011fan\u0131n Diyar\u0131\u2019n\u0131n umudu, gizemli sanatlar\u0131n en gen\u00e7 ustalar\u0131! Onlar Yeg\u00e2neler! <\/p>\n","protected":false},"excerpt":{"rendered":"<p>Do\u011fan\u0131n Diyar\u0131 ve H\u00fckmedenlerin Diyar\u0131 aras\u0131ndaki m\u00fccadele kald\u0131\u011f\u0131 yerden devam ediyor. Ge\u00e7mi\u015f zaman\u0131n \u00fcnl\u00fc imparatoru Sargon, iki diyar\u0131 birle\u015ftirip yeniden h\u00fck\u00fcm s\u00fcrmek ister ancak \u00f6nce Safir\u2019i<span class=\"excerpt-hellip\"> [\u2026]<\/span><\/p>\n","protected":false},"featured_media":0,"template":"","meta":{"_monsterinsights_skip_tracking":false,"_monsterinsights_sitenote_active":false,"_monsterinsights_sitenote_note":"","_monsterinsights_sitenote_category":0},"product_brand":[],"product_cat":[12291,14777],"product_tag":[],"class_list":{"0":"post-751997","1":"product","2":"type-product","3":"status-publish","5":"product_cat-edebiyat","6":"product_cat-fantastik","7":"pa_cilt-ciltsiz","8":"pa_tur-kitap","9":"pa_yayinevi-x-libris","10":"pa_yazar-erbug-kaya","12":"first","13":"instock","14":"sale","15":"shipping-taxable","16":"purchasable","17":"product-type-simple"},"_links":{"self":[{"href":"https:\/\/roveyayinevi.com.tr\/index.php\/wp-json\/wp\/v2\/product\/751997","targetHints":{"allow":["GET"]}}],"collection":[{"href":"https:\/\/roveyayinevi.com.tr\/index.php\/wp-json\/wp\/v2\/product"}],"about":[{"href":"https:\/\/roveyayinevi.com.tr\/index.php\/wp-json\/wp\/v2\/types\/product"}],"wp:attachment":[{"href":"https:\/\/roveyayinevi.com.tr\/index.php\/wp-json\/wp\/v2\/media?parent=751997"}],"wp:term":[{"taxonomy":"product_brand","embeddable":true,"href":"https:\/\/roveyayinevi.com.tr\/index.php\/wp-json\/wp\/v2\/product_brand?post=751997"},{"taxonomy":"product_cat","embeddable":true,"href":"https:\/\/roveyayinevi.com.tr\/index.php\/wp-json\/wp\/v2\/product_cat?post=751997"},{"taxonomy":"product_tag","embeddable":true,"href":"https:\/\/roveyayinevi.com.tr\/index.php\/wp-json\/wp\/v2\/product_tag?post=751997"}],"curies":[{"name":"wp","href":"https:\/\/api.w.org\/{rel}","templated":true}]}}