{"id":751994,"date":"2025-08-28T05:03:50","date_gmt":"2025-08-28T02:03:50","guid":{"rendered":"https:\/\/roveyayinevi.com.tr\/index.php\/urun\/neden-tuketiyoruz\/"},"modified":"2026-04-16T03:05:30","modified_gmt":"2026-04-16T00:05:30","slug":"neden-tuketiyoruz","status":"publish","type":"product","link":"https:\/\/roveyayinevi.com.tr\/index.php\/urun\/neden-tuketiyoruz\/","title":{"rendered":"Neden T\u00fcketiyoruz?"},"content":{"rendered":"<p>\u0130htiyac\u0131m\u0131z olan veya olmayan bir\u00e7ok \u015fey sat\u0131n al\u0131yoruz. Bir markay\u0131 de\u011fil de \u00f6b\u00fcr\u00fcn\u00fc tercih ediyoruz. Bir \u00fcr\u00fcn\u00fc zevkle t\u00fcketirken bir di\u011ferinden uzak durmay\u0131 se\u00e7iyoruz. Kad\u0131nlar ve erkekler, ya\u015fl\u0131lar ve gen\u00e7ler, T\u00fcrkler ve Amerikal\u0131lar\u2026 Farkl\u0131 t\u00fcketim al\u0131\u015fkanl\u0131klar\u0131na, hatta kodlar\u0131na sahibiz.  Peki neden? Neden t\u00fcketim kodlar\u0131m\u0131z bu kadar tahmin edilebilir?  Al\u0131\u015fveri\u015f yaparken ger\u00e7ekten kontrol bizde mi? T\u00fcketim al\u0131\u015fkanl\u0131klar\u0131m\u0131zda k\u00fclt\u00fcrel oldu\u011fu kadar bir\u00e7ok genetik fakt\u00f6r de rol oynuyor. Binlerce y\u0131l \u00f6ncesindeki atalar\u0131m\u0131z\u0131n hayatta kalma y\u00f6ntemleri bizim bug\u00fcnk\u00fc se\u00e7imlerimizi etkiliyor. Neyi, neden t\u00fcketti\u011fimiz konusunda geneti\u011fimizin, k\u00fclt\u00fcr\u00fcm\u00fcz\u00fcn ve bilin\u00e7alt\u0131m\u0131z\u0131n bizi nas\u0131l y\u00f6nlendirdi\u011fini \u00f6\u011frenmek ister misiniz?  <\/p>\n","protected":false},"excerpt":{"rendered":"<p>\u0130htiyac\u0131m\u0131z olan veya olmayan bir\u00e7ok \u015fey sat\u0131n al\u0131yoruz. Bir markay\u0131 de\u011fil de \u00f6b\u00fcr\u00fcn\u00fc tercih ediyoruz. Bir \u00fcr\u00fcn\u00fc zevkle t\u00fcketirken bir di\u011ferinden uzak durmay\u0131 se\u00e7iyoruz. Kad\u0131nlar ve<span class=\"excerpt-hellip\"> [\u2026]<\/span><\/p>\n","protected":false},"featured_media":0,"template":"","meta":{"_monsterinsights_skip_tracking":false,"_monsterinsights_sitenote_active":false,"_monsterinsights_sitenote_note":"","_monsterinsights_sitenote_category":0},"product_brand":[],"product_cat":[52477],"product_tag":[],"class_list":{"0":"post-751994","1":"product","2":"type-product","3":"status-publish","5":"product_cat-arastirma","6":"pa_cilt-ciltsiz","7":"pa_tur-kitap","8":"pa_yayinevi-dogan-kitap","9":"pa_yazar-cenk-kocas","11":"first","12":"instock","13":"sale","14":"shipping-taxable","15":"purchasable","16":"product-type-simple"},"_links":{"self":[{"href":"https:\/\/roveyayinevi.com.tr\/index.php\/wp-json\/wp\/v2\/product\/751994","targetHints":{"allow":["GET"]}}],"collection":[{"href":"https:\/\/roveyayinevi.com.tr\/index.php\/wp-json\/wp\/v2\/product"}],"about":[{"href":"https:\/\/roveyayinevi.com.tr\/index.php\/wp-json\/wp\/v2\/types\/product"}],"wp:attachment":[{"href":"https:\/\/roveyayinevi.com.tr\/index.php\/wp-json\/wp\/v2\/media?parent=751994"}],"wp:term":[{"taxonomy":"product_brand","embeddable":true,"href":"https:\/\/roveyayinevi.com.tr\/index.php\/wp-json\/wp\/v2\/product_brand?post=751994"},{"taxonomy":"product_cat","embeddable":true,"href":"https:\/\/roveyayinevi.com.tr\/index.php\/wp-json\/wp\/v2\/product_cat?post=751994"},{"taxonomy":"product_tag","embeddable":true,"href":"https:\/\/roveyayinevi.com.tr\/index.php\/wp-json\/wp\/v2\/product_tag?post=751994"}],"curies":[{"name":"wp","href":"https:\/\/api.w.org\/{rel}","templated":true}]}}