{"id":751992,"date":"2025-08-28T05:03:48","date_gmt":"2025-08-28T02:03:48","guid":{"rendered":"https:\/\/roveyayinevi.com.tr\/index.php\/urun\/solfej66\/"},"modified":"2026-04-16T03:05:30","modified_gmt":"2026-04-16T00:05:30","slug":"solfej66","status":"publish","type":"product","link":"https:\/\/roveyayinevi.com.tr\/index.php\/urun\/solfej66\/","title":{"rendered":"Solfej66"},"content":{"rendered":"<p>Meslekta\u015f\u0131m B\u00fc\u015fra \u0130nci G\u00fcm\u00fc\u015f \u015eendurur\u2019un Solfej66 kitab\u0131nda ba\u015flang\u0131\u00e7 seviyesinden orta seviyeye kadar yaz\u0131lm\u0131\u015f toplam 66 \u00f6zg\u00fcn solfej yer almaktad\u0131r. Kitapta yer alan solfejlerin gerek \u00f6l\u00e7\u00fc birimi, gerekse tonal yap\u0131 ve ezgisel olarak solfej e\u011fitimi a\u00e7\u0131s\u0131ndan olduk\u00e7a \u00f6nemli bir yer tutaca\u011f\u0131n\u0131 d\u00fc\u015f\u00fcnmekteyim. Solfej e\u011fitimine y\u00f6nelik her y\u00f6n\u00fcyle \u00f6zg\u00fcn olan bu kitab\u0131n T\u00fcrk m\u00fczik e\u011fitimine katk\u0131 sa\u011flayaca\u011f\u0131 inanc\u0131yla\u2026 Dr. Sel\u00e7uk Bilgin <\/p>\n","protected":false},"excerpt":{"rendered":"<p>Meslekta\u015f\u0131m B\u00fc\u015fra \u0130nci G\u00fcm\u00fc\u015f \u015eendurur\u2019un Solfej66 kitab\u0131nda ba\u015flang\u0131\u00e7 seviyesinden orta seviyeye kadar yaz\u0131lm\u0131\u015f toplam 66 \u00f6zg\u00fcn solfej yer almaktad\u0131r. Kitapta yer alan solfejlerin gerek \u00f6l\u00e7\u00fc birimi,<span class=\"excerpt-hellip\"> [\u2026]<\/span><\/p>\n","protected":false},"featured_media":0,"template":"","meta":{"_monsterinsights_skip_tracking":false,"_monsterinsights_sitenote_active":false,"_monsterinsights_sitenote_note":"","_monsterinsights_sitenote_category":0},"product_brand":[],"product_cat":[14556,20810],"product_tag":[],"class_list":{"0":"post-751992","1":"product","2":"type-product","3":"status-publish","5":"product_cat-muzik","6":"product_cat-ogrenim-kitaplari","7":"pa_cilt-ciltsiz","8":"pa_tur-kitap","9":"pa_yayinevi-muzik-egitimi-yayinlari","10":"pa_yazar-busra-inci-gumus-sendurur","12":"first","13":"instock","14":"sale","15":"shipping-taxable","16":"purchasable","17":"product-type-simple"},"_links":{"self":[{"href":"https:\/\/roveyayinevi.com.tr\/index.php\/wp-json\/wp\/v2\/product\/751992","targetHints":{"allow":["GET"]}}],"collection":[{"href":"https:\/\/roveyayinevi.com.tr\/index.php\/wp-json\/wp\/v2\/product"}],"about":[{"href":"https:\/\/roveyayinevi.com.tr\/index.php\/wp-json\/wp\/v2\/types\/product"}],"wp:attachment":[{"href":"https:\/\/roveyayinevi.com.tr\/index.php\/wp-json\/wp\/v2\/media?parent=751992"}],"wp:term":[{"taxonomy":"product_brand","embeddable":true,"href":"https:\/\/roveyayinevi.com.tr\/index.php\/wp-json\/wp\/v2\/product_brand?post=751992"},{"taxonomy":"product_cat","embeddable":true,"href":"https:\/\/roveyayinevi.com.tr\/index.php\/wp-json\/wp\/v2\/product_cat?post=751992"},{"taxonomy":"product_tag","embeddable":true,"href":"https:\/\/roveyayinevi.com.tr\/index.php\/wp-json\/wp\/v2\/product_tag?post=751992"}],"curies":[{"name":"wp","href":"https:\/\/api.w.org\/{rel}","templated":true}]}}