{"id":751990,"date":"2025-08-28T05:03:45","date_gmt":"2025-08-28T02:03:45","guid":{"rendered":"https:\/\/roveyayinevi.com.tr\/index.php\/urun\/istanbulu-doyurmak\/"},"modified":"2026-04-16T03:05:30","modified_gmt":"2026-04-16T00:05:30","slug":"istanbulu-doyurmak","status":"publish","type":"product","link":"https:\/\/roveyayinevi.com.tr\/index.php\/urun\/istanbulu-doyurmak\/","title":{"rendered":"\u0130stanbul\u2019u Doyurmak"},"content":{"rendered":"<p>\u0130stanbul, yu\u0308zlerce y\u0131l Osmanl\u0131 I\u0307mparatorlug\u0306u\u2019na bas\u0327kentlik yapm\u0131s\u0327, gu\u0308nu\u0308mu\u0308zdeyse Tu\u0308rkiye\u2019nin finansal kalbi olan, tarihi\u0302, ku\u0308ltu\u0308rel ve ekonomik ac\u0327\u0131dan her zaman o\u0308nemli bir s\u0327ehir. Candan Tu\u0308rkkan, I\u0307stanbul\u2019u Doyurmak\u2019ta \u201cias\u0327e\u201dnin, iktidar\u0131n kendini var etme arac\u0327lar\u0131ndan biri oldug\u0306u tespitinden hareket ediyor; so\u0308z konusu tespitin yu\u0308zy\u0131llar ic\u0327inde bu topraklar\u0131n kendine has ekonomi politig\u0306iyle nas\u0131l do\u0308nu\u0308s\u0327u\u0308p ne gibi sosyal ve siyasi sonuc\u0327lar yaratt\u0131g\u0306\u0131n\u0131 ele al\u0131yor. Osmanl\u0131 do\u0308neminde I\u0307stanbul\u2019un ias\u0327esine ilis\u0327kin birincil kaynaklar\u0131, tarihi\u0302, antropolojik ve cog\u0306rafi c\u0327al\u0131s\u0327malar\u0131 kullanarak g\u0131da sisteminin o\u0308zelliklerini belirleyen Tu\u0308rkkan, bu sistemin 19. yu\u0308zy\u0131ldaki c\u0327o\u0308zu\u0308lu\u0308s\u0327u\u0308nu\u0308 takip ederek Osmanl\u0131\u2019dan Cumhuriyet\u2019e uzanan genis\u0327 bir tarihsel su\u0308rec\u0327te g\u0131da rejiminin son derece etrafl\u0131 bir analizini yap\u0131yor. 1980\u2019lerden itibaren gu\u0308ndelik hayatta\/ ekonomide yas\u0327anan do\u0308nu\u0308s\u0327u\u0308m ve deg\u0306is\u0327imlerin, neoliberal politikalar\u0131n, ku\u0308reselles\u0327menin, sermaye piyasalar\u0131n\u0131n, tedarik zincirlerinin izini su\u0308rerek I\u0307stanbul\u2019un nas\u0131l doyuruldug\u0306unun\/doydug\u0306unun gu\u0308nu\u0308mu\u0308zdeki dinamiklerine daha yak\u0131ndan bak\u0131yor. U\u0308stelik hem farkl\u0131 bir g\u0131da sistemi hem de farkl\u0131 bir g\u0131da rejimi vaat eden \u201ckars\u0327\u0131 hareketleri\u201d, alternatif yaklas\u0327\u0131mlar\u0131 da ihmal etmeyerek. I\u0307stanbul\u2019un oldug\u0306u kadar Tu\u0308rkiye\u2019nin de gerek tarihini gerek ias\u0327e ku\u0308ltu\u0308ru\u0308nu\u0308, deg\u0306is\u0327en beslenme politikalar\u0131n\u0131 anlamak ic\u0327in c\u0327ok o\u0308nemli bir kaynak. \u201c(&#8230;) g\u0131dan\u0131n nas\u0131l u\u0308retildig\u0306inin, hangi g\u0131dalar\u0131n u\u0308retil- dig\u0306inin, u\u0308retim yerlerinden tu\u0308ketim noktalar\u0131na nas\u0131l tas\u0327\u0131nd\u0131klar\u0131n\u0131n, nerede ve nas\u0131l al\u0131n\u0131p sat\u0131ld\u0131klar\u0131n\u0131n, onlar\u0131 kimlerin is\u0327leyip tu\u0308kettig\u0306inin, tu\u0308m bunlar\u0131n siyasi sorular oldug\u0306unu ve dolay\u0131s\u0131yla siyasi bu\u0308nyenin nas\u0131l tesis edildig\u0306inin, egemenle tebaa aras\u0131ndaki ilis\u0327kinin dog\u0306as\u0131n\u0131n \u2013kimin, kimi, nas\u0131l yo\u0308nettig\u0306inin ve bu yo\u0308netimin neyi gerektirdig\u0306inin\u2013 go\u0308stergeleri olduklar\u0131n\u0131 savunuyorum.\u201d CANDAN TU\u0308RKKAN<\/p>\n","protected":false},"excerpt":{"rendered":"<p>\u0130stanbul, yu\u0308zlerce y\u0131l Osmanl\u0131 I\u0307mparatorlug\u0306u\u2019na bas\u0327kentlik yapm\u0131s\u0327, gu\u0308nu\u0308mu\u0308zdeyse Tu\u0308rkiye\u2019nin finansal kalbi olan, tarihi\u0302, ku\u0308ltu\u0308rel ve ekonomik ac\u0327\u0131dan her zaman o\u0308nemli bir s\u0327ehir. Candan Tu\u0308rkkan, I\u0307stanbul\u2019u Doyurmak\u2019ta<span class=\"excerpt-hellip\"> [\u2026]<\/span><\/p>\n","protected":false},"featured_media":0,"template":"","meta":{"_monsterinsights_skip_tracking":false,"_monsterinsights_sitenote_active":false,"_monsterinsights_sitenote_note":"","_monsterinsights_sitenote_category":0},"product_brand":[],"product_cat":[12370,12304],"product_tag":[],"class_list":{"0":"post-751990","1":"product","2":"type-product","3":"status-publish","5":"product_cat-arastirma-inceleme","6":"product_cat-tarih","7":"pa_cilt-ciltsiz","8":"pa_tur-kitap","9":"pa_yayinevi-iletisim-yayinlari","10":"pa_yazar-candan-turkkan","12":"first","13":"instock","14":"sale","15":"shipping-taxable","16":"purchasable","17":"product-type-simple"},"_links":{"self":[{"href":"https:\/\/roveyayinevi.com.tr\/index.php\/wp-json\/wp\/v2\/product\/751990","targetHints":{"allow":["GET"]}}],"collection":[{"href":"https:\/\/roveyayinevi.com.tr\/index.php\/wp-json\/wp\/v2\/product"}],"about":[{"href":"https:\/\/roveyayinevi.com.tr\/index.php\/wp-json\/wp\/v2\/types\/product"}],"wp:attachment":[{"href":"https:\/\/roveyayinevi.com.tr\/index.php\/wp-json\/wp\/v2\/media?parent=751990"}],"wp:term":[{"taxonomy":"product_brand","embeddable":true,"href":"https:\/\/roveyayinevi.com.tr\/index.php\/wp-json\/wp\/v2\/product_brand?post=751990"},{"taxonomy":"product_cat","embeddable":true,"href":"https:\/\/roveyayinevi.com.tr\/index.php\/wp-json\/wp\/v2\/product_cat?post=751990"},{"taxonomy":"product_tag","embeddable":true,"href":"https:\/\/roveyayinevi.com.tr\/index.php\/wp-json\/wp\/v2\/product_tag?post=751990"}],"curies":[{"name":"wp","href":"https:\/\/api.w.org\/{rel}","templated":true}]}}