{"id":751989,"date":"2025-08-28T05:03:44","date_gmt":"2025-08-28T02:03:44","guid":{"rendered":"https:\/\/roveyayinevi.com.tr\/index.php\/urun\/osmanlida-eglence\/"},"modified":"2026-04-16T03:05:30","modified_gmt":"2026-04-16T00:05:30","slug":"osmanlida-eglence","status":"publish","type":"product","link":"https:\/\/roveyayinevi.com.tr\/index.php\/urun\/osmanlida-eglence\/","title":{"rendered":"Osmanl\u0131\u2019da Eg\u0306lence"},"content":{"rendered":"<p>Osmanl\u0131\u2019da Eg\u0306lence, tu\u0308m dini\u0302, etnik, sosyal statu\u0308 c\u0327es\u0327itlilig\u0306i ic\u0327inde I\u0307stanbul toplumunun ku\u0308ltu\u0308rel beslenme kanallar\u0131n\u0131, eg\u0306lence du\u0308nyas\u0131n\u0131 bize canl\u0131 bic\u0327imde sunuyor. O\u0308zgu\u0308 C\u0327illi, bu deg\u0306erli aras\u0327t\u0131rmas\u0131nda, dini\u0302 mensubiyetin s\u0327ekillendirdig\u0306i farkl\u0131 yas\u0327am gelenekleri ile eg\u0306lenceler aras\u0131ndaki ilis\u0327kileri, kad\u0131nlar\u0131n bu etkinlikler u\u0308zerinden sosyal hayata dahil olma imka\u0302n ve c\u0327abalar\u0131n\u0131, modernles\u0327me hareketinin eg\u0306lence hayat\u0131nda yaratt\u0131g\u0306\u0131 deg\u0306is\u0327imleri, yo\u0308netimin ve ayd\u0131nlar\u0131n bu yeni su\u0308rec\u0327teki rol ve tutumlar\u0131n\u0131 aktar\u0131yor. Osmanl\u0131 do\u0308neminde I\u0307stanbul\u2019un eg\u0306lence hayat\u0131n\u0131 ele al\u0131rken, c\u0327al\u0131s\u0327mas\u0131n\u0131n merkezine sosyal ve ku\u0308ltu\u0308rel etkinlikler ic\u0327indeki insan\u0131 yerles\u0327tiriyor. Bir anlamda Karago\u0308z\u2019den ziyade, Karago\u0308z u\u0308zerinden Karago\u0308z\u2019e giden seyirciyi anlat\u0131yor. \u201cI\u0307nsanlar\u0131n sadece kendi hemcinsleriyle sosyalles\u0327ebildig\u0306i Osmanl\u0131 toplumunda eg\u0306lence do\u0308nemlerinde bahs\u0327edilen gec\u0327ici \u00f6zg\u00fcrl\u00fc\u011f\u00fc i\u00e7selle\u015ftirememi\u015f bireylerin davran\u0131s\u0327lar\u0131n\u0131n bir uc\u0327tan dig\u0306er uca savrulabildig\u0306i go\u0308ru\u0308lu\u0308r. Yu\u0308zy\u0131llar boyunca geleneksel go\u0308sterilerde, bast\u0131r\u0131lm\u0131s\u0327 her tu\u0308rlu\u0308 duygunun serbestc\u0327e d\u0131s\u0327avurumuna al\u0131s\u0327an ve bu go\u0308sterileri seyirci olarak izlemeleri konusunda herhangi bir k\u0131s\u0131tlamaya maruz kalmayan bireyler, 19. yu\u0308zy\u0131l\u0131n modernles\u0327mis\u0327 du\u0308nyas\u0131na o\u0308zgu\u0308 yeni ku\u0308ltu\u0308rel ortamlarda da o\u0308nceleri eski al\u0131s\u0327kanl\u0131klar\u0131n\u0131 muhafaza etmeye c\u0327al\u0131s\u0327m\u0131s\u0327t\u0131r. Ancak bu yeni hayat\u0131n adab-\u0131 muas\u0327eret kurallar\u0131 yavas\u0327 yavas\u0327 kendilerini dayatm\u0131s\u0327, eg\u0306lence esnas\u0131nda her s\u0327eyin mubah go\u0308ru\u0308lmesi olgusu, yerini belli bir go\u0308rgu\u0308ye b\u0131rakm\u0131s\u0327t\u0131r.\u201d \u00d6zg\u00fc \u00c7illi<\/p>\n","protected":false},"excerpt":{"rendered":"<p>Osmanl\u0131\u2019da Eg\u0306lence, tu\u0308m dini\u0302, etnik, sosyal statu\u0308 c\u0327es\u0327itlilig\u0306i ic\u0327inde I\u0307stanbul toplumunun ku\u0308ltu\u0308rel beslenme kanallar\u0131n\u0131, eg\u0306lence du\u0308nyas\u0131n\u0131 bize canl\u0131 bic\u0327imde sunuyor. O\u0308zgu\u0308 C\u0327illi, bu deg\u0306erli aras\u0327t\u0131rmas\u0131nda, dini\u0302<span class=\"excerpt-hellip\"> [\u2026]<\/span><\/p>\n","protected":false},"featured_media":0,"template":"","meta":{"_monsterinsights_skip_tracking":false,"_monsterinsights_sitenote_active":false,"_monsterinsights_sitenote_note":"","_monsterinsights_sitenote_category":0},"product_brand":[],"product_cat":[12312,12304],"product_tag":[],"class_list":{"0":"post-751989","1":"product","2":"type-product","3":"status-publish","5":"product_cat-diger","6":"product_cat-tarih","7":"pa_cilt-ciltsiz","8":"pa_tur-kitap","9":"pa_yayinevi-iletisim-yayinlari","10":"pa_yazar-ozgu-cilli","12":"first","13":"instock","14":"sale","15":"shipping-taxable","16":"purchasable","17":"product-type-simple"},"_links":{"self":[{"href":"https:\/\/roveyayinevi.com.tr\/index.php\/wp-json\/wp\/v2\/product\/751989","targetHints":{"allow":["GET"]}}],"collection":[{"href":"https:\/\/roveyayinevi.com.tr\/index.php\/wp-json\/wp\/v2\/product"}],"about":[{"href":"https:\/\/roveyayinevi.com.tr\/index.php\/wp-json\/wp\/v2\/types\/product"}],"wp:attachment":[{"href":"https:\/\/roveyayinevi.com.tr\/index.php\/wp-json\/wp\/v2\/media?parent=751989"}],"wp:term":[{"taxonomy":"product_brand","embeddable":true,"href":"https:\/\/roveyayinevi.com.tr\/index.php\/wp-json\/wp\/v2\/product_brand?post=751989"},{"taxonomy":"product_cat","embeddable":true,"href":"https:\/\/roveyayinevi.com.tr\/index.php\/wp-json\/wp\/v2\/product_cat?post=751989"},{"taxonomy":"product_tag","embeddable":true,"href":"https:\/\/roveyayinevi.com.tr\/index.php\/wp-json\/wp\/v2\/product_tag?post=751989"}],"curies":[{"name":"wp","href":"https:\/\/api.w.org\/{rel}","templated":true}]}}