{"id":751985,"date":"2025-08-28T05:03:39","date_gmt":"2025-08-28T02:03:39","guid":{"rendered":"https:\/\/roveyayinevi.com.tr\/index.php\/urun\/anadoludan-yukselen-ses\/"},"modified":"2026-04-16T03:05:30","modified_gmt":"2026-04-16T00:05:30","slug":"anadoludan-yukselen-ses","status":"publish","type":"product","link":"https:\/\/roveyayinevi.com.tr\/index.php\/urun\/anadoludan-yukselen-ses\/","title":{"rendered":"Anadolu\u2019dan Y\u00fckselen Ses"},"content":{"rendered":"<p>Anadolu\u2019dan Y\u00fckselen Ses, T\u00fcrk milletinin Atat\u00fcrk\u2019\u00fcn ba\u015fkomutanl\u0131\u011f\u0131nda yazd\u0131\u011f\u0131 \u0130stikl\u00e2l destan\u0131n\u0131n roman\u0131d\u0131r. Kitapta, Atat\u00fcrk\u2019\u00fcn \u00e7ocukluk y\u0131llar\u0131, e\u011fitim-\u00f6\u011fretim hayat\u0131, cephelerde verdi\u011fi vatan m\u00fcdafaas\u0131 anlat\u0131lmaktad\u0131r. Topraklar\u0131m\u0131z i\u015fgali sonras\u0131nda verilen Mill\u00ee M\u00fccadele ve T\u00fcrkiye Cumhuriyeti\u2019nin kurulu\u015fu tarihi kaynaklara uygun olarak aktar\u0131lmaktad\u0131r. \u201cT\u00fcrkiye T\u00fcrklerinin \u0130stikl\u00e2l Destan\u0131\u201d \u015fu sat\u0131rlarla son bulur: \u201cMustafa Kemal Pa\u015fa mavi g\u00f6zlerini, \u00fclkenin mavi ufuklar\u0131na do\u011fru \u00e7evirdi. Bakt\u0131, bakt\u0131\u2026 Orada fabrikalar\u0131n\u0131 kurmu\u015f, okullar\u0131n\u0131 a\u00e7m\u0131\u015f, yollar\u0131n\u0131 ve barajlar\u0131n\u0131 yapm\u0131\u015f; kalk\u0131nm\u0131\u015f, g\u00fc\u00e7l\u00fc ve b\u00fcy\u00fck T\u00fcrkiye\u2019yi hayal ediyordu. \u00dclkesini ve Cumhuriyeti koruyacak ve kollayacak T\u00fcrk gen\u00e7li\u011fini g\u00f6r\u00fcyordu.\u201d <\/p>\n","protected":false},"excerpt":{"rendered":"<p>Anadolu\u2019dan Y\u00fckselen Ses, T\u00fcrk milletinin Atat\u00fcrk\u2019\u00fcn ba\u015fkomutanl\u0131\u011f\u0131nda yazd\u0131\u011f\u0131 \u0130stikl\u00e2l destan\u0131n\u0131n roman\u0131d\u0131r. Kitapta, Atat\u00fcrk\u2019\u00fcn \u00e7ocukluk y\u0131llar\u0131, e\u011fitim-\u00f6\u011fretim hayat\u0131, cephelerde verdi\u011fi vatan m\u00fcdafaas\u0131 anlat\u0131lmaktad\u0131r. Topraklar\u0131m\u0131z i\u015fgali sonras\u0131nda verilen<span class=\"excerpt-hellip\"> [\u2026]<\/span><\/p>\n","protected":false},"featured_media":0,"template":"","meta":{"_monsterinsights_skip_tracking":false,"_monsterinsights_sitenote_active":false,"_monsterinsights_sitenote_note":"","_monsterinsights_sitenote_category":0},"product_brand":[],"product_cat":[12291,13706],"product_tag":[],"class_list":{"0":"post-751985","1":"product","2":"type-product","3":"status-publish","5":"product_cat-edebiyat","6":"product_cat-efsane-destan-masal","7":"pa_cilt-ciltsiz","8":"pa_tur-kitap","9":"pa_yayinevi-cinaralti-yayinlari","10":"pa_yazar-hasan-kallimci","12":"first","13":"instock","14":"sale","15":"shipping-taxable","16":"purchasable","17":"product-type-simple"},"_links":{"self":[{"href":"https:\/\/roveyayinevi.com.tr\/index.php\/wp-json\/wp\/v2\/product\/751985","targetHints":{"allow":["GET"]}}],"collection":[{"href":"https:\/\/roveyayinevi.com.tr\/index.php\/wp-json\/wp\/v2\/product"}],"about":[{"href":"https:\/\/roveyayinevi.com.tr\/index.php\/wp-json\/wp\/v2\/types\/product"}],"wp:attachment":[{"href":"https:\/\/roveyayinevi.com.tr\/index.php\/wp-json\/wp\/v2\/media?parent=751985"}],"wp:term":[{"taxonomy":"product_brand","embeddable":true,"href":"https:\/\/roveyayinevi.com.tr\/index.php\/wp-json\/wp\/v2\/product_brand?post=751985"},{"taxonomy":"product_cat","embeddable":true,"href":"https:\/\/roveyayinevi.com.tr\/index.php\/wp-json\/wp\/v2\/product_cat?post=751985"},{"taxonomy":"product_tag","embeddable":true,"href":"https:\/\/roveyayinevi.com.tr\/index.php\/wp-json\/wp\/v2\/product_tag?post=751985"}],"curies":[{"name":"wp","href":"https:\/\/api.w.org\/{rel}","templated":true}]}}