{"id":751984,"date":"2025-08-28T05:03:37","date_gmt":"2025-08-28T02:03:37","guid":{"rendered":"https:\/\/roveyayinevi.com.tr\/index.php\/urun\/a-benim-cakir-oglum\/"},"modified":"2026-04-16T03:05:30","modified_gmt":"2026-04-16T00:05:30","slug":"a-benim-cakir-oglum","status":"publish","type":"product","link":"https:\/\/roveyayinevi.com.tr\/index.php\/urun\/a-benim-cakir-oglum\/","title":{"rendered":"A Benim \u00c7ak\u0131r O\u011flum"},"content":{"rendered":"<p>Atat\u00fcrk, Adana\u2019y\u0131 ziyarete gitmi\u015ftir. Elinde k\u0131r \u00e7i\u00e7ekleri ile bir ya\u015fl\u0131 kad\u0131n, Sultan Ana yakla\u015f\u0131r. Bak\u0131\u015flar\u0131n\u0131 Ata\u2019n\u0131n g\u00f6zlerine dikerek \u015f\u00f6yle der: \u201cA benim \u00c7ak\u0131r o\u011flum! Yolunu bir deli gibi bekledim. Sana bu \u00e7i\u00e7ekleri tarlamdan yoldum.\u201d Sultan Ana, Pa\u015fa\u2019n\u0131n sar\u0131 ba\u015f\u0131n\u0131, sar\u0131\u00e7i\u00e7eklerin \u00fczerine bast\u0131r\u0131r. Sa\u00e7lar\u0131n\u0131 koklar, \u00f6per. \u00c7i\u00e7ekleri ayaklar\u0131n\u0131n dibine serper. *** Edebiyat\u0131m\u0131z\u0131n de\u011ferli temsilcilerinden Hasan Kallimci\u2019nin kaleminden Atat\u00fcrk\u2019ten bir demet hat\u0131ra\u2026 O b\u00fcy\u00fck insan\u0131 bir de T\u00fcrkiye Cumhuriyeti\u2019nin kurulu\u015fundan vefat\u0131na kadar ge\u00e7en s\u00fcresindeki hat\u0131ralar\u0131yla tan\u0131yal\u0131m. <\/p>\n","protected":false},"excerpt":{"rendered":"<p>Atat\u00fcrk, Adana\u2019y\u0131 ziyarete gitmi\u015ftir. Elinde k\u0131r \u00e7i\u00e7ekleri ile bir ya\u015fl\u0131 kad\u0131n, Sultan Ana yakla\u015f\u0131r. Bak\u0131\u015flar\u0131n\u0131 Ata\u2019n\u0131n g\u00f6zlerine dikerek \u015f\u00f6yle der: \u201cA benim \u00c7ak\u0131r o\u011flum! Yolunu bir<span class=\"excerpt-hellip\"> [\u2026]<\/span><\/p>\n","protected":false},"featured_media":0,"template":"","meta":{"_monsterinsights_skip_tracking":false,"_monsterinsights_sitenote_active":false,"_monsterinsights_sitenote_note":"","_monsterinsights_sitenote_category":0},"product_brand":[],"product_cat":[13701,12291],"product_tag":[],"class_list":{"0":"post-751984","1":"product","2":"type-product","3":"status-publish","5":"product_cat-ani-mektup-gunluk","6":"product_cat-edebiyat","7":"pa_cilt-ciltsiz","8":"pa_tur-kitap","9":"pa_yayinevi-cinaralti-yayinlari","10":"pa_yazar-hasan-kallimci","12":"first","13":"instock","14":"sale","15":"shipping-taxable","16":"purchasable","17":"product-type-simple"},"_links":{"self":[{"href":"https:\/\/roveyayinevi.com.tr\/index.php\/wp-json\/wp\/v2\/product\/751984","targetHints":{"allow":["GET"]}}],"collection":[{"href":"https:\/\/roveyayinevi.com.tr\/index.php\/wp-json\/wp\/v2\/product"}],"about":[{"href":"https:\/\/roveyayinevi.com.tr\/index.php\/wp-json\/wp\/v2\/types\/product"}],"wp:attachment":[{"href":"https:\/\/roveyayinevi.com.tr\/index.php\/wp-json\/wp\/v2\/media?parent=751984"}],"wp:term":[{"taxonomy":"product_brand","embeddable":true,"href":"https:\/\/roveyayinevi.com.tr\/index.php\/wp-json\/wp\/v2\/product_brand?post=751984"},{"taxonomy":"product_cat","embeddable":true,"href":"https:\/\/roveyayinevi.com.tr\/index.php\/wp-json\/wp\/v2\/product_cat?post=751984"},{"taxonomy":"product_tag","embeddable":true,"href":"https:\/\/roveyayinevi.com.tr\/index.php\/wp-json\/wp\/v2\/product_tag?post=751984"}],"curies":[{"name":"wp","href":"https:\/\/api.w.org\/{rel}","templated":true}]}}