{"id":751983,"date":"2025-08-28T05:03:36","date_gmt":"2025-08-28T02:03:36","guid":{"rendered":"https:\/\/roveyayinevi.com.tr\/index.php\/urun\/atesin-frekansi-fantastik-icatlar-koleksiyonu-2\/"},"modified":"2026-04-16T03:05:30","modified_gmt":"2026-04-16T00:05:30","slug":"atesin-frekansi-fantastik-icatlar-koleksiyonu-2","status":"publish","type":"product","link":"https:\/\/roveyayinevi.com.tr\/index.php\/urun\/atesin-frekansi-fantastik-icatlar-koleksiyonu-2\/","title":{"rendered":"Ate\u015fin Frekans\u0131 &#8211; Fantastik \u0130catlar Koleksiyonu-2"},"content":{"rendered":"<p>\u201cFantastik \u0130catlar Koleksiyonu\u201d serisinin ikinci kitab\u0131nda, yine reng\u00e2renk etkiler uyand\u0131ran e\u015fsiz bilimkurgu \u00f6yk\u00fcleri okuyacaks\u0131n\u0131z. Ate\u015fin s\u0131cakl\u0131\u011f\u0131 sizi de saracak. Ne kadar i\u015fe yarayaca\u011f\u0131 belirsiz, ger\u00e7ek varl\u0131\u011f\u0131 tart\u0131\u015fmal\u0131, inan\u0131lmaz icatlardan olu\u015fan devasa bir koleksiyon kitab\u0131m\u0131z\u0131n sayfalar\u0131nda sergileniyor. 2079 y\u0131l\u0131nda g\u00fcndelik hayat\u0131n bir par\u00e7as\u0131 olacak olan icatlar\u0131 bug\u00fcnden tan\u0131man\u0131n heyecan\u0131n\u0131 ya\u015famaya var m\u0131s\u0131n\u0131z? Polat Onat&#8217;\u0131n benzersiz \u00f6yk\u00fclerinde anlat\u0131lan tasar\u0131mlar, merak uyand\u0131ran ve s\u00fcr\u00fckleyici bir okuma s\u00fcreci vaat ediyor. Aktar\u0131lan bulu\u015flar\u0131n uygulanabilir olup olmad\u0131\u011f\u0131na inan\u0131p inanmamak size kal\u0131yor. <\/p>\n","protected":false},"excerpt":{"rendered":"<p>\u201cFantastik \u0130catlar Koleksiyonu\u201d serisinin ikinci kitab\u0131nda, yine reng\u00e2renk etkiler uyand\u0131ran e\u015fsiz bilimkurgu \u00f6yk\u00fcleri okuyacaks\u0131n\u0131z. Ate\u015fin s\u0131cakl\u0131\u011f\u0131 sizi de saracak. Ne kadar i\u015fe yarayaca\u011f\u0131 belirsiz, ger\u00e7ek varl\u0131\u011f\u0131<span class=\"excerpt-hellip\"> [\u2026]<\/span><\/p>\n","protected":false},"featured_media":0,"template":"","meta":{"_monsterinsights_skip_tracking":false,"_monsterinsights_sitenote_active":false,"_monsterinsights_sitenote_note":"","_monsterinsights_sitenote_category":0},"product_brand":[],"product_cat":[12291,18202],"product_tag":[],"class_list":{"0":"post-751983","1":"product","2":"type-product","3":"status-publish","5":"product_cat-edebiyat","6":"product_cat-hikaye","7":"pa_cilt-ciltsiz","8":"pa_tur-kitap","9":"pa_yayinevi-cinaralti-yayinlari","10":"pa_yazar-polat-onat","12":"first","13":"instock","14":"sale","15":"shipping-taxable","16":"purchasable","17":"product-type-simple"},"_links":{"self":[{"href":"https:\/\/roveyayinevi.com.tr\/index.php\/wp-json\/wp\/v2\/product\/751983","targetHints":{"allow":["GET"]}}],"collection":[{"href":"https:\/\/roveyayinevi.com.tr\/index.php\/wp-json\/wp\/v2\/product"}],"about":[{"href":"https:\/\/roveyayinevi.com.tr\/index.php\/wp-json\/wp\/v2\/types\/product"}],"wp:attachment":[{"href":"https:\/\/roveyayinevi.com.tr\/index.php\/wp-json\/wp\/v2\/media?parent=751983"}],"wp:term":[{"taxonomy":"product_brand","embeddable":true,"href":"https:\/\/roveyayinevi.com.tr\/index.php\/wp-json\/wp\/v2\/product_brand?post=751983"},{"taxonomy":"product_cat","embeddable":true,"href":"https:\/\/roveyayinevi.com.tr\/index.php\/wp-json\/wp\/v2\/product_cat?post=751983"},{"taxonomy":"product_tag","embeddable":true,"href":"https:\/\/roveyayinevi.com.tr\/index.php\/wp-json\/wp\/v2\/product_tag?post=751983"}],"curies":[{"name":"wp","href":"https:\/\/api.w.org\/{rel}","templated":true}]}}