{"id":751982,"date":"2025-08-28T05:03:34","date_gmt":"2025-08-28T02:03:34","guid":{"rendered":"https:\/\/roveyayinevi.com.tr\/index.php\/urun\/canakkale-icinde\/"},"modified":"2026-04-16T03:05:30","modified_gmt":"2026-04-16T00:05:30","slug":"canakkale-icinde","status":"publish","type":"product","link":"https:\/\/roveyayinevi.com.tr\/index.php\/urun\/canakkale-icinde\/","title":{"rendered":"\u00c7anakkale \u0130\u00e7inde"},"content":{"rendered":"<p>\u00c7anakkale Zaferi, T\u00fcrkiye T\u00fcrklerinin yazd\u0131\u011f\u0131 bir destand\u0131r. Pek \u00e7ok lise ve \u00fcniversite \u00f6\u011frencisi bu sava\u015fta \u015fehit d\u00fc\u015ft\u00fc\u011f\u00fc i\u00e7in o ders y\u0131l\u0131 sonunda baz\u0131 okullar mezun verememi\u015ftir. Nice ayd\u0131n insan\u0131m\u0131z\u0131 kaybedilmi\u015f; buna ra\u011fmen T\u00fcrk ordusu, kat kat g\u00fc\u00e7l\u00fc d\u00fc\u015fman ordular\u0131na hem denizde hem de karada ge\u00e7it vermemi\u015ftir. Bu kitap, \u00c7anakkale\u2019de sava\u015fan 211.000 \u015fehit ve 99.000 gazinin a\u011fz\u0131ndan yaz\u0131lm\u0131\u015ft\u0131r. Kitab\u0131n sonunda onlar\u0131 temsilen, \u00fclkenin \u00e7e\u015fitli \u015fehirlerinden 56 Mehmet\u00e7i\u011fin, \u201cVatan sa\u011f olsun!\u201d diyerek att\u0131\u011f\u0131 imzalar\u0131 yer almaktad\u0131r. \u015eehitlerimizin adlar\u0131n\u0131 okurken ya\u015flar\u0131na da dikkat edin l\u00fctfen. \u201c\u00c7anakkale \u0130\u00e7inde\u201d t\u00fcrk\u00fcs\u00fcnde yer alan \u201cGen\u00e7li\u011fim eyvah!\u201d feryad\u0131n\u0131n ac\u0131s\u0131n\u0131 siz de y\u00fcre\u011finizde hissedeceksiniz. <\/p>\n","protected":false},"excerpt":{"rendered":"<p>\u00c7anakkale Zaferi, T\u00fcrkiye T\u00fcrklerinin yazd\u0131\u011f\u0131 bir destand\u0131r. Pek \u00e7ok lise ve \u00fcniversite \u00f6\u011frencisi bu sava\u015fta \u015fehit d\u00fc\u015ft\u00fc\u011f\u00fc i\u00e7in o ders y\u0131l\u0131 sonunda baz\u0131 okullar mezun verememi\u015ftir.<span class=\"excerpt-hellip\"> [\u2026]<\/span><\/p>\n","protected":false},"featured_media":0,"template":"","meta":{"_monsterinsights_skip_tracking":false,"_monsterinsights_sitenote_active":false,"_monsterinsights_sitenote_note":"","_monsterinsights_sitenote_category":0},"product_brand":[],"product_cat":[12291,13706],"product_tag":[],"class_list":{"0":"post-751982","1":"product","2":"type-product","3":"status-publish","5":"product_cat-edebiyat","6":"product_cat-efsane-destan-masal","7":"pa_cilt-ciltsiz","8":"pa_tur-kitap","9":"pa_yayinevi-cinaralti-yayinlari","10":"pa_yazar-hasan-kallimci","12":"first","13":"instock","14":"sale","15":"shipping-taxable","16":"purchasable","17":"product-type-simple"},"_links":{"self":[{"href":"https:\/\/roveyayinevi.com.tr\/index.php\/wp-json\/wp\/v2\/product\/751982","targetHints":{"allow":["GET"]}}],"collection":[{"href":"https:\/\/roveyayinevi.com.tr\/index.php\/wp-json\/wp\/v2\/product"}],"about":[{"href":"https:\/\/roveyayinevi.com.tr\/index.php\/wp-json\/wp\/v2\/types\/product"}],"wp:attachment":[{"href":"https:\/\/roveyayinevi.com.tr\/index.php\/wp-json\/wp\/v2\/media?parent=751982"}],"wp:term":[{"taxonomy":"product_brand","embeddable":true,"href":"https:\/\/roveyayinevi.com.tr\/index.php\/wp-json\/wp\/v2\/product_brand?post=751982"},{"taxonomy":"product_cat","embeddable":true,"href":"https:\/\/roveyayinevi.com.tr\/index.php\/wp-json\/wp\/v2\/product_cat?post=751982"},{"taxonomy":"product_tag","embeddable":true,"href":"https:\/\/roveyayinevi.com.tr\/index.php\/wp-json\/wp\/v2\/product_tag?post=751982"}],"curies":[{"name":"wp","href":"https:\/\/api.w.org\/{rel}","templated":true}]}}