{"id":751979,"date":"2025-08-28T05:03:28","date_gmt":"2025-08-28T02:03:28","guid":{"rendered":"https:\/\/roveyayinevi.com.tr\/index.php\/urun\/ya-ben-istanbulu-alacagim\/"},"modified":"2026-04-16T03:05:30","modified_gmt":"2026-04-16T00:05:30","slug":"ya-ben-istanbulu-alacagim","status":"publish","type":"product","link":"https:\/\/roveyayinevi.com.tr\/index.php\/urun\/ya-ben-istanbulu-alacagim\/","title":{"rendered":"Ya Ben \u0130stanbul&#8217;u Alaca\u011f\u0131m"},"content":{"rendered":"<p>Bu kitap, \u0130stanbul\u2019un fethinin roman\u0131d\u0131r. Ad\u0131n\u0131, Fatih\u2019in \u201cYa ben \u0130stanbul\u2019u alaca\u011f\u0131m ya \u0130stanbul beni!\u201d s\u00f6z\u00fcnden alm\u0131\u015ft\u0131r. Fatih Sultan Mehmet, \u0130stanbul\u2019un fethini d\u00fc\u015f\u00fcnen, planlayan ve ger\u00e7ekle\u015ftiren bir ba\u015fkumandan ve gencecik bir padi\u015faht\u0131r. Surlar\u0131 y\u0131kan b\u00fcy\u00fck toplar\u0131n \u00e7izimlerini yapan bir bilgindir. Bu g\u00fczel \u015fehri fethetti\u011finde hen\u00fcz 21 ya\u015f\u0131ndad\u0131r. Bu kitab\u0131 okurken askerlerimizin azmine, cesaretine hayran olacaks\u0131n\u0131z. T\u00fcrk milletine \u0130stanbul gibi g\u00fczel bir \u015fehri kazand\u0131ran ordumuzla ve Fatih Sultan Mehmet\u2019le gurur duyacaks\u0131n\u0131z. <\/p>\n","protected":false},"excerpt":{"rendered":"<p>Bu kitap, \u0130stanbul\u2019un fethinin roman\u0131d\u0131r. Ad\u0131n\u0131, Fatih\u2019in \u201cYa ben \u0130stanbul\u2019u alaca\u011f\u0131m ya \u0130stanbul beni!\u201d s\u00f6z\u00fcnden alm\u0131\u015ft\u0131r. Fatih Sultan Mehmet, \u0130stanbul\u2019un fethini d\u00fc\u015f\u00fcnen, planlayan ve ger\u00e7ekle\u015ftiren bir<span class=\"excerpt-hellip\"> [\u2026]<\/span><\/p>\n","protected":false},"featured_media":0,"template":"","meta":{"_monsterinsights_skip_tracking":false,"_monsterinsights_sitenote_active":false,"_monsterinsights_sitenote_note":"","_monsterinsights_sitenote_category":0},"product_brand":[],"product_cat":[12291,13706],"product_tag":[],"class_list":{"0":"post-751979","1":"product","2":"type-product","3":"status-publish","5":"product_cat-edebiyat","6":"product_cat-efsane-destan-masal","7":"pa_cilt-ciltsiz","8":"pa_tur-kitap","9":"pa_yayinevi-cinaralti-yayinlari","10":"pa_yazar-hasan-kallimci","12":"first","13":"instock","14":"sale","15":"shipping-taxable","16":"purchasable","17":"product-type-simple"},"_links":{"self":[{"href":"https:\/\/roveyayinevi.com.tr\/index.php\/wp-json\/wp\/v2\/product\/751979","targetHints":{"allow":["GET"]}}],"collection":[{"href":"https:\/\/roveyayinevi.com.tr\/index.php\/wp-json\/wp\/v2\/product"}],"about":[{"href":"https:\/\/roveyayinevi.com.tr\/index.php\/wp-json\/wp\/v2\/types\/product"}],"wp:attachment":[{"href":"https:\/\/roveyayinevi.com.tr\/index.php\/wp-json\/wp\/v2\/media?parent=751979"}],"wp:term":[{"taxonomy":"product_brand","embeddable":true,"href":"https:\/\/roveyayinevi.com.tr\/index.php\/wp-json\/wp\/v2\/product_brand?post=751979"},{"taxonomy":"product_cat","embeddable":true,"href":"https:\/\/roveyayinevi.com.tr\/index.php\/wp-json\/wp\/v2\/product_cat?post=751979"},{"taxonomy":"product_tag","embeddable":true,"href":"https:\/\/roveyayinevi.com.tr\/index.php\/wp-json\/wp\/v2\/product_tag?post=751979"}],"curies":[{"name":"wp","href":"https:\/\/api.w.org\/{rel}","templated":true}]}}