{"id":751976,"date":"2025-08-28T05:03:24","date_gmt":"2025-08-28T02:03:24","guid":{"rendered":"https:\/\/roveyayinevi.com.tr\/index.php\/urun\/fransada-asiri-sagin-yukselisi\/"},"modified":"2026-04-16T03:05:30","modified_gmt":"2026-04-16T00:05:30","slug":"fransada-asiri-sagin-yukselisi","status":"publish","type":"product","link":"https:\/\/roveyayinevi.com.tr\/index.php\/urun\/fransada-asiri-sagin-yukselisi\/","title":{"rendered":"Fransa&#8217;da A\u015f\u0131r\u0131 Sa\u011f&#8217;\u0131n Y\u00fckseli\u015fi"},"content":{"rendered":"<p>FRANSA\u2019DA A\u015eIRI SA\u011e\u2019IN Y\u00dcKSEL\u0130\u015e\u0130: ULUSAL CEPHE HAREKET\u0130 <\/p>\n","protected":false},"excerpt":{"rendered":"<p>FRANSA\u2019DA A\u015eIRI SA\u011e\u2019IN Y\u00dcKSEL\u0130\u015e\u0130: ULUSAL CEPHE HAREKET\u0130<\/p>\n","protected":false},"featured_media":0,"template":"","meta":{"_monsterinsights_skip_tracking":false,"_monsterinsights_sitenote_active":false,"_monsterinsights_sitenote_note":"","_monsterinsights_sitenote_category":0},"product_brand":[],"product_cat":[12337],"product_tag":[],"class_list":{"0":"post-751976","1":"product","2":"type-product","3":"status-publish","5":"product_cat-politika-siyaset","6":"pa_cilt-ciltsiz","7":"pa_tur-kitap","8":"pa_yayinevi-soncag-akademik-kitaplar","9":"pa_yazar-betul-saziye-kutuk","11":"first","12":"instock","13":"sale","14":"shipping-taxable","15":"purchasable","16":"product-type-simple"},"_links":{"self":[{"href":"https:\/\/roveyayinevi.com.tr\/index.php\/wp-json\/wp\/v2\/product\/751976","targetHints":{"allow":["GET"]}}],"collection":[{"href":"https:\/\/roveyayinevi.com.tr\/index.php\/wp-json\/wp\/v2\/product"}],"about":[{"href":"https:\/\/roveyayinevi.com.tr\/index.php\/wp-json\/wp\/v2\/types\/product"}],"wp:attachment":[{"href":"https:\/\/roveyayinevi.com.tr\/index.php\/wp-json\/wp\/v2\/media?parent=751976"}],"wp:term":[{"taxonomy":"product_brand","embeddable":true,"href":"https:\/\/roveyayinevi.com.tr\/index.php\/wp-json\/wp\/v2\/product_brand?post=751976"},{"taxonomy":"product_cat","embeddable":true,"href":"https:\/\/roveyayinevi.com.tr\/index.php\/wp-json\/wp\/v2\/product_cat?post=751976"},{"taxonomy":"product_tag","embeddable":true,"href":"https:\/\/roveyayinevi.com.tr\/index.php\/wp-json\/wp\/v2\/product_tag?post=751976"}],"curies":[{"name":"wp","href":"https:\/\/api.w.org\/{rel}","templated":true}]}}