{"id":751975,"date":"2025-08-28T05:03:23","date_gmt":"2025-08-28T02:03:23","guid":{"rendered":"https:\/\/roveyayinevi.com.tr\/index.php\/urun\/kuran-kissalarinin-mesajlari-ciltli\/"},"modified":"2025-10-19T09:05:20","modified_gmt":"2025-10-19T06:05:20","slug":"kuran-kissalarinin-mesajlari-ciltli","status":"publish","type":"product","link":"https:\/\/roveyayinevi.com.tr\/index.php\/urun\/kuran-kissalarinin-mesajlari-ciltli\/","title":{"rendered":"Kur\u2019an K\u0131ssalar\u0131n\u0131n Mesajlar\u0131 (Ciltli)"},"content":{"rendered":"<p>Kur\u2019an yakla\u015f\u0131k %40\u2019\u0131 k\u0131ssa ve mesellerden olu\u015fur. Kur\u2019an\u2019\u0131n k\u0131ssa ve meselleri anlatmaktaki as\u0131l amac\u0131n\u0131n tarih\u00ee bilgi vermekten \u00e7ok \u00f6te, bunlardan ahlak\u00ee dersler \u00e7\u0131karmak, \u00f6rnekleriyle ki\u015fili\u011fimizi in\u015fa etmek oldu\u011fu a\u00e7\u0131kt\u0131r. Di\u011fer kitaplar\u0131n k\u0131ssalar\u0131 ele al\u0131\u015f tarz\u0131yla, Kur\u2019an\u2019\u0131n ele al\u0131\u015f tarz\u0131 aras\u0131nda \u00f6ze ili\u015fkin dikkat \u00e7ekici fark da budur.             Bu \u00e7al\u0131\u015fmayla, Kur\u2019an\u2019da k\u0131ssalar\u0131 olan peygamberlerin ve Kur\u2019an\u2019da yer alan baz\u0131 mesellerin insan ahlak\u0131na kaynakl\u0131k etmesi ama\u00e7lanm\u0131\u015ft\u0131r. Do\u011fal ki Allah taraf\u0131ndan \u00f6zel olarak se\u00e7ilen ve yeti\u015ftirilen kimseler olarak peygamberler \u00f6rneklikleriyle insandaki \u015fahsiyet in\u015fas\u0131na do\u011frudan katk\u0131da bulunacakt\u0131r. <\/p>\n","protected":false},"excerpt":{"rendered":"<p>Kur\u2019an yakla\u015f\u0131k %40\u2019\u0131 k\u0131ssa ve mesellerden olu\u015fur. Kur\u2019an\u2019\u0131n k\u0131ssa ve meselleri anlatmaktaki as\u0131l amac\u0131n\u0131n tarih\u00ee bilgi vermekten \u00e7ok \u00f6te, bunlardan ahlak\u00ee dersler \u00e7\u0131karmak, \u00f6rnekleriyle ki\u015fili\u011fimizi in\u015fa<span class=\"excerpt-hellip\"> [\u2026]<\/span><\/p>\n","protected":false},"featured_media":0,"template":"","meta":{"_monsterinsights_skip_tracking":false,"_monsterinsights_sitenote_active":false,"_monsterinsights_sitenote_note":"","_monsterinsights_sitenote_category":0},"product_brand":[],"product_cat":[12718,12719,17284],"product_tag":[],"class_list":{"0":"post-751975","1":"product","2":"type-product","3":"status-publish","5":"product_cat-din","6":"product_cat-islam","7":"product_cat-kuran-ve-kuran-uzerine","8":"pa_cilt-ciltli","9":"pa_tur-kitap","10":"pa_yayinevi-net-kitaplik-yayincilik","11":"pa_yazar-orhan-arslan","13":"first","14":"instock","15":"sale","16":"shipping-taxable","17":"purchasable","18":"product-type-simple"},"_links":{"self":[{"href":"https:\/\/roveyayinevi.com.tr\/index.php\/wp-json\/wp\/v2\/product\/751975","targetHints":{"allow":["GET"]}}],"collection":[{"href":"https:\/\/roveyayinevi.com.tr\/index.php\/wp-json\/wp\/v2\/product"}],"about":[{"href":"https:\/\/roveyayinevi.com.tr\/index.php\/wp-json\/wp\/v2\/types\/product"}],"wp:attachment":[{"href":"https:\/\/roveyayinevi.com.tr\/index.php\/wp-json\/wp\/v2\/media?parent=751975"}],"wp:term":[{"taxonomy":"product_brand","embeddable":true,"href":"https:\/\/roveyayinevi.com.tr\/index.php\/wp-json\/wp\/v2\/product_brand?post=751975"},{"taxonomy":"product_cat","embeddable":true,"href":"https:\/\/roveyayinevi.com.tr\/index.php\/wp-json\/wp\/v2\/product_cat?post=751975"},{"taxonomy":"product_tag","embeddable":true,"href":"https:\/\/roveyayinevi.com.tr\/index.php\/wp-json\/wp\/v2\/product_tag?post=751975"}],"curies":[{"name":"wp","href":"https:\/\/api.w.org\/{rel}","templated":true}]}}