{"id":751974,"date":"2025-08-28T05:03:22","date_gmt":"2025-08-28T02:03:22","guid":{"rendered":"https:\/\/roveyayinevi.com.tr\/index.php\/urun\/celige-su-vermek\/"},"modified":"2025-10-19T09:05:20","modified_gmt":"2025-10-19T06:05:20","slug":"celige-su-vermek","status":"publish","type":"product","link":"https:\/\/roveyayinevi.com.tr\/index.php\/urun\/celige-su-vermek\/","title":{"rendered":"\u00c7eli\u011fe Su Vermek"},"content":{"rendered":"<p>Yalan de\u011fil, ger\u00e7ek d\u00fcnyadas\u0131n. Kimse, \u201cYalan D\u00fcnya\u201d diye seni kand\u0131rmas\u0131n. As\u0131l ba\u015far\u0131 bu d\u00fcnyadaki ba\u015far\u0131nd\u0131r. Unutma ki, cennetini buradan ahirete ta\u015f\u0131yacaks\u0131n. Cennet, \u00f6l\u00fcnce girece\u011fin bir yer de\u011fil, \u00f6lmeden girdi\u011fin bir yeri beraberinde g\u00f6t\u00fcrmektir. Ahiret elbisesi burada dikilir. Sen ey \u0130nsan! Yery\u00fcz\u00fc Sorumlusu olarak atand\u0131n. Bu g\u00f6revini hakk\u0131yla yapabilmen i\u00e7in yeterli donan\u0131ma da sahipsin. Allah sana ruh verdi, ak\u0131l, irade, bilin\u00e7 ve vicdan verdi. Pek \u00e7ok Nebi g\u00f6nderdi ve seni \u0130lahi vahiyle destekledi. Bu verilenleri hakk\u0131yla kullanman ve sorumlulu\u011funu yerine getirebilmen i\u00e7in g\u00fc\u00e7l\u00fc olmal\u0131s\u0131n. Hem de \u00e7ok g\u00fc\u00e7l\u00fc. \u00d6\u011frenmeli, bilmeli ve hayat\u0131na do\u011fru yolda y\u00f6n vermelisin. Hakk\u0131yla, yani bihakk\u0131n&#8230; Yarat\u0131l\u0131\u015f amac\u0131na uygun olarak\u2026 Ve de i\u00e7indeki insan \u00e7eli\u011fine su vermelisin; keskin ve etkili olman i\u00e7in. Buyur, irade senin. Kullan art\u0131k\u2026 \u00c7abala. Allah eme\u011fini g\u00f6r\u00fcyor. Ba\u015far\u0131 sadece O\u2019ndand\u0131r. <\/p>\n","protected":false},"excerpt":{"rendered":"<p>Yalan de\u011fil, ger\u00e7ek d\u00fcnyadas\u0131n. Kimse, \u201cYalan D\u00fcnya\u201d diye seni kand\u0131rmas\u0131n. As\u0131l ba\u015far\u0131 bu d\u00fcnyadaki ba\u015far\u0131nd\u0131r. Unutma ki, cennetini buradan ahirete ta\u015f\u0131yacaks\u0131n. Cennet, \u00f6l\u00fcnce girece\u011fin bir yer<span class=\"excerpt-hellip\"> [\u2026]<\/span><\/p>\n","protected":false},"featured_media":0,"template":"","meta":{"_monsterinsights_skip_tracking":false,"_monsterinsights_sitenote_active":false,"_monsterinsights_sitenote_note":"","_monsterinsights_sitenote_category":0},"product_brand":[],"product_cat":[12291,12509],"product_tag":[],"class_list":{"0":"post-751974","1":"product","2":"type-product","3":"status-publish","5":"product_cat-edebiyat","6":"product_cat-siir","7":"pa_cilt-ciltsiz","8":"pa_tur-kitap","9":"pa_yayinevi-net-kitaplik-yayincilik","10":"pa_yazar-orhan-arslan","12":"first","13":"instock","14":"sale","15":"shipping-taxable","16":"purchasable","17":"product-type-simple"},"_links":{"self":[{"href":"https:\/\/roveyayinevi.com.tr\/index.php\/wp-json\/wp\/v2\/product\/751974","targetHints":{"allow":["GET"]}}],"collection":[{"href":"https:\/\/roveyayinevi.com.tr\/index.php\/wp-json\/wp\/v2\/product"}],"about":[{"href":"https:\/\/roveyayinevi.com.tr\/index.php\/wp-json\/wp\/v2\/types\/product"}],"wp:attachment":[{"href":"https:\/\/roveyayinevi.com.tr\/index.php\/wp-json\/wp\/v2\/media?parent=751974"}],"wp:term":[{"taxonomy":"product_brand","embeddable":true,"href":"https:\/\/roveyayinevi.com.tr\/index.php\/wp-json\/wp\/v2\/product_brand?post=751974"},{"taxonomy":"product_cat","embeddable":true,"href":"https:\/\/roveyayinevi.com.tr\/index.php\/wp-json\/wp\/v2\/product_cat?post=751974"},{"taxonomy":"product_tag","embeddable":true,"href":"https:\/\/roveyayinevi.com.tr\/index.php\/wp-json\/wp\/v2\/product_tag?post=751974"}],"curies":[{"name":"wp","href":"https:\/\/api.w.org\/{rel}","templated":true}]}}