{"id":751973,"date":"2025-08-28T05:03:21","date_gmt":"2025-08-28T02:03:21","guid":{"rendered":"https:\/\/roveyayinevi.com.tr\/index.php\/urun\/aserbaycan-tarixi\/"},"modified":"2026-04-16T03:05:30","modified_gmt":"2026-04-16T00:05:30","slug":"aserbaycan-tarixi","status":"publish","type":"product","link":"https:\/\/roveyayinevi.com.tr\/index.php\/urun\/aserbaycan-tarixi\/","title":{"rendered":"Aserbaycan Tarixi"},"content":{"rendered":"<p>Ara\u015ft\u0131rmac\u0131-yazar Ali Sahib Aro\u011flu tarih, edebiyat, T\u00fcrkoloji, mitoloji, felsefe, tabiat ve teknik bilimler sahas\u0131nda okudu\u011fu bilgilere dayanarak kaleme ald\u0131\u011f\u0131 bu kitab\u0131nda Azerbaycan tarihinin, daha do\u011frusu \u201cT\u00fcrk d\u00fcnyas\u0131n\u0131n tarihi\u201d kitab\u0131n\u0131n, d\u00fcnya tarihinin yeniden ve d\u00fczg\u00fcn yaz\u0131lmas\u0131n\u0131n zorunlulu\u011funu tutarl\u0131 olgularla sunmu\u015ftur. Azerbaycan T\u00fcrk\u00e7esinde haz\u0131rlanm\u0131\u015f ve orijinal diliyle yay\u0131mlanm\u0131\u015f bir eserdir. <\/p>\n","protected":false},"excerpt":{"rendered":"<p>Ara\u015ft\u0131rmac\u0131-yazar Ali Sahib Aro\u011flu tarih, edebiyat, T\u00fcrkoloji, mitoloji, felsefe, tabiat ve teknik bilimler sahas\u0131nda okudu\u011fu bilgilere dayanarak kaleme ald\u0131\u011f\u0131 bu kitab\u0131nda Azerbaycan tarihinin, daha do\u011frusu \u201cT\u00fcrk<span class=\"excerpt-hellip\"> [\u2026]<\/span><\/p>\n","protected":false},"featured_media":0,"template":"","meta":{"_monsterinsights_skip_tracking":false,"_monsterinsights_sitenote_active":false,"_monsterinsights_sitenote_note":"","_monsterinsights_sitenote_category":0},"product_brand":[],"product_cat":[12305,12304],"product_tag":[],"class_list":{"0":"post-751973","1":"product","2":"type-product","3":"status-publish","5":"product_cat-dunya-tarihi","6":"product_cat-tarih","7":"pa_cilt-ciltsiz","8":"pa_tur-kitap","9":"pa_yayinevi-net-kitaplik-yayincilik","10":"pa_yazar-ali-sahib-arogul","12":"first","13":"instock","14":"sale","15":"shipping-taxable","16":"purchasable","17":"product-type-simple"},"_links":{"self":[{"href":"https:\/\/roveyayinevi.com.tr\/index.php\/wp-json\/wp\/v2\/product\/751973","targetHints":{"allow":["GET"]}}],"collection":[{"href":"https:\/\/roveyayinevi.com.tr\/index.php\/wp-json\/wp\/v2\/product"}],"about":[{"href":"https:\/\/roveyayinevi.com.tr\/index.php\/wp-json\/wp\/v2\/types\/product"}],"wp:attachment":[{"href":"https:\/\/roveyayinevi.com.tr\/index.php\/wp-json\/wp\/v2\/media?parent=751973"}],"wp:term":[{"taxonomy":"product_brand","embeddable":true,"href":"https:\/\/roveyayinevi.com.tr\/index.php\/wp-json\/wp\/v2\/product_brand?post=751973"},{"taxonomy":"product_cat","embeddable":true,"href":"https:\/\/roveyayinevi.com.tr\/index.php\/wp-json\/wp\/v2\/product_cat?post=751973"},{"taxonomy":"product_tag","embeddable":true,"href":"https:\/\/roveyayinevi.com.tr\/index.php\/wp-json\/wp\/v2\/product_tag?post=751973"}],"curies":[{"name":"wp","href":"https:\/\/api.w.org\/{rel}","templated":true}]}}