{"id":751970,"date":"2025-08-28T05:03:18","date_gmt":"2025-08-28T02:03:18","guid":{"rendered":"https:\/\/roveyayinevi.com.tr\/index.php\/urun\/taekwondo-sporcularinin-zihinsel-dayanikliklarinin-incelenmesi\/"},"modified":"2026-04-16T03:05:30","modified_gmt":"2026-04-16T00:05:30","slug":"taekwondo-sporcularinin-zihinsel-dayanikliklarinin-incelenmesi","status":"publish","type":"product","link":"https:\/\/roveyayinevi.com.tr\/index.php\/urun\/taekwondo-sporcularinin-zihinsel-dayanikliklarinin-incelenmesi\/","title":{"rendered":"Taekwondo Sporcular\u0131n\u0131n Zihinsel Dayan\u0131kl\u0131klar\u0131n\u0131n \u0130ncelenmesi"},"content":{"rendered":"<p>\u0130\u00e7indekiler   TE\u015eEKK\u00dcR TABLO L\u0130STES\u0130 KISALTMALAR L\u0130STES\u0130 1. \u00d6ZET 2. G\u0130R\u0130\u015e 2.1. Spor ve Sporcu 2.2. Taekwondo 2.2.1. Taekwondo\u2019da Ku\u015faklar 2.2.2. Taekwondo m\u00fcsabakas\u0131nda kullan\u0131lan teknikler 2.2.3. Yumruk 2.2.4. Taekwondonun D\u00fcnyaya Geli\u015fimi 2.2.5. Taekwondonun T\u00fcrkiye\u2019deki Tarihi Geli\u015fimi 2.3. Spor psikolojisi 2.4. Zihinsel dayan\u0131kl\u0131l\u0131k 2.4.1. Sporda Zihinsel Dayan\u0131kl\u0131l\u0131k 3. GERE\u00c7 Y\u00d6NTEM 3.1. Ara\u015ft\u0131rmada Evren ve \u00d6rneklem Se\u00e7imi 3.2. Veri Toplama Ara\u00e7lar\u0131 3.3. Verilerin Analizi 4. BULGULAR 5. TARTI\u015eMA 6. SONU\u00c7 7. KAYNAKLAR 8. EKLER 9. \u00d6ZGE\u00c7M\u0130\u015e <\/p>\n","protected":false},"excerpt":{"rendered":"<p>\u0130\u00e7indekiler TE\u015eEKK\u00dcR TABLO L\u0130STES\u0130 KISALTMALAR L\u0130STES\u0130 1. \u00d6ZET 2. G\u0130R\u0130\u015e 2.1. Spor ve Sporcu 2.2. Taekwondo 2.2.1. Taekwondo\u2019da Ku\u015faklar 2.2.2. Taekwondo m\u00fcsabakas\u0131nda kullan\u0131lan teknikler 2.2.3. Yumruk<span class=\"excerpt-hellip\"> [\u2026]<\/span><\/p>\n","protected":false},"featured_media":0,"template":"","meta":{"_monsterinsights_skip_tracking":false,"_monsterinsights_sitenote_active":false,"_monsterinsights_sitenote_note":"","_monsterinsights_sitenote_category":0},"product_brand":[],"product_cat":[15563,15564],"product_tag":[],"class_list":{"0":"post-751970","1":"product","2":"type-product","3":"status-publish","5":"product_cat-hobi","6":"product_cat-spor","7":"pa_cilt-ciltsiz","8":"pa_tur-kitap","9":"pa_yayinevi-gazi-kitabevi","10":"pa_yazar-furkan-turkoglu","12":"first","13":"instock","14":"sale","15":"shipping-taxable","16":"purchasable","17":"product-type-simple"},"_links":{"self":[{"href":"https:\/\/roveyayinevi.com.tr\/index.php\/wp-json\/wp\/v2\/product\/751970","targetHints":{"allow":["GET"]}}],"collection":[{"href":"https:\/\/roveyayinevi.com.tr\/index.php\/wp-json\/wp\/v2\/product"}],"about":[{"href":"https:\/\/roveyayinevi.com.tr\/index.php\/wp-json\/wp\/v2\/types\/product"}],"wp:attachment":[{"href":"https:\/\/roveyayinevi.com.tr\/index.php\/wp-json\/wp\/v2\/media?parent=751970"}],"wp:term":[{"taxonomy":"product_brand","embeddable":true,"href":"https:\/\/roveyayinevi.com.tr\/index.php\/wp-json\/wp\/v2\/product_brand?post=751970"},{"taxonomy":"product_cat","embeddable":true,"href":"https:\/\/roveyayinevi.com.tr\/index.php\/wp-json\/wp\/v2\/product_cat?post=751970"},{"taxonomy":"product_tag","embeddable":true,"href":"https:\/\/roveyayinevi.com.tr\/index.php\/wp-json\/wp\/v2\/product_tag?post=751970"}],"curies":[{"name":"wp","href":"https:\/\/api.w.org\/{rel}","templated":true}]}}