{"id":751969,"date":"2025-08-28T05:03:17","date_gmt":"2025-08-28T02:03:17","guid":{"rendered":"https:\/\/roveyayinevi.com.tr\/index.php\/urun\/foucaultdan-rancieree-gelecek-demokrasi\/"},"modified":"2026-04-16T03:05:30","modified_gmt":"2026-04-16T00:05:30","slug":"foucaultdan-rancieree-gelecek-demokrasi","status":"publish","type":"product","link":"https:\/\/roveyayinevi.com.tr\/index.php\/urun\/foucaultdan-rancieree-gelecek-demokrasi\/","title":{"rendered":"Foucault\u2019dan Ranciere\u2019e Gelecek Demokrasi"},"content":{"rendered":"<p>Bu kitap \u00e7a\u011fda\u015f felsefenin mimarlar\u0131 Foucault, Derrida, Agamben, Ranci\u00e8re ve Nancy\u2019nin politik d\u00fc\u015f\u00fcncesinin izini s\u00fcr\u00fcyor. Foucault\u2019da delilik ve kapat\u0131lmadan Ranci\u00e8re\u2019in Cahil Hoca\u2019s\u0131na, Derrida\u2019da tekillik ve konukseverlikten Agamben\u2019de dil ve sessizli\u011fe uzanan bir yol izliyor. Bu kitaptaki \u2018\u00e7a\u011fda\u015f\u2019 d\u00fc\u015f\u00fcn\u00fcrlerin ortak problemi, polisin (kent devletinin) ba\u015flang\u0131\u00e7tan beri idealize edilmi\u015f bir m\u00fckemmelli\u011fi dayatma hakk\u0131 ve yetkisiyle ortaya \u00e7\u0131kmas\u0131d\u0131r. Politikan\u0131n birlikte d\u00fc\u015f\u00fcn\u00fcld\u00fc\u011f\u00fc kavram veya ilkeler yeniden ele al\u0131nmal\u0131 veya bu kavram setlerinin \u2018politik\u2019 nitelikleri g\u00f6zden ge\u00e7irilmelidir. Bu \u00e7a\u011fda\u015f d\u00fc\u015f\u00fcn\u00fcrlerin ortak bir \u00f6zelli\u011fi de felsefenin politikadan fark\u0131n\u0131 bir &#8216;a\u00e7\u0131kl\u0131k&#8217; d\u00fc\u015f\u00fcncesi ba\u011flam\u0131nda ele almalar\u0131d\u0131r. Burada ele\u015ftiri, politik olan\u0131n temelsizli\u011fini g\u00f6stermeyi de\u011fil, bu &#8216;temel&#8217; d\u00fc\u015f\u00fcncesinin &#8216;temelsizli\u011fini&#8217; if\u015fa etmeyi hedeflemektedir.<\/p>\n","protected":false},"excerpt":{"rendered":"<p>Bu kitap \u00e7a\u011fda\u015f felsefenin mimarlar\u0131 Foucault, Derrida, Agamben, Ranci\u00e8re ve Nancy\u2019nin politik d\u00fc\u015f\u00fcncesinin izini s\u00fcr\u00fcyor. Foucault\u2019da delilik ve kapat\u0131lmadan Ranci\u00e8re\u2019in Cahil Hoca\u2019s\u0131na, Derrida\u2019da tekillik ve konukseverlikten<span class=\"excerpt-hellip\"> [\u2026]<\/span><\/p>\n","protected":false},"featured_media":0,"template":"","meta":{"_monsterinsights_skip_tracking":false,"_monsterinsights_sitenote_active":false,"_monsterinsights_sitenote_note":"","_monsterinsights_sitenote_category":0},"product_brand":[],"product_cat":[20351,12388],"product_tag":[],"class_list":{"0":"post-751969","1":"product","2":"type-product","3":"status-publish","5":"product_cat-dusunce","6":"product_cat-felsefe","7":"pa_cilt-ciltsiz","8":"pa_tur-kitap","9":"pa_yayinevi-fol-kitap","10":"pa_yazar-efe-basturk","12":"first","13":"instock","14":"sale","15":"shipping-taxable","16":"purchasable","17":"product-type-simple"},"_links":{"self":[{"href":"https:\/\/roveyayinevi.com.tr\/index.php\/wp-json\/wp\/v2\/product\/751969","targetHints":{"allow":["GET"]}}],"collection":[{"href":"https:\/\/roveyayinevi.com.tr\/index.php\/wp-json\/wp\/v2\/product"}],"about":[{"href":"https:\/\/roveyayinevi.com.tr\/index.php\/wp-json\/wp\/v2\/types\/product"}],"wp:attachment":[{"href":"https:\/\/roveyayinevi.com.tr\/index.php\/wp-json\/wp\/v2\/media?parent=751969"}],"wp:term":[{"taxonomy":"product_brand","embeddable":true,"href":"https:\/\/roveyayinevi.com.tr\/index.php\/wp-json\/wp\/v2\/product_brand?post=751969"},{"taxonomy":"product_cat","embeddable":true,"href":"https:\/\/roveyayinevi.com.tr\/index.php\/wp-json\/wp\/v2\/product_cat?post=751969"},{"taxonomy":"product_tag","embeddable":true,"href":"https:\/\/roveyayinevi.com.tr\/index.php\/wp-json\/wp\/v2\/product_tag?post=751969"}],"curies":[{"name":"wp","href":"https:\/\/api.w.org\/{rel}","templated":true}]}}