{"id":751965,"date":"2025-08-28T05:03:12","date_gmt":"2025-08-28T02:03:12","guid":{"rendered":"https:\/\/roveyayinevi.com.tr\/index.php\/urun\/devlette-davranissal-kamu-politikalarinin-ortaya-cikisi-ve-gelisim-sureci\/"},"modified":"2026-04-16T03:05:29","modified_gmt":"2026-04-16T00:05:29","slug":"devlette-davranissal-kamu-politikalarinin-ortaya-cikisi-ve-gelisim-sureci","status":"publish","type":"product","link":"https:\/\/roveyayinevi.com.tr\/index.php\/urun\/devlette-davranissal-kamu-politikalarinin-ortaya-cikisi-ve-gelisim-sureci\/","title":{"rendered":"Devlette Davran\u0131\u015fsal Kamu Politikalar\u0131n\u0131n Ortaya \u00c7\u0131k\u0131\u015f\u0131 ve Geli\u015fim S\u00fcreci"},"content":{"rendered":"<p>\u0130\u00e7indekiler     1. B\u00d6L\u00dcM: KAMU POL\u0130T\u0130KALARI ANAL\u0130Z\u0130N\u0130N GEL\u0130\u015e\u0130M\u0130 VE DAVRANI\u015eSAL KAMU POL\u0130T\u0130KASI 2. B\u00d6L\u00dcM: DAVRANI\u015eSAL KAMU POL\u0130T\u0130KASININ D\u00dcNYADA YAYGINLIK KAZANMASI 3. B\u00d6L\u00dcM: T\u00dcRK\u0130YE \u00d6RNE\u011e\u0130: DAVRANI\u015eSAL KAMU POL\u0130T\u0130KALARI B\u0130R\u0130M\u0130N\u0130N ORTAYA \u00c7IKI\u015eI 4. B\u00d6L\u00dcM: SONU\u00c7 VE \u00d6NER\u0130LER KAYNAK\u00c7A <\/p>\n","protected":false},"excerpt":{"rendered":"<p>\u0130\u00e7indekiler 1. B\u00d6L\u00dcM: KAMU POL\u0130T\u0130KALARI ANAL\u0130Z\u0130N\u0130N GEL\u0130\u015e\u0130M\u0130 VE DAVRANI\u015eSAL KAMU POL\u0130T\u0130KASI 2. B\u00d6L\u00dcM: DAVRANI\u015eSAL KAMU POL\u0130T\u0130KASININ D\u00dcNYADA YAYGINLIK KAZANMASI 3. B\u00d6L\u00dcM: T\u00dcRK\u0130YE \u00d6RNE\u011e\u0130: DAVRANI\u015eSAL KAMU POL\u0130T\u0130KALARI<span class=\"excerpt-hellip\"> [\u2026]<\/span><\/p>\n","protected":false},"featured_media":0,"template":"","meta":{"_monsterinsights_skip_tracking":false,"_monsterinsights_sitenote_active":false,"_monsterinsights_sitenote_note":"","_monsterinsights_sitenote_category":0},"product_brand":[],"product_cat":[12573,12566],"product_tag":[],"class_list":{"0":"post-751965","1":"product","2":"type-product","3":"status-publish","5":"product_cat-akademik-kitaplar","6":"product_cat-egitim","7":"pa_cilt-ciltsiz","8":"pa_tur-kitap","9":"pa_yayinevi-gazi-kitabevi","10":"pa_yazar-ayca-kusseven","12":"first","13":"instock","14":"sale","15":"shipping-taxable","16":"purchasable","17":"product-type-simple"},"_links":{"self":[{"href":"https:\/\/roveyayinevi.com.tr\/index.php\/wp-json\/wp\/v2\/product\/751965","targetHints":{"allow":["GET"]}}],"collection":[{"href":"https:\/\/roveyayinevi.com.tr\/index.php\/wp-json\/wp\/v2\/product"}],"about":[{"href":"https:\/\/roveyayinevi.com.tr\/index.php\/wp-json\/wp\/v2\/types\/product"}],"wp:attachment":[{"href":"https:\/\/roveyayinevi.com.tr\/index.php\/wp-json\/wp\/v2\/media?parent=751965"}],"wp:term":[{"taxonomy":"product_brand","embeddable":true,"href":"https:\/\/roveyayinevi.com.tr\/index.php\/wp-json\/wp\/v2\/product_brand?post=751965"},{"taxonomy":"product_cat","embeddable":true,"href":"https:\/\/roveyayinevi.com.tr\/index.php\/wp-json\/wp\/v2\/product_cat?post=751965"},{"taxonomy":"product_tag","embeddable":true,"href":"https:\/\/roveyayinevi.com.tr\/index.php\/wp-json\/wp\/v2\/product_tag?post=751965"}],"curies":[{"name":"wp","href":"https:\/\/api.w.org\/{rel}","templated":true}]}}