{"id":751964,"date":"2025-08-28T05:03:10","date_gmt":"2025-08-28T02:03:10","guid":{"rendered":"https:\/\/roveyayinevi.com.tr\/index.php\/urun\/bizim-aile\/"},"modified":"2026-04-03T03:07:18","modified_gmt":"2026-04-03T00:07:18","slug":"bizim-aile","status":"publish","type":"product","link":"https:\/\/roveyayinevi.com.tr\/index.php\/urun\/bizim-aile\/","title":{"rendered":"Bizim Aile"},"content":{"rendered":"<p>Melek ailesiyle birlikte mutlu bir hayat ya\u015famaktad\u0131r. Bu k\u00fc\u00e7\u00fck ve sevimli aileye kat\u0131lan yeni \u00fcyelerle birlikte hayatlar\u0131 daha da renklenir. Vera, Pasakl\u0131 ve Botti onlarla ya\u015famaya ba\u015flay\u0131nca Melek\u2019in ailesinin hayat\u0131 birden macera dolu bir hik\u00e2yeye d\u00f6n\u00fc\u015fmeye ba\u015flar. K\u0131sa s\u00fcreli misafirleri \u015eirin ve Misket s\u00fcrprizlerle dolu zamanlar ya\u015fat\u0131r hepsine. Melek ve hayvan dostlar\u0131n\u0131n dostluk ve sevgi dolu maceralar\u0131n\u0131 okumak i\u00e7in hadi gelin sayfalar\u0131n aras\u0131nda yolculu\u011fa \u00e7\u0131kal\u0131m! <\/p>\n","protected":false},"excerpt":{"rendered":"<p>Melek ailesiyle birlikte mutlu bir hayat ya\u015famaktad\u0131r. Bu k\u00fc\u00e7\u00fck ve sevimli aileye kat\u0131lan yeni \u00fcyelerle birlikte hayatlar\u0131 daha da renklenir. Vera, Pasakl\u0131 ve Botti onlarla ya\u015famaya<span class=\"excerpt-hellip\"> [\u2026]<\/span><\/p>\n","protected":false},"featured_media":0,"template":"","meta":{"_monsterinsights_skip_tracking":false,"_monsterinsights_sitenote_active":false,"_monsterinsights_sitenote_note":"","_monsterinsights_sitenote_category":0},"product_brand":[],"product_cat":[12274,12284],"product_tag":[],"class_list":{"0":"post-751964","1":"product","2":"type-product","3":"status-publish","5":"product_cat-cocuk-ve-genclik-kitaplari","6":"product_cat-hikayeler","7":"pa_cilt-ciltsiz","8":"pa_tur-kitap","9":"pa_yayinevi-eksik-parca-yayinlari","10":"pa_yazar-guldem-sahan","12":"first","13":"instock","14":"sale","15":"shipping-taxable","16":"purchasable","17":"product-type-simple"},"_links":{"self":[{"href":"https:\/\/roveyayinevi.com.tr\/index.php\/wp-json\/wp\/v2\/product\/751964","targetHints":{"allow":["GET"]}}],"collection":[{"href":"https:\/\/roveyayinevi.com.tr\/index.php\/wp-json\/wp\/v2\/product"}],"about":[{"href":"https:\/\/roveyayinevi.com.tr\/index.php\/wp-json\/wp\/v2\/types\/product"}],"wp:attachment":[{"href":"https:\/\/roveyayinevi.com.tr\/index.php\/wp-json\/wp\/v2\/media?parent=751964"}],"wp:term":[{"taxonomy":"product_brand","embeddable":true,"href":"https:\/\/roveyayinevi.com.tr\/index.php\/wp-json\/wp\/v2\/product_brand?post=751964"},{"taxonomy":"product_cat","embeddable":true,"href":"https:\/\/roveyayinevi.com.tr\/index.php\/wp-json\/wp\/v2\/product_cat?post=751964"},{"taxonomy":"product_tag","embeddable":true,"href":"https:\/\/roveyayinevi.com.tr\/index.php\/wp-json\/wp\/v2\/product_tag?post=751964"}],"curies":[{"name":"wp","href":"https:\/\/api.w.org\/{rel}","templated":true}]}}