{"id":751963,"date":"2025-08-28T05:03:08","date_gmt":"2025-08-28T02:03:08","guid":{"rendered":"https:\/\/roveyayinevi.com.tr\/index.php\/urun\/kizil-veba-6\/"},"modified":"2026-04-16T03:05:29","modified_gmt":"2026-04-16T00:05:29","slug":"kizil-veba-6","status":"publish","type":"product","link":"https:\/\/roveyayinevi.com.tr\/index.php\/urun\/kizil-veba-6\/","title":{"rendered":"K\u0131z\u0131l Veba"},"content":{"rendered":"<p>Y\u0131l 2013&#8230; H\u0131zlanan kalp at\u0131\u015flar\u0131, y\u00fckselen ate\u015f ve kas\u0131lmalar; k\u0131z\u0131la \u00e7alan y\u00fczler ve v\u00fccutlar&#8230; Derken tela\u015fs\u0131z bir uyu\u015fukluk a\u011f\u0131r a\u011f\u0131r v\u00fccudu kapl\u0131yor, kalbe ula\u015ft\u0131\u011f\u0131ndaysa her \u015fey i\u00e7in \u00e7ok ge\u00e7&#8230; Bir felaket, \u00e7\u0131\u011fr\u0131ndan \u00e7\u0131km\u0131\u015f bir salg\u0131n, y\u0131k\u0131c\u0131 bir pandemi d\u00fcnya n\u00fcfusunun tamam\u0131n\u0131n \u00fczerinde telafisi imk\u00e2ns\u0131z bir hasar b\u0131rak\u0131yor. Modern kurumlar birbiri ard\u0131na \u00e7\u00f6kerken, teknoloji ve bilim i\u015flevini kaybediyor; renkli, capcanl\u0131 yery\u00fcz\u00fc bir veba salg\u0131n\u0131yla tek renge b\u00fcr\u00fcn\u00fcyor.1912 y\u0131l\u0131nda yay\u0131nlanan K\u0131z\u0131l Veba, k\u00fclt\u00fcr\u00fcn, uygarl\u0131\u011f\u0131n, hatta kelimelerin anlam\u0131n\u0131 yitirdi\u011fi; vah\u015fetin, ilkelli\u011fin ve orman kanunlar\u0131n\u0131n h\u00fck\u00fcm s\u00fcrd\u00fc\u011f\u00fc bir tuhaf devirde, 2073 y\u0131l\u0131nda, K\u0131z\u0131l \u00d6l\u00fcm&#8217;den sa\u011f \u00e7\u0131kmay\u0131 ba\u015faran bir adam ve vah\u015fi torunlar\u0131n\u0131n toza dumana bulanm\u0131\u015f hik\u00e2yesini anlat\u0131yor. Tanklar, t\u00fcfekler yerini sapan ve m\u0131zraklara b\u0131rak\u0131rken yerle yeksan olmu\u015f medeniyetin hat\u0131ralar\u0131 tek bir ki\u015finin belle\u011finde canl\u0131l\u0131\u011f\u0131n\u0131 korumay\u0131 s\u00fcrd\u00fcr\u00fcyor.Jack London&#8217;dan uygarl\u0131ktan ilkelli\u011fe, imk\u00e2ns\u0131zdan bilinmeze do\u011fru yol alarak ger\u00e7ekle\u015fen bir kehanet, postapokaliptik bir sarmal&#8230;<\/p>\n","protected":false},"excerpt":{"rendered":"<p>Y\u0131l 2013&#8230; H\u0131zlanan kalp at\u0131\u015flar\u0131, y\u00fckselen ate\u015f ve kas\u0131lmalar; k\u0131z\u0131la \u00e7alan y\u00fczler ve v\u00fccutlar&#8230; Derken tela\u015fs\u0131z bir uyu\u015fukluk a\u011f\u0131r a\u011f\u0131r v\u00fccudu kapl\u0131yor, kalbe ula\u015ft\u0131\u011f\u0131ndaysa her \u015fey<span class=\"excerpt-hellip\"> [\u2026]<\/span><\/p>\n","protected":false},"featured_media":0,"template":"","meta":{"_monsterinsights_skip_tracking":false,"_monsterinsights_sitenote_active":false,"_monsterinsights_sitenote_note":"","_monsterinsights_sitenote_category":0},"product_brand":[],"product_cat":[12291,12711],"product_tag":[],"class_list":{"0":"post-751963","1":"product","2":"type-product","3":"status-publish","5":"product_cat-edebiyat","6":"product_cat-roman-oyku","7":"pa_cilt-ciltsiz","8":"pa_tur-kitap","9":"pa_yayinevi-sel-yayincilik","10":"pa_yazar-jack-london","12":"first","13":"instock","14":"sale","15":"shipping-taxable","16":"purchasable","17":"product-type-simple"},"_links":{"self":[{"href":"https:\/\/roveyayinevi.com.tr\/index.php\/wp-json\/wp\/v2\/product\/751963","targetHints":{"allow":["GET"]}}],"collection":[{"href":"https:\/\/roveyayinevi.com.tr\/index.php\/wp-json\/wp\/v2\/product"}],"about":[{"href":"https:\/\/roveyayinevi.com.tr\/index.php\/wp-json\/wp\/v2\/types\/product"}],"wp:attachment":[{"href":"https:\/\/roveyayinevi.com.tr\/index.php\/wp-json\/wp\/v2\/media?parent=751963"}],"wp:term":[{"taxonomy":"product_brand","embeddable":true,"href":"https:\/\/roveyayinevi.com.tr\/index.php\/wp-json\/wp\/v2\/product_brand?post=751963"},{"taxonomy":"product_cat","embeddable":true,"href":"https:\/\/roveyayinevi.com.tr\/index.php\/wp-json\/wp\/v2\/product_cat?post=751963"},{"taxonomy":"product_tag","embeddable":true,"href":"https:\/\/roveyayinevi.com.tr\/index.php\/wp-json\/wp\/v2\/product_tag?post=751963"}],"curies":[{"name":"wp","href":"https:\/\/api.w.org\/{rel}","templated":true}]}}