{"id":751962,"date":"2025-08-28T05:03:06","date_gmt":"2025-08-28T02:03:06","guid":{"rendered":"https:\/\/roveyayinevi.com.tr\/index.php\/urun\/kadinlar-okulu-2\/"},"modified":"2026-04-16T03:05:29","modified_gmt":"2026-04-16T00:05:29","slug":"kadinlar-okulu-2","status":"publish","type":"product","link":"https:\/\/roveyayinevi.com.tr\/index.php\/urun\/kadinlar-okulu-2\/","title":{"rendered":"Kad\u0131nlar Okulu"},"content":{"rendered":"<p>A\u015fk\u0131n g\u00f6zleri k\u00f6r eden efsunu s\u00f6n\u00fcmlendi\u011finde herkes kendi yoluna gider, kendi hik\u00e2yesini anlatmaya koyulurmu\u015f. S\u0131rlar, arzular ve bilinmezli\u011fin ortas\u0131nda yepyeni patikalar olu\u015fur, yeni denizlere yelken a\u00e7ma vakti gelirmi\u015f.Kad\u0131nlar Okulu, gen\u00e7 bir kad\u0131n\u0131n ilmek ilmek dokudu\u011fu hayallerinin g\u00fcncesidir. Peki ama her sayfas\u0131 \u015fevkle, kalp \u00e7arp\u0131nt\u0131s\u0131yla resmedilen bu g\u00fcnceyle can bulup filizlenen bir ili\u015fki, sevgililerin omzuna bir y\u00fck, belle\u011fine onulmaz bir yara misali i\u015fleyen zaman \u00e7arklar\u0131ndan sa\u011f \u00e7\u0131kabilecek midir?Pastoral Senfoni, Dar Kap\u0131 ve Kalpazanlar ile modern roman anlay\u0131\u015f\u0131na taze bir soluk kazand\u0131ran, Nobel \u00d6d\u00fcll\u00fc Andre Gid\u00e9, kendini tan\u0131maya, ya\u015fam\u0131n\u0131 anlamland\u0131rmaya ba\u015flayan ve a\u015fk\u0131n girdab\u0131na kap\u0131l\u0131p yolunu kaybeden bir kad\u0131na bir teselli sunuyor; zaman\u0131n a\u00e7t\u0131\u011f\u0131 yaralar yine zamanla iyile\u015fiyor&#8230;<\/p>\n","protected":false},"excerpt":{"rendered":"<p>A\u015fk\u0131n g\u00f6zleri k\u00f6r eden efsunu s\u00f6n\u00fcmlendi\u011finde herkes kendi yoluna gider, kendi hik\u00e2yesini anlatmaya koyulurmu\u015f. S\u0131rlar, arzular ve bilinmezli\u011fin ortas\u0131nda yepyeni patikalar olu\u015fur, yeni denizlere yelken a\u00e7ma<span class=\"excerpt-hellip\"> [\u2026]<\/span><\/p>\n","protected":false},"featured_media":0,"template":"","meta":{"_monsterinsights_skip_tracking":false,"_monsterinsights_sitenote_active":false,"_monsterinsights_sitenote_note":"","_monsterinsights_sitenote_category":0},"product_brand":[],"product_cat":[12291,12711],"product_tag":[],"class_list":{"0":"post-751962","1":"product","2":"type-product","3":"status-publish","5":"product_cat-edebiyat","6":"product_cat-roman-oyku","7":"pa_cilt-ciltsiz","8":"pa_tur-kitap","9":"pa_yayinevi-sel-yayincilik","10":"pa_yazar-andre-gide","12":"first","13":"instock","14":"sale","15":"shipping-taxable","16":"purchasable","17":"product-type-simple"},"_links":{"self":[{"href":"https:\/\/roveyayinevi.com.tr\/index.php\/wp-json\/wp\/v2\/product\/751962","targetHints":{"allow":["GET"]}}],"collection":[{"href":"https:\/\/roveyayinevi.com.tr\/index.php\/wp-json\/wp\/v2\/product"}],"about":[{"href":"https:\/\/roveyayinevi.com.tr\/index.php\/wp-json\/wp\/v2\/types\/product"}],"wp:attachment":[{"href":"https:\/\/roveyayinevi.com.tr\/index.php\/wp-json\/wp\/v2\/media?parent=751962"}],"wp:term":[{"taxonomy":"product_brand","embeddable":true,"href":"https:\/\/roveyayinevi.com.tr\/index.php\/wp-json\/wp\/v2\/product_brand?post=751962"},{"taxonomy":"product_cat","embeddable":true,"href":"https:\/\/roveyayinevi.com.tr\/index.php\/wp-json\/wp\/v2\/product_cat?post=751962"},{"taxonomy":"product_tag","embeddable":true,"href":"https:\/\/roveyayinevi.com.tr\/index.php\/wp-json\/wp\/v2\/product_tag?post=751962"}],"curies":[{"name":"wp","href":"https:\/\/api.w.org\/{rel}","templated":true}]}}