{"id":751960,"date":"2025-08-28T05:03:03","date_gmt":"2025-08-28T02:03:03","guid":{"rendered":"https:\/\/roveyayinevi.com.tr\/index.php\/urun\/defterimden-notlar\/"},"modified":"2026-04-16T03:05:29","modified_gmt":"2026-04-16T00:05:29","slug":"defterimden-notlar","status":"publish","type":"product","link":"https:\/\/roveyayinevi.com.tr\/index.php\/urun\/defterimden-notlar\/","title":{"rendered":"Defterimden Notlar"},"content":{"rendered":"<p>I. D\u00fcnya Sava\u015f\u0131&#8217;n\u0131n ard\u0131ndan kimli\u011fini ve umudunu kaybetmi\u015f &#8220;Yitik Ku\u015fak&#8221;\u0131n \u00e7eli\u015fkilerini ustal\u0131kla g\u00f6zler \u00f6n\u00fcne seren F. Scott Fitzgerald, zamans\u0131z \u00e7\u00f6z\u00fcmlemeleri ve g\u00f6zlemlerinin yan\u0131 s\u0131ra edebi zek\u00e2s\u0131n\u0131, k\u0131r\u0131lganl\u0131\u011f\u0131n\u0131, duyarl\u0131l\u0131\u011f\u0131n\u0131 sat\u0131rlara aktarmaktan \u00e7ekinmedi\u011fi i\u00e7in Amerikan edebiyat\u0131nda hat\u0131r\u0131 say\u0131l\u0131r bir yer edinmi\u015fti.Epigramlar, n\u00fckteler, muz\u0131r diyaloglar, k\u00fc\u00e7\u00fcrek \u00f6yk\u00fcler, eserlerinden a\u015f\u0131rd\u0131\u011f\u0131 al\u0131nt\u0131lar, naho\u015f tespitler, b\u00fcy\u00fcleyici dizeler ve \u015fim\u015fek gibi \u00e7akan k\u0131sa sahnelerden m\u00fcte\u015fekkil Defterimden Notlar, okuru bu hasletlerle donanm\u0131\u015f Fitzgerald&#8217;\u0131n zihninin sa\u011fanaklar\u0131yla ba\u015f ba\u015fa b\u0131rak\u0131yor. T\u00fcm kurgusal duvarlar\u0131 kald\u0131rd\u0131\u011f\u0131, belle\u011fini a\u00e7\u0131yor olman\u0131n getirdi\u011fi mesuliyetle konular\u0131 \u00f6zenle tasnif etti\u011fi ve b\u00fct\u00fcnl\u00fck arz eden alfabetik ba\u015fl\u0131klar alt\u0131nda grupland\u0131rd\u0131\u011f\u0131 bu notlar, sosyal \u00e7evresinin son evrelerini, ya\u015fam\u0131n\u0131n son y\u0131llar\u0131ndaki sezileri, duygular\u0131 ve dikkatini cezbeden k\u00fc\u00e7\u00fck detaylar\u0131 kay\u0131t alt\u0131na al\u0131yor.<\/p>\n","protected":false},"excerpt":{"rendered":"<p>I. D\u00fcnya Sava\u015f\u0131&#8217;n\u0131n ard\u0131ndan kimli\u011fini ve umudunu kaybetmi\u015f &#8220;Yitik Ku\u015fak&#8221;\u0131n \u00e7eli\u015fkilerini ustal\u0131kla g\u00f6zler \u00f6n\u00fcne seren F. Scott Fitzgerald, zamans\u0131z \u00e7\u00f6z\u00fcmlemeleri ve g\u00f6zlemlerinin yan\u0131 s\u0131ra edebi zek\u00e2s\u0131n\u0131,<span class=\"excerpt-hellip\"> [\u2026]<\/span><\/p>\n","protected":false},"featured_media":0,"template":"","meta":{"_monsterinsights_skip_tracking":false,"_monsterinsights_sitenote_active":false,"_monsterinsights_sitenote_note":"","_monsterinsights_sitenote_category":0},"product_brand":[],"product_cat":[12777,12291],"product_tag":[],"class_list":{"0":"post-751960","1":"product","2":"type-product","3":"status-publish","5":"product_cat-deneme","6":"product_cat-edebiyat","7":"pa_cilt-ciltsiz","8":"pa_tur-kitap","9":"pa_yayinevi-sel-yayincilik","10":"pa_yazar-f-scott-fitzgerald","12":"first","13":"instock","14":"sale","15":"shipping-taxable","16":"purchasable","17":"product-type-simple"},"_links":{"self":[{"href":"https:\/\/roveyayinevi.com.tr\/index.php\/wp-json\/wp\/v2\/product\/751960","targetHints":{"allow":["GET"]}}],"collection":[{"href":"https:\/\/roveyayinevi.com.tr\/index.php\/wp-json\/wp\/v2\/product"}],"about":[{"href":"https:\/\/roveyayinevi.com.tr\/index.php\/wp-json\/wp\/v2\/types\/product"}],"wp:attachment":[{"href":"https:\/\/roveyayinevi.com.tr\/index.php\/wp-json\/wp\/v2\/media?parent=751960"}],"wp:term":[{"taxonomy":"product_brand","embeddable":true,"href":"https:\/\/roveyayinevi.com.tr\/index.php\/wp-json\/wp\/v2\/product_brand?post=751960"},{"taxonomy":"product_cat","embeddable":true,"href":"https:\/\/roveyayinevi.com.tr\/index.php\/wp-json\/wp\/v2\/product_cat?post=751960"},{"taxonomy":"product_tag","embeddable":true,"href":"https:\/\/roveyayinevi.com.tr\/index.php\/wp-json\/wp\/v2\/product_tag?post=751960"}],"curies":[{"name":"wp","href":"https:\/\/api.w.org\/{rel}","templated":true}]}}