{"id":751959,"date":"2025-08-28T05:03:02","date_gmt":"2025-08-28T02:03:02","guid":{"rendered":"https:\/\/roveyayinevi.com.tr\/index.php\/urun\/100-yilda-lozan-ihlalleri\/"},"modified":"2026-04-16T03:05:29","modified_gmt":"2026-04-16T00:05:29","slug":"100-yilda-lozan-ihlalleri","status":"publish","type":"product","link":"https:\/\/roveyayinevi.com.tr\/index.php\/urun\/100-yilda-lozan-ihlalleri\/","title":{"rendered":"100. Y\u0131lda Lozan \u0130hlalleri"},"content":{"rendered":"<p>24 Temmuz 1923 Lozan Bar\u0131\u015f Antla\u015fmas\u0131 8 devlet taraf\u0131ndan imzaland\u0131. Fakat as\u0131l \u00f6nemli olan bunlardan 2 tanesiydi: T\u00fcrkiye ve Yunanistan. \u00c7\u00fcnk\u00fc Lozan, 1918\u2019de son bulan I. D\u00fcnya Sava\u015f\u0131\u2019n\u0131 bitirmenin yan\u0131 s\u0131ra, 1919-22 T\u00fcrk Kurtulu\u015f Sava\u015f\u0131\u2019n\u0131 da bitiren antla\u015fmayd\u0131 ve bu harplerden ikincisi T\u00fcrkiye ile Yunanistan aras\u0131nda cereyan etmi\u015fti. Dolay\u0131s\u0131yla, her ne kadar 30 Ocak 1923 Lozan M\u00fcbadele S\u00f6zle\u015fmesi\u2019yle az\u0131nl\u0131klar kar\u015f\u0131l\u0131kl\u0131 olarak azalt\u0131lm\u0131\u015f da olsa, kalan az\u0131nl\u0131klar\u0131n haklar\u0131, d\u00f6nemin icaplar\u0131na g\u00f6re Lozan Bar\u0131\u015fAntla\u015fmas\u0131\u2019n\u0131n \u201cAz\u0131nl\u0131klar\u0131n Korunmas\u0131\u201d ba\u015fl\u0131kl\u0131 III. Kesiminde koruma alt\u0131na al\u0131nd\u0131.Al\u0131nd\u0131 ama, bu iki devletten ikisi de yakla\u015f\u0131k bir as\u0131r arayla (1830ve 1923) birer ulus-devlet olarak kurulmu\u015flard\u0131. Ve ulus-devlet olgusunun 1 numaral\u0131 evrensel niteli\u011fi, \u201culusal homojenlik\u201d sa\u011flamak ad\u0131 alt\u0131nda az\u0131nl\u0131klar\u0131 ortadan kald\u0131rmak idi.Her iki \u00fclkenin de kar\u015f\u0131 taraf\u0131n soyda\u015flar\u0131n\u0131\/dinda\u015flar\u0131n\u0131 (ba\u015fka bir deyi\u015fle, kendi \u201cfarkl\u0131\u201d vatanda\u015flar\u0131n\u0131) kar\u015f\u0131l\u0131kl\u0131 olarak nas\u0131l ezdikleri, \u201cTencere dibin kara, seninki benden kara\u201d deyimini hat\u0131rlat\u0131r bi\u00e7imde bu kitapta anlat\u0131l\u0131yor.Anlat\u0131m burada da kalm\u0131yor ve Lozan\u2019\u0131n Gayrim\u00fcslimlere ek olarak ayr\u0131ca 3 gruba da getirdi\u011fi haklar\u0131 incelerken projekt\u00f6r\u00fc K\u00fcrtlerin ve Alevilerin \u00fczerine tutuyor.Lozan sonras\u0131nda T\u00fcrkiye ile Yunanistan aras\u0131nda bir \u201cEge dengesi\u201d kurulmu\u015ftu. Kitap bu Ege meselesini de, aynen az\u0131nl\u0131klar meselesinde oldu\u011fu gibi, kar\u015f\u0131la\u015ft\u0131rmal\u0131 ve tamamentarafs\u0131z bi\u00e7imde ele al\u0131p inceliyor.Bu tarafs\u0131z niteli\u011fiyle de elinizdeki kitap, bu konudaki (\u015fimdilik) tek kitap olma \u00f6zelli\u011fini ta\u015f\u0131yor.<\/p>\n","protected":false},"excerpt":{"rendered":"<p>24 Temmuz 1923 Lozan Bar\u0131\u015f Antla\u015fmas\u0131 8 devlet taraf\u0131ndan imzaland\u0131. Fakat as\u0131l \u00f6nemli olan bunlardan 2 tanesiydi: T\u00fcrkiye ve Yunanistan. \u00c7\u00fcnk\u00fc Lozan, 1918\u2019de son bulan I.<span class=\"excerpt-hellip\"> [\u2026]<\/span><\/p>\n","protected":false},"featured_media":0,"template":"","meta":{"_monsterinsights_skip_tracking":false,"_monsterinsights_sitenote_active":false,"_monsterinsights_sitenote_note":"","_monsterinsights_sitenote_category":0},"product_brand":[],"product_cat":[12370,12304],"product_tag":[],"class_list":{"0":"post-751959","1":"product","2":"type-product","3":"status-publish","5":"product_cat-arastirma-inceleme","6":"product_cat-tarih","7":"pa_cilt-ciltsiz","8":"pa_tur-kitap","9":"pa_yayinevi-alfa-yayinlari","10":"pa_yazar-ali-dayioglu-baskin-oran","12":"first","13":"instock","14":"sale","15":"shipping-taxable","16":"purchasable","17":"product-type-simple"},"_links":{"self":[{"href":"https:\/\/roveyayinevi.com.tr\/index.php\/wp-json\/wp\/v2\/product\/751959","targetHints":{"allow":["GET"]}}],"collection":[{"href":"https:\/\/roveyayinevi.com.tr\/index.php\/wp-json\/wp\/v2\/product"}],"about":[{"href":"https:\/\/roveyayinevi.com.tr\/index.php\/wp-json\/wp\/v2\/types\/product"}],"wp:attachment":[{"href":"https:\/\/roveyayinevi.com.tr\/index.php\/wp-json\/wp\/v2\/media?parent=751959"}],"wp:term":[{"taxonomy":"product_brand","embeddable":true,"href":"https:\/\/roveyayinevi.com.tr\/index.php\/wp-json\/wp\/v2\/product_brand?post=751959"},{"taxonomy":"product_cat","embeddable":true,"href":"https:\/\/roveyayinevi.com.tr\/index.php\/wp-json\/wp\/v2\/product_cat?post=751959"},{"taxonomy":"product_tag","embeddable":true,"href":"https:\/\/roveyayinevi.com.tr\/index.php\/wp-json\/wp\/v2\/product_tag?post=751959"}],"curies":[{"name":"wp","href":"https:\/\/api.w.org\/{rel}","templated":true}]}}