{"id":751958,"date":"2025-08-28T05:03:00","date_gmt":"2025-08-28T02:03:00","guid":{"rendered":"https:\/\/roveyayinevi.com.tr\/index.php\/urun\/elgin-taslar-doksanuc-los-hikaye\/"},"modified":"2026-04-16T03:05:29","modified_gmt":"2026-04-16T00:05:29","slug":"elgin-taslar-doksanuc-los-hikaye","status":"publish","type":"product","link":"https:\/\/roveyayinevi.com.tr\/index.php\/urun\/elgin-taslar-doksanuc-los-hikaye\/","title":{"rendered":"Elgin Ta\u015flar &#8211; Doksan\u00fc\u00e7 Lo\u015f Hikaye"},"content":{"rendered":"<p>&#8220;Vaktim olsayd\u0131, daha k\u0131sa yazard\u0131m,&#8221; do\u011fru.Vaktim kalmam\u0131\u015f olabilir, do\u011fru.Bu hik\u00e2yeleri uzaktaki bir kuyudan \u00e7ektim.Ta\u015flar\u0131n men\u015fei sahiden \u015f\u00fcpheliydi.Derine indik\u00e7e azal\u0131yordu \u0131\u015f\u0131k, lo\u015f do\u011fru.<\/p>\n","protected":false},"excerpt":{"rendered":"<p>&#8220;Vaktim olsayd\u0131, daha k\u0131sa yazard\u0131m,&#8221; do\u011fru.Vaktim kalmam\u0131\u015f olabilir, do\u011fru.Bu hik\u00e2yeleri uzaktaki bir kuyudan \u00e7ektim.Ta\u015flar\u0131n men\u015fei sahiden \u015f\u00fcpheliydi.Derine indik\u00e7e azal\u0131yordu \u0131\u015f\u0131k, lo\u015f do\u011fru.<\/p>\n","protected":false},"featured_media":0,"template":"","meta":{"_monsterinsights_skip_tracking":false,"_monsterinsights_sitenote_active":false,"_monsterinsights_sitenote_note":"","_monsterinsights_sitenote_category":0},"product_brand":[],"product_cat":[12777,12291],"product_tag":[],"class_list":{"0":"post-751958","1":"product","2":"type-product","3":"status-publish","5":"product_cat-deneme","6":"product_cat-edebiyat","7":"pa_cilt-ciltsiz","8":"pa_tur-kitap","9":"pa_yayinevi-sel-yayincilik","10":"pa_yazar-enis-batur","12":"first","13":"instock","14":"sale","15":"shipping-taxable","16":"purchasable","17":"product-type-simple"},"_links":{"self":[{"href":"https:\/\/roveyayinevi.com.tr\/index.php\/wp-json\/wp\/v2\/product\/751958","targetHints":{"allow":["GET"]}}],"collection":[{"href":"https:\/\/roveyayinevi.com.tr\/index.php\/wp-json\/wp\/v2\/product"}],"about":[{"href":"https:\/\/roveyayinevi.com.tr\/index.php\/wp-json\/wp\/v2\/types\/product"}],"wp:attachment":[{"href":"https:\/\/roveyayinevi.com.tr\/index.php\/wp-json\/wp\/v2\/media?parent=751958"}],"wp:term":[{"taxonomy":"product_brand","embeddable":true,"href":"https:\/\/roveyayinevi.com.tr\/index.php\/wp-json\/wp\/v2\/product_brand?post=751958"},{"taxonomy":"product_cat","embeddable":true,"href":"https:\/\/roveyayinevi.com.tr\/index.php\/wp-json\/wp\/v2\/product_cat?post=751958"},{"taxonomy":"product_tag","embeddable":true,"href":"https:\/\/roveyayinevi.com.tr\/index.php\/wp-json\/wp\/v2\/product_tag?post=751958"}],"curies":[{"name":"wp","href":"https:\/\/api.w.org\/{rel}","templated":true}]}}