{"id":751957,"date":"2025-08-28T05:02:58","date_gmt":"2025-08-28T02:02:58","guid":{"rendered":"https:\/\/roveyayinevi.com.tr\/index.php\/urun\/dunya-yuvarlaktir-2\/"},"modified":"2026-04-12T03:08:59","modified_gmt":"2026-04-12T00:08:59","slug":"dunya-yuvarlaktir-2","status":"publish","type":"product","link":"https:\/\/roveyayinevi.com.tr\/index.php\/urun\/dunya-yuvarlaktir-2\/","title":{"rendered":"D\u00fcnya Yuvarlakt\u0131r"},"content":{"rendered":"<p>Rose ad\u0131nda k\u00fc\u00e7\u00fck bir k\u0131z. Kuzeni Willie&#8217;nin aksine acabalardan kurtulam\u0131yor bir t\u00fcrl\u00fc. Durmadan d\u00f6nen yuvarlak d\u00fcnya i\u00e7inde ne kendisini bulabiliyor ne de yerini. Bereket da\u011flar var. Onlar her \u015feyi durduracak kadar y\u00fcksek. Y\u00fckleniyor mavi iskemlesini ve koyabilece\u011fi yer aray\u0131\u015f\u0131yla g\u00f6z\u00fcne kestirdi\u011fi da\u011f\u0131n zirvesine ba\u015fl\u0131yor t\u0131rmanmaya.D\u00fcnya Yuvarlakt\u0131r epik bir yolculuk hik\u00e2yesi. Kelimelerin kaygan zemininde t\u00fcmcelerin m\u00fcstakilli\u011fini ve anlamlar\u0131n sabitesini yitirdi\u011fi ard\u0131 kesilmez bir devingenlik i\u00e7inde anlat\u0131s\u0131n\u0131 kuran Gertrude Stein, okuru biteviye t\u0131nlayan varolu\u015fsal bir kayg\u0131n\u0131n hazz\u0131n\u0131 ve deh\u015fetini ayn\u0131 anda duymaya \u00e7a\u011f\u0131r\u0131yor. &#8220;Shakespeare ne demi\u015fti, ad\u0131 de\u011fi\u015fse bile g\u00fcl yine ayn\u0131 g\u00fczellikte kokar, kokar m\u0131. Hay\u0131r, kokmaz.&#8221; \u0130\u015fte bu itiraz, Rose&#8217;u durmadan d\u00fc\u015f\u00fcnmeye iten benzer bir sorguyla maceram\u0131z\u0131n da ate\u015fleyicisi oluyor: &#8220;Ad\u0131 Rose olmasayd\u0131 Rose olur muydu.&#8221;<\/p>\n","protected":false},"excerpt":{"rendered":"<p>Rose ad\u0131nda k\u00fc\u00e7\u00fck bir k\u0131z. Kuzeni Willie&#8217;nin aksine acabalardan kurtulam\u0131yor bir t\u00fcrl\u00fc. Durmadan d\u00f6nen yuvarlak d\u00fcnya i\u00e7inde ne kendisini bulabiliyor ne de yerini. Bereket da\u011flar var.<span class=\"excerpt-hellip\"> [\u2026]<\/span><\/p>\n","protected":false},"featured_media":0,"template":"","meta":{"_monsterinsights_skip_tracking":false,"_monsterinsights_sitenote_active":false,"_monsterinsights_sitenote_note":"","_monsterinsights_sitenote_category":0},"product_brand":[],"product_cat":[12291,12711],"product_tag":[],"class_list":{"0":"post-751957","1":"product","2":"type-product","3":"status-publish","5":"product_cat-edebiyat","6":"product_cat-roman-oyku","7":"pa_cilt-ciltsiz","8":"pa_tur-kitap","9":"pa_yayinevi-sel-yayincilik","10":"pa_yazar-gertrude-stein","12":"first","13":"instock","14":"sale","15":"shipping-taxable","16":"purchasable","17":"product-type-simple"},"_links":{"self":[{"href":"https:\/\/roveyayinevi.com.tr\/index.php\/wp-json\/wp\/v2\/product\/751957","targetHints":{"allow":["GET"]}}],"collection":[{"href":"https:\/\/roveyayinevi.com.tr\/index.php\/wp-json\/wp\/v2\/product"}],"about":[{"href":"https:\/\/roveyayinevi.com.tr\/index.php\/wp-json\/wp\/v2\/types\/product"}],"wp:attachment":[{"href":"https:\/\/roveyayinevi.com.tr\/index.php\/wp-json\/wp\/v2\/media?parent=751957"}],"wp:term":[{"taxonomy":"product_brand","embeddable":true,"href":"https:\/\/roveyayinevi.com.tr\/index.php\/wp-json\/wp\/v2\/product_brand?post=751957"},{"taxonomy":"product_cat","embeddable":true,"href":"https:\/\/roveyayinevi.com.tr\/index.php\/wp-json\/wp\/v2\/product_cat?post=751957"},{"taxonomy":"product_tag","embeddable":true,"href":"https:\/\/roveyayinevi.com.tr\/index.php\/wp-json\/wp\/v2\/product_tag?post=751957"}],"curies":[{"name":"wp","href":"https:\/\/api.w.org\/{rel}","templated":true}]}}