{"id":751956,"date":"2025-08-28T05:02:57","date_gmt":"2025-08-28T02:02:57","guid":{"rendered":"https:\/\/roveyayinevi.com.tr\/index.php\/urun\/erkek-adalet-kiskacinda-kadinlar-orselenmis-kadin-sendromu-ve-feminist-kriminoloji\/"},"modified":"2026-04-16T03:05:29","modified_gmt":"2026-04-16T00:05:29","slug":"erkek-adalet-kiskacinda-kadinlar-orselenmis-kadin-sendromu-ve-feminist-kriminoloji","status":"publish","type":"product","link":"https:\/\/roveyayinevi.com.tr\/index.php\/urun\/erkek-adalet-kiskacinda-kadinlar-orselenmis-kadin-sendromu-ve-feminist-kriminoloji\/","title":{"rendered":"Erkek Adalet K\u0131skac\u0131nda Kad\u0131nlar: \u00d6rselenmi\u015f Kad\u0131n Sendromu ve Feminist Kriminoloji"},"content":{"rendered":"<p>Neredeyse d\u00fcne kadar normal g\u00f6r\u00fclen kad\u0131na \u015fiddetin feministlerce de\u015fifre edilerek su\u00e7 niteli\u011fi kazanmas\u0131 ve bu \u015fiddete y\u00f6nelik kamusal m\u00fcdahaleye ili\u015fkin ihtiya\u00e7 \u00e7a\u011fr\u0131s\u0131, bug\u00fcn toplumsal cinsiyet e\u015fitli\u011finin sa\u011flanamad\u0131\u011f\u0131 ko\u015fullarda halen kar\u015f\u0131l\u0131\u011f\u0131n\u0131 tam olarak bulamam\u0131\u015ft\u0131r. Toplum taraf\u0131ndan g\u00fcvenli addedilen evleri i\u00e7inde sistematik \u015fiddete ve eziyete maruz kalan kad\u0131nlar, tarih boyunca hemcinslerinin yapt\u0131\u011f\u0131 gibi, bu \u015fiddete dur diyebilmek i\u00e7in bazen kocalar\u0131n\u0131, partnerlerini, aile fertlerini \u00f6ld\u00fcrmekten ba\u015fka \u00e7\u0131kar yol bulam\u0131yor. Yenin i\u00e7inde kalmas\u0131 gereken bu &#8220;g\u00f6r\u00fcnmez&#8221; eziyete \u00f6m\u00fcr boyu katlanmalar\u0131, sabretmeleri toplum taraf\u0131ndan me\u015fru kabul edilirken, i\u015fkencecisini \u00f6ld\u00fcren bu kad\u0131nlar, hem o noktaya gelene kadar resmi yard\u0131m ve m\u00fcdahale \u00e7a\u011fr\u0131lar\u0131n\u0131n yan\u0131ts\u0131z ve etkisiz kalmas\u0131yla, hem de olay akabinde kendilerini bu noktaya getiren \u00f6zg\u00fcl ko\u015fullar\u0131n ve ya\u015fad\u0131klar\u0131 s\u00fcrecin yaratt\u0131\u011f\u0131 travmatik tahribat\u0131n g\u00f6zard\u0131 edilmesiyle geleneksel hukuka i\u00e7kin cinsiyet\u00e7i ayr\u0131mc\u0131l\u0131\u011fa maruz b\u0131rak\u0131larak hukuk i\u00e7inde bir kez daha \u00f6rseleniyor.Feminist adli ve klinik psikolog Lenore Walker&#8217;\u0131n ortaya att\u0131\u011f\u0131 &#8220;\u00f6rselenmi\u015f kad\u0131n sendromu&#8221; kavram\u0131 bu kad\u0131nlar\u0131n eylemlerini olmas\u0131 gerekti\u011fi gibi b\u00fct\u00fcnc\u00fcl bir bak\u0131\u015f a\u00e7\u0131s\u0131yla g\u00f6rme ve de\u011ferlendirme imk\u00e2n\u0131 yarat\u0131yor. Eril hukukun, bu \u00e7a\u011fr\u0131ya kulak verdi\u011finde, sosyo-k\u00fclt\u00fcrel ve psikolojik de dahil olmak \u00fczere kad\u0131nlar\u0131 \u00e7evreleyen ko\u015fullar\u0131 g\u00f6zeten, cinsiyete duyarl\u0131 mekanizmalarla &#8220;erkek de\u011fil, ger\u00e7ek adalet&#8221;i sa\u011flama ihtimalinin kap\u0131s\u0131n\u0131 aral\u0131yor.Ya\u011fmur Birdal, &#8220;\u00f6rselenmi\u015f kad\u0131n sendromu&#8221; ve kad\u0131n su\u00e7lulu\u011fu kavram\u0131n\u0131n d\u00fcnya kriminoloji literat\u00fcr\u00fcne giri\u015fini ve tuttu\u011fu yeri farkl\u0131 ve kar\u015f\u0131t yakla\u015f\u0131mlarla birlikte ele al\u0131rken, T\u00fcrkiye&#8217;de kocas\u0131n\u0131 \u00f6ld\u00fcren kad\u0131nlar\u0131n yarg\u0131lanmas\u0131ndaki adil olmayan s\u00fcre\u00e7 ve unsurlar\u0131 da \u00f6rnekleriyle g\u00f6zler \u00f6n\u00fcne seriyor. Bas\u0131na da yans\u0131yan bu t\u00fcr davalar\u0131n vekilli\u011fini \u00fcstlenen avukatlarla y\u00fcr\u00fctt\u00fc\u011f\u00fc ara\u015ft\u0131rma sonucunda, sistemin neden ve nas\u0131l i\u015flemedi\u011fini, resmi makamlar\u0131n cinsiyet\u00e7i reflekslerini, daha farkl\u0131 bir yarg\u0131lama s\u00fcreci i\u00e7in me\u015fru m\u00fcdafaa, mazeret nedeni, haks\u0131z tahrik gibi kavramlar\u0131n nas\u0131l ele al\u0131nmas\u0131 gerekti\u011fini de a\u00e7\u0131kl\u0131kla ortaya koyuyor.Hukuk\u00e7ular kadar her ya\u015ftan kad\u0131n\u0131n da okumas\u0131 gereken ufuk a\u00e7\u0131c\u0131 bir \u00e7al\u0131\u015fma&#8230;<\/p>\n","protected":false},"excerpt":{"rendered":"<p>Neredeyse d\u00fcne kadar normal g\u00f6r\u00fclen kad\u0131na \u015fiddetin feministlerce de\u015fifre edilerek su\u00e7 niteli\u011fi kazanmas\u0131 ve bu \u015fiddete y\u00f6nelik kamusal m\u00fcdahaleye ili\u015fkin ihtiya\u00e7 \u00e7a\u011fr\u0131s\u0131, bug\u00fcn toplumsal cinsiyet e\u015fitli\u011finin<span class=\"excerpt-hellip\"> [\u2026]<\/span><\/p>\n","protected":false},"featured_media":0,"template":"","meta":{"_monsterinsights_skip_tracking":false,"_monsterinsights_sitenote_active":false,"_monsterinsights_sitenote_note":"","_monsterinsights_sitenote_category":0},"product_brand":[],"product_cat":[12325,12324],"product_tag":[],"class_list":{"0":"post-751956","1":"product","2":"type-product","3":"status-publish","5":"product_cat-diger-sosyoloji","6":"product_cat-sosyoloji","7":"pa_cilt-ciltsiz","8":"pa_tur-kitap","9":"pa_yayinevi-sel-yayincilik","10":"pa_yazar-yagmur-birdal","12":"first","13":"instock","14":"sale","15":"shipping-taxable","16":"purchasable","17":"product-type-simple"},"_links":{"self":[{"href":"https:\/\/roveyayinevi.com.tr\/index.php\/wp-json\/wp\/v2\/product\/751956","targetHints":{"allow":["GET"]}}],"collection":[{"href":"https:\/\/roveyayinevi.com.tr\/index.php\/wp-json\/wp\/v2\/product"}],"about":[{"href":"https:\/\/roveyayinevi.com.tr\/index.php\/wp-json\/wp\/v2\/types\/product"}],"wp:attachment":[{"href":"https:\/\/roveyayinevi.com.tr\/index.php\/wp-json\/wp\/v2\/media?parent=751956"}],"wp:term":[{"taxonomy":"product_brand","embeddable":true,"href":"https:\/\/roveyayinevi.com.tr\/index.php\/wp-json\/wp\/v2\/product_brand?post=751956"},{"taxonomy":"product_cat","embeddable":true,"href":"https:\/\/roveyayinevi.com.tr\/index.php\/wp-json\/wp\/v2\/product_cat?post=751956"},{"taxonomy":"product_tag","embeddable":true,"href":"https:\/\/roveyayinevi.com.tr\/index.php\/wp-json\/wp\/v2\/product_tag?post=751956"}],"curies":[{"name":"wp","href":"https:\/\/api.w.org\/{rel}","templated":true}]}}