{"id":751953,"date":"2025-08-28T05:02:51","date_gmt":"2025-08-28T02:02:51","guid":{"rendered":"https:\/\/roveyayinevi.com.tr\/index.php\/urun\/basogul-siirleri\/"},"modified":"2026-04-08T03:12:06","modified_gmt":"2026-04-08T00:12:06","slug":"basogul-siirleri","status":"publish","type":"product","link":"https:\/\/roveyayinevi.com.tr\/index.php\/urun\/basogul-siirleri\/","title":{"rendered":"Ba\u015fo\u011ful \u015eiirleri"},"content":{"rendered":"<p>Derdim var Bilen var m\u0131 ? Yok tabi ki B\u0131rak bende kals\u0131n Bir dost bulsam Karar ver arkada\u015f Bulal\u0131m bakal\u0131m Bu derdi s\u00f6ylesem mi B\u0131rak bende kals\u0131n Gel \u015f\u00f6yle karde\u015fim Neyi kime s\u00f6yleyim Tabi ki arada\u015f\u0131na B\u0131rak bende kals\u0131n Hala s\u00f6ylemeyecen mi Neyi s\u00f6yleyeyim ki Tabi ki derdini Yok bende kals\u0131n<\/p>\n","protected":false},"excerpt":{"rendered":"<p>Derdim var Bilen var m\u0131 ? Yok tabi ki B\u0131rak bende kals\u0131n Bir dost bulsam Karar ver arkada\u015f Bulal\u0131m bakal\u0131m Bu derdi s\u00f6ylesem mi B\u0131rak bende<span class=\"excerpt-hellip\"> [\u2026]<\/span><\/p>\n","protected":false},"featured_media":0,"template":"","meta":{"_monsterinsights_skip_tracking":false,"_monsterinsights_sitenote_active":false,"_monsterinsights_sitenote_note":"","_monsterinsights_sitenote_category":0},"product_brand":[],"product_cat":[12291,12509],"product_tag":[],"class_list":{"0":"post-751953","1":"product","2":"type-product","3":"status-publish","5":"product_cat-edebiyat","6":"product_cat-siir","7":"pa_cilt-ciltsiz","8":"pa_tur-kitap","9":"pa_yayinevi-platanus-publishing","10":"pa_yazar-niyazi-basogul","12":"first","13":"instock","14":"sale","15":"shipping-taxable","16":"purchasable","17":"product-type-simple"},"_links":{"self":[{"href":"https:\/\/roveyayinevi.com.tr\/index.php\/wp-json\/wp\/v2\/product\/751953","targetHints":{"allow":["GET"]}}],"collection":[{"href":"https:\/\/roveyayinevi.com.tr\/index.php\/wp-json\/wp\/v2\/product"}],"about":[{"href":"https:\/\/roveyayinevi.com.tr\/index.php\/wp-json\/wp\/v2\/types\/product"}],"wp:attachment":[{"href":"https:\/\/roveyayinevi.com.tr\/index.php\/wp-json\/wp\/v2\/media?parent=751953"}],"wp:term":[{"taxonomy":"product_brand","embeddable":true,"href":"https:\/\/roveyayinevi.com.tr\/index.php\/wp-json\/wp\/v2\/product_brand?post=751953"},{"taxonomy":"product_cat","embeddable":true,"href":"https:\/\/roveyayinevi.com.tr\/index.php\/wp-json\/wp\/v2\/product_cat?post=751953"},{"taxonomy":"product_tag","embeddable":true,"href":"https:\/\/roveyayinevi.com.tr\/index.php\/wp-json\/wp\/v2\/product_tag?post=751953"}],"curies":[{"name":"wp","href":"https:\/\/api.w.org\/{rel}","templated":true}]}}