{"id":751951,"date":"2025-08-28T05:02:48","date_gmt":"2025-08-28T02:02:48","guid":{"rendered":"https:\/\/roveyayinevi.com.tr\/index.php\/urun\/zeki-marakoglu-eserleri-6-kitap\/"},"modified":"2026-04-16T03:05:29","modified_gmt":"2026-04-16T00:05:29","slug":"zeki-marakoglu-eserleri-6-kitap","status":"publish","type":"product","link":"https:\/\/roveyayinevi.com.tr\/index.php\/urun\/zeki-marakoglu-eserleri-6-kitap\/","title":{"rendered":"Zeki Marako\u011flu Eserleri (6 Kitap)"},"content":{"rendered":"<p>Setimiz, Zeki Marako\u011flu\u2019nun yazm\u0131\u015f oldu\u011fu 6 adet romandan olu\u015fmaktad\u0131r. \u201c\u00c7\u00f6ldeki Hilal\u201d, &#8220;K\u0131r\u0131k Camlar Gecesi&#8221; ve &#8220;Heimei-Maru&#8221; Tarihi Romand\u0131r. &#8220;Heyula&#8221; felsefik romand\u0131r. &#8220;Ge\u00e7mi\u015ften Ka\u00e7\u0131\u015f&#8221; Macera roman\u0131d\u0131r. &#8220;A\u015fk\u0131n Pe\u015finde&#8221; A\u015fk Roman\u0131d\u0131r. Yazar Zeki Marako\u011flu\u2019nun tarihimizin tozlu sayfalar\u0131 aras\u0131nda kalan ve toplum i\u00e7inde pek bilinmeyen olaylar\u0131 romanla\u015ft\u0131rarak anlatt\u0131\u011f\u0131 tarihi roman serisinin 3. kitab\u0131 \u201cHeimei-Maru\u201d, sizi soluksuz okuyaca\u011f\u0131n\u0131z bir ser\u00fcvenin i\u00e7ine \u00e7ekecektir. I. D\u00fcnya Sava\u015f\u0131\u2019n\u0131n unutulmu\u015f cephesi Gali\u00e7ya\u2019da ba\u015flayan olaylar, kahramanlar\u0131m\u0131z\u0131n Ruslara esir d\u00fc\u015fmesiyle Vladivostok\u2019taki esir kamp\u0131na kadar devam eden bir maceran\u0131n sadece ba\u015flang\u0131c\u0131n\u0131 olu\u015fturuyor. Bol\u015fevik \u0130htil\u00e2li\u2019nden sonra sava\u015ftan \u00e7ekilen Ruslar, d\u00fcnyan\u0131n en uzak k\u00f6\u015fesindeki bu T\u00fcrk esirleri kendi kaderleriyle ba\u015f ba\u015fa b\u0131rak\u0131rlar. Bu s\u0131rada Japonya, f\u0131rsattan istifade bu topraklar\u0131 i\u015fgale gelir. Geldiklerinde kaderlerine terk edilmi\u015f y\u00fczlerce T\u00fcrk esirle kar\u015f\u0131la\u015f\u0131rlar. Bunun \u00fczerine Osmanl\u0131 Devleti ile irtibata ge\u00e7en Japonlar, uzun u\u011fra\u015flardan sonra tahsis ettikleri Heimei-Maru adl\u0131 geminin komutas\u0131na, Yarbay Yukichi Tsumura (\u00c7omora)\u2019y\u0131 atayarak esirlerin T\u00fcrkiye\u2019ye g\u00f6nderilmesini ama\u00e7larlar. Ancak i\u015fler planland\u0131\u011f\u0131 gibi devam etmez ve Midilli yak\u0131nlar\u0131nda Yunan gemileri yollar\u0131n\u0131 keser. T\u00fcm esirlerin Yunan kuvvetlerine teslim edilmesini talep ederler. Ancak onurlu bir asker olan Yukichi Tsumura, t\u00fcm bask\u0131lara ra\u011fmen tek bir T\u00fcrk askerini bile Yunan\u2019a teslim etmez. Tarihi ger\u00e7eklikleri bozmadan d\u00f6neme \u0131\u015f\u0131k tutan ve unutulmu\u015f ger\u00e7eklikleri dile getiren roman\u0131m\u0131z; sizlere tarih anlatm\u0131yor, tarih i\u00e7inde ya\u015famaya davet ediyor.  <\/p>\n","protected":false},"excerpt":{"rendered":"<p>Setimiz, Zeki Marako\u011flu\u2019nun yazm\u0131\u015f oldu\u011fu 6 adet romandan olu\u015fmaktad\u0131r. \u201c\u00c7\u00f6ldeki Hilal\u201d, &#8220;K\u0131r\u0131k Camlar Gecesi&#8221; ve &#8220;Heimei-Maru&#8221; Tarihi Romand\u0131r. &#8220;Heyula&#8221; felsefik romand\u0131r. &#8220;Ge\u00e7mi\u015ften Ka\u00e7\u0131\u015f&#8221; Macera roman\u0131d\u0131r. &#8220;A\u015fk\u0131n<span class=\"excerpt-hellip\"> [\u2026]<\/span><\/p>\n","protected":false},"featured_media":0,"template":"","meta":{"_monsterinsights_skip_tracking":false,"_monsterinsights_sitenote_active":false,"_monsterinsights_sitenote_note":"","_monsterinsights_sitenote_category":0},"product_brand":[],"product_cat":[12291,12711],"product_tag":[],"class_list":{"0":"post-751951","1":"product","2":"type-product","3":"status-publish","5":"product_cat-edebiyat","6":"product_cat-roman-oyku","7":"pa_cilt-ciltsiz","8":"pa_tur-kitap","9":"pa_yayinevi-vaveyla-yayincilik","10":"pa_yazar-zeki-marakoglu","12":"first","13":"instock","14":"sale","15":"shipping-taxable","16":"purchasable","17":"product-type-simple"},"_links":{"self":[{"href":"https:\/\/roveyayinevi.com.tr\/index.php\/wp-json\/wp\/v2\/product\/751951","targetHints":{"allow":["GET"]}}],"collection":[{"href":"https:\/\/roveyayinevi.com.tr\/index.php\/wp-json\/wp\/v2\/product"}],"about":[{"href":"https:\/\/roveyayinevi.com.tr\/index.php\/wp-json\/wp\/v2\/types\/product"}],"wp:attachment":[{"href":"https:\/\/roveyayinevi.com.tr\/index.php\/wp-json\/wp\/v2\/media?parent=751951"}],"wp:term":[{"taxonomy":"product_brand","embeddable":true,"href":"https:\/\/roveyayinevi.com.tr\/index.php\/wp-json\/wp\/v2\/product_brand?post=751951"},{"taxonomy":"product_cat","embeddable":true,"href":"https:\/\/roveyayinevi.com.tr\/index.php\/wp-json\/wp\/v2\/product_cat?post=751951"},{"taxonomy":"product_tag","embeddable":true,"href":"https:\/\/roveyayinevi.com.tr\/index.php\/wp-json\/wp\/v2\/product_tag?post=751951"}],"curies":[{"name":"wp","href":"https:\/\/api.w.org\/{rel}","templated":true}]}}