{"id":751950,"date":"2025-08-28T05:02:46","date_gmt":"2025-08-28T02:02:46","guid":{"rendered":"https:\/\/roveyayinevi.com.tr\/index.php\/urun\/tiyatro-seti-8-kitap\/"},"modified":"2025-11-21T09:20:49","modified_gmt":"2025-11-21T06:20:49","slug":"tiyatro-seti-8-kitap","status":"publish","type":"product","link":"https:\/\/roveyayinevi.com.tr\/index.php\/urun\/tiyatro-seti-8-kitap\/","title":{"rendered":"Tiyatro Seti (8 Kitap)"},"content":{"rendered":"<p>Setimiz sekiz kitaptan (Tiyatro Metni) olu\u015fmaktad\u0131r. Alt\u0131 oyun daha \u00f6nce sahnelenmi\u015ftir. D\u00f6rt oyun sahnelenmeye devam etmektedir. \u201cO\u2019nu Affettim\u201d, sahnelenmeye devam ediyor. \u201cK\u0131skan\u00e7l\u0131k K\u0131r\u0131nt\u0131s\u0131\u201d Psikosomatik A\u015fk Hik\u00e2yesi, roman\u0131n i\u00e7erisinde yer alan bir oyundur (Roman ve Tiyatro Metni tek kitapt\u0131r.) ve sahnelenmeye devam etmektedir. \u201cMelez\u201d, birinci sezon oynam\u0131\u015f ve ikinci sezona farkl\u0131 koreografi ile \u00e7\u0131kacakt\u0131r. \u201c1.43 Rat Garaj\u201d ilk iki sezon tek ki\u015filik -monolog- olarak oynanm\u0131\u015f ve \u00fc\u00e7\u00fcnc\u00fc sezon iki ki\u015filik olarak yenilenmektedir. \u201cKutsal \u00c7apa\u201d bir sezon g\u00f6sterim yapm\u0131\u015f ve oyuncu ayr\u0131lmas\u0131ndan dolay\u0131 kald\u0131r\u0131lm\u0131\u015ft\u0131r. \u201cKaferum Of Hola\u201d bir sezon g\u00f6sterim yap\u0131lm\u0131\u015ft\u0131r. \u201cHermes\u201d ve \u201cG\u00f6lge Arafta\u201d daha \u00f6nce sergilenmemi\u015ftir. <\/p>\n","protected":false},"excerpt":{"rendered":"<p>Setimiz sekiz kitaptan (Tiyatro Metni) olu\u015fmaktad\u0131r. Alt\u0131 oyun daha \u00f6nce sahnelenmi\u015ftir. D\u00f6rt oyun sahnelenmeye devam etmektedir. \u201cO\u2019nu Affettim\u201d, sahnelenmeye devam ediyor. \u201cK\u0131skan\u00e7l\u0131k K\u0131r\u0131nt\u0131s\u0131\u201d Psikosomatik A\u015fk Hik\u00e2yesi,<span class=\"excerpt-hellip\"> [\u2026]<\/span><\/p>\n","protected":false},"featured_media":0,"template":"","meta":{"_monsterinsights_skip_tracking":false,"_monsterinsights_sitenote_active":false,"_monsterinsights_sitenote_note":"","_monsterinsights_sitenote_category":0},"product_brand":[],"product_cat":[12291,14272],"product_tag":[],"class_list":{"0":"post-751950","1":"product","2":"type-product","3":"status-publish","5":"product_cat-edebiyat","6":"product_cat-tiyatro","7":"pa_cilt-ciltsiz","8":"pa_tur-kitap","9":"pa_yayinevi-vaveyla-yayincilik","10":"pa_yazar-kolektif","12":"first","13":"instock","14":"sale","15":"shipping-taxable","16":"purchasable","17":"product-type-simple"},"_links":{"self":[{"href":"https:\/\/roveyayinevi.com.tr\/index.php\/wp-json\/wp\/v2\/product\/751950","targetHints":{"allow":["GET"]}}],"collection":[{"href":"https:\/\/roveyayinevi.com.tr\/index.php\/wp-json\/wp\/v2\/product"}],"about":[{"href":"https:\/\/roveyayinevi.com.tr\/index.php\/wp-json\/wp\/v2\/types\/product"}],"wp:attachment":[{"href":"https:\/\/roveyayinevi.com.tr\/index.php\/wp-json\/wp\/v2\/media?parent=751950"}],"wp:term":[{"taxonomy":"product_brand","embeddable":true,"href":"https:\/\/roveyayinevi.com.tr\/index.php\/wp-json\/wp\/v2\/product_brand?post=751950"},{"taxonomy":"product_cat","embeddable":true,"href":"https:\/\/roveyayinevi.com.tr\/index.php\/wp-json\/wp\/v2\/product_cat?post=751950"},{"taxonomy":"product_tag","embeddable":true,"href":"https:\/\/roveyayinevi.com.tr\/index.php\/wp-json\/wp\/v2\/product_tag?post=751950"}],"curies":[{"name":"wp","href":"https:\/\/api.w.org\/{rel}","templated":true}]}}