{"id":751949,"date":"2025-08-28T05:02:44","date_gmt":"2025-08-28T02:02:44","guid":{"rendered":"https:\/\/roveyayinevi.com.tr\/index.php\/urun\/tuhaf-bilimler-akademisi-ii-genom\/"},"modified":"2026-04-16T03:05:29","modified_gmt":"2026-04-16T00:05:29","slug":"tuhaf-bilimler-akademisi-ii-genom","status":"publish","type":"product","link":"https:\/\/roveyayinevi.com.tr\/index.php\/urun\/tuhaf-bilimler-akademisi-ii-genom\/","title":{"rendered":"Tuhaf Bilimler Akademisi II Genom"},"content":{"rendered":"<p>\u00c7ocuklar ve e\u011fitimciler taraf\u0131ndan b\u00fcy\u00fck ilgi g\u00f6ren Tuhaf Bilimler Akademisi serisinin ikinci kitab\u0131 Genom, s\u00fcr\u00fckleyici anlat\u0131m\u0131 ve ak\u0131c\u0131 diliyle okurlar\u0131n\u0131 yine soluksuz bir maceraya davet ediyor.   Bilim Akademisinin tak\u0131nt\u0131l\u0131 dekan\u0131 \u00dcst\u00fcn Bey\u2019in gidi\u015fiyle akademiye yeni bir dekan atan\u0131r. Her \u015fey normal seyrinde ilerlerken tuhafl\u0131klar yine Nadir ve arkada\u015flar\u0131n\u0131n yakas\u0131n\u0131 b\u0131rakmaz. Genom ile sonunu asla kestiremeyece\u011finiz bir maceraya d\u00e2hil olmaya haz\u0131r olun!   \u015e\u00f6hret Do\u011fruyol Sa\u011fba\u015f, serinin bu kitab\u0131yla da azim ve h\u0131rs aras\u0131ndaki ince \u00e7izgiyi yakalayamayanlar\u0131n zarar\u0131n\u0131n en \u00e7ok da kendine dokundu\u011funun alt\u0131n\u0131 bir kez daha \u00e7iziyor.<\/p>\n","protected":false},"excerpt":{"rendered":"<p>\u00c7ocuklar ve e\u011fitimciler taraf\u0131ndan b\u00fcy\u00fck ilgi g\u00f6ren Tuhaf Bilimler Akademisi serisinin ikinci kitab\u0131 Genom, s\u00fcr\u00fckleyici anlat\u0131m\u0131 ve ak\u0131c\u0131 diliyle okurlar\u0131n\u0131 yine soluksuz bir maceraya davet ediyor.<span class=\"excerpt-hellip\"> [\u2026]<\/span><\/p>\n","protected":false},"featured_media":0,"template":"","meta":{"_monsterinsights_skip_tracking":false,"_monsterinsights_sitenote_active":false,"_monsterinsights_sitenote_note":"","_monsterinsights_sitenote_category":0},"product_brand":[],"product_cat":[12275,12274],"product_tag":[],"class_list":{"0":"post-751949","1":"product","2":"type-product","3":"status-publish","5":"product_cat-6-12-yas-kitaplari","6":"product_cat-cocuk-ve-genclik-kitaplari","7":"pa_cilt-ciltsiz","8":"pa_tur-kitap","9":"pa_yayinevi-epsilon-ozel-urun","10":"pa_yazar-sohret-dogruyol-sagbas","12":"first","13":"instock","14":"sale","15":"shipping-taxable","16":"purchasable","17":"product-type-simple"},"_links":{"self":[{"href":"https:\/\/roveyayinevi.com.tr\/index.php\/wp-json\/wp\/v2\/product\/751949","targetHints":{"allow":["GET"]}}],"collection":[{"href":"https:\/\/roveyayinevi.com.tr\/index.php\/wp-json\/wp\/v2\/product"}],"about":[{"href":"https:\/\/roveyayinevi.com.tr\/index.php\/wp-json\/wp\/v2\/types\/product"}],"wp:attachment":[{"href":"https:\/\/roveyayinevi.com.tr\/index.php\/wp-json\/wp\/v2\/media?parent=751949"}],"wp:term":[{"taxonomy":"product_brand","embeddable":true,"href":"https:\/\/roveyayinevi.com.tr\/index.php\/wp-json\/wp\/v2\/product_brand?post=751949"},{"taxonomy":"product_cat","embeddable":true,"href":"https:\/\/roveyayinevi.com.tr\/index.php\/wp-json\/wp\/v2\/product_cat?post=751949"},{"taxonomy":"product_tag","embeddable":true,"href":"https:\/\/roveyayinevi.com.tr\/index.php\/wp-json\/wp\/v2\/product_tag?post=751949"}],"curies":[{"name":"wp","href":"https:\/\/api.w.org\/{rel}","templated":true}]}}