{"id":751948,"date":"2025-08-28T05:02:43","date_gmt":"2025-08-28T02:02:43","guid":{"rendered":"https:\/\/roveyayinevi.com.tr\/index.php\/urun\/ace-gen-polimofizminin-atletik-performans-uzerindeki-etkileri\/"},"modified":"2026-04-16T03:05:29","modified_gmt":"2026-04-16T00:05:29","slug":"ace-gen-polimofizminin-atletik-performans-uzerindeki-etkileri","status":"publish","type":"product","link":"https:\/\/roveyayinevi.com.tr\/index.php\/urun\/ace-gen-polimofizminin-atletik-performans-uzerindeki-etkileri\/","title":{"rendered":"ACE Gen Polimofizminin Atletik Performans \u00dczerindeki Etkileri"},"content":{"rendered":"<p>\u0130\u00e7indekiler     \u00d6NS\u00d6Z 1. G\u0130R\u0130\u015e 2. GENEL B\u0130LG\u0130LER 2.1. Lokal Renin-Anjiotensin Sistemi 2.1.1. \u0130skelet Kas\u0131nda ACE 2.2. ACE Gen Polimorfizmi ve Sportif Performans 2.3. ACE geni ve Atletik Performans \u0130li\u015fkisini \u0130nceleyen Ara\u015ft\u0131rmalarda Dayan\u0131kl\u0131l\u0131k Kriterinin       S\u00fcre\/Mesafeye G\u00f6re S\u0131n\u0131fland\u0131r\u0131lmas\u0131n\u0131n \u00d6nemi 2.4. \u00c7al\u0131\u015fma Grubu Homojenli\u011finin \u00d6nemi 2.5. K\u0131sa S\u00fcreli Aerobik Dayan\u0131kl\u0131l\u0131kta G\u00fc\u00e7 Gereksinimi ve ACE D Alel \u0130li\u015fkisi 3. ARA\u015eTIRMA UYGULAMALARI 3.1. \u00d6rneklerin Se\u00e7imi ve Kan Al\u0131m\u0131 3.2. Antrenman Program\u0131 3.3. Performans \u00d6l\u00e7\u00fcm Y\u00f6ntemleri (Testler) 3.4. Genetik Analiz 3.4.1. Ara\u015ft\u0131rma Materyali \/ Veri Toplama Ara\u00e7lar\u0131 3.4.2. Ara\u00e7lar 3.5. ACE I\/D Polimorfizminin Molek\u00fcler Y\u00f6ntemlerle Ara\u015ft\u0131r\u0131lmas\u0131 3.5.1. Kan \u00d6rneklerinin DNA \u0130zalasyonu 3.5.2. Uygulanan Protokol 3.5.3. PCR Amplifikasyonu 3.5.4. Amplifikasyonda Kullan\u0131lacak Primerlerin Se\u00e7imi 3.5.5. Uygulanan PCR Protokol\u00fc 3.5.6. PCR \u00dcr\u00fcnlerinin Elektroforezda De\u011ferlendirilmesi 3.6. \u0130statiksel Analizler 4. BULGULAR 5. TARTI\u015eMA 6. SONU\u00c7 ve \u00d6NER\u0130LER 7.KAYNAKLAR <\/p>\n","protected":false},"excerpt":{"rendered":"<p>\u0130\u00e7indekiler \u00d6NS\u00d6Z 1. G\u0130R\u0130\u015e 2. GENEL B\u0130LG\u0130LER 2.1. Lokal Renin-Anjiotensin Sistemi 2.1.1. \u0130skelet Kas\u0131nda ACE 2.2. ACE Gen Polimorfizmi ve Sportif Performans 2.3. ACE geni ve<span class=\"excerpt-hellip\"> [\u2026]<\/span><\/p>\n","protected":false},"featured_media":0,"template":"","meta":{"_monsterinsights_skip_tracking":false,"_monsterinsights_sitenote_active":false,"_monsterinsights_sitenote_note":"","_monsterinsights_sitenote_category":0},"product_brand":[],"product_cat":[15563,15564],"product_tag":[],"class_list":{"0":"post-751948","1":"product","2":"type-product","3":"status-publish","5":"product_cat-hobi","6":"product_cat-spor","7":"pa_cilt-ciltsiz","8":"pa_tur-kitap","9":"pa_yayinevi-gazi-kitabevi","10":"pa_yazar-mesut-cerit-muzaffer-colakoglu","12":"first","13":"instock","14":"sale","15":"shipping-taxable","16":"purchasable","17":"product-type-simple"},"_links":{"self":[{"href":"https:\/\/roveyayinevi.com.tr\/index.php\/wp-json\/wp\/v2\/product\/751948","targetHints":{"allow":["GET"]}}],"collection":[{"href":"https:\/\/roveyayinevi.com.tr\/index.php\/wp-json\/wp\/v2\/product"}],"about":[{"href":"https:\/\/roveyayinevi.com.tr\/index.php\/wp-json\/wp\/v2\/types\/product"}],"wp:attachment":[{"href":"https:\/\/roveyayinevi.com.tr\/index.php\/wp-json\/wp\/v2\/media?parent=751948"}],"wp:term":[{"taxonomy":"product_brand","embeddable":true,"href":"https:\/\/roveyayinevi.com.tr\/index.php\/wp-json\/wp\/v2\/product_brand?post=751948"},{"taxonomy":"product_cat","embeddable":true,"href":"https:\/\/roveyayinevi.com.tr\/index.php\/wp-json\/wp\/v2\/product_cat?post=751948"},{"taxonomy":"product_tag","embeddable":true,"href":"https:\/\/roveyayinevi.com.tr\/index.php\/wp-json\/wp\/v2\/product_tag?post=751948"}],"curies":[{"name":"wp","href":"https:\/\/api.w.org\/{rel}","templated":true}]}}