{"id":751947,"date":"2025-08-28T05:02:42","date_gmt":"2025-08-28T02:02:42","guid":{"rendered":"https:\/\/roveyayinevi.com.tr\/index.php\/urun\/profesyonel-sporcularda-actn3-rs1815736-gen-polimorfizminin-atletik-performans-uzerindeki-etkilerinin-incelenmesi\/"},"modified":"2026-04-16T03:05:29","modified_gmt":"2026-04-16T00:05:29","slug":"profesyonel-sporcularda-actn3-rs1815736-gen-polimorfizminin-atletik-performans-uzerindeki-etkilerinin-incelenmesi","status":"publish","type":"product","link":"https:\/\/roveyayinevi.com.tr\/index.php\/urun\/profesyonel-sporcularda-actn3-rs1815736-gen-polimorfizminin-atletik-performans-uzerindeki-etkilerinin-incelenmesi\/","title":{"rendered":"Profesyonel Sporcularda ACTN3 (rs1815736) Gen Polimorfizminin Atletik Performans \u00dczerindeki Etkilerinin \u0130ncelenmesi"},"content":{"rendered":"<p>\u0130\u00e7indekiler   \u00d6NS\u00d6Z 1. G\u0130R\u0130\u015e 2. GENEL B\u0130LG\u0130LER 2.1. Genlerin Yap\u0131s\u0131 ve \u0130\u015fleyi\u015fi 2.2. Genler ve Atletik Yetenek 2.3. Fiziksel Aktivite ve Epigenetik Etkile\u015fimler 2.4. Atletik Performans ve Genlerin Rol\u00fc 2.5. Bireysel Antrenman Uygulamalar\u0131 ve Genetik Etkile\u015fimler 2.5.1.Dayan\u0131kl\u0131l\u0131k ve Sprint Performans\u0131 2.6. ACTN3 Geninin Yap\u0131s\u0131 ve Fonksiyonlar\u0131 2.6.1. ACTN3 Geni ve Atletik Performans 2.6.2. ACTN3 Geni ve Sprint\/G\u00fc\u00e7Performans\u0131 2.6.3. ACTN3 Geni ve Aerobik Dayan\u0131kl\u0131l\u0131k \u0130li\u015fkisi 2.6.4. ACTN3 Geni ve Kas G\u00fcc\u00fc\u0130li\u015fkisi 2.7. Yap\u0131sal Bile\u015fenler ve ACTN3 2.8. \u0130skelet Kaslar\u0131, Enerji Sistemleri ve Egzersiz Kapasitesi 2.9. Yetenek Se\u00e7me \u0130lkeleri 2.10. Atletik Yetene\u011fi Ortaya \u00c7\u0131karan Genetik Testler 2.11.Tak\u0131m Sporlar\u0131nda Fiziksel Performans \u00d6l\u00e7\u00fcmlerinde Kullan\u0131lan Test Protokolleri 3. GERE\u00c7 VE Y\u00d6NTEM 3.1. Ara\u015ft\u0131rman\u0131n T\u00fcr\u00fc 3.2. Ara\u015ft\u0131rman\u0131n Yap\u0131ld\u0131\u011f\u0131 Yer ve Zaman\u0131 3.3. Ara\u015ft\u0131rman\u0131n Evreni ve \u00d6rneklemi 3.4. Ara\u015ft\u0131rman\u0131n De\u011fi\u015fkenleri 3.5. Ara\u015ft\u0131rma Materyali \/ Veri Toplama Ara\u00e7lar\u0131 3.5.1. Egzersiz ve Performans \u00d6l\u00e7\u00fcm Y\u00f6ntemleri 3.5.2. Yo-Yo IR 2 Testi 3.5.3. H\u0131z (30m sprint yetene\u011fi) Testi 3.5.4. Molek\u00fcler Analiz 3.6. Verilerin De\u011ferlendirilmesi 3.7. Ara\u015ft\u0131rman\u0131n Etik Boyutu 4. BULGULAR 5. TARTI\u015eMA 6. SONU\u00c7 VE \u00d6NER\u0130LER      7. KAYNAK\u00c7A <\/p>\n","protected":false},"excerpt":{"rendered":"<p>\u0130\u00e7indekiler \u00d6NS\u00d6Z 1. G\u0130R\u0130\u015e 2. GENEL B\u0130LG\u0130LER 2.1. Genlerin Yap\u0131s\u0131 ve \u0130\u015fleyi\u015fi 2.2. Genler ve Atletik Yetenek 2.3. Fiziksel Aktivite ve Epigenetik Etkile\u015fimler 2.4. Atletik Performans<span class=\"excerpt-hellip\"> [\u2026]<\/span><\/p>\n","protected":false},"featured_media":0,"template":"","meta":{"_monsterinsights_skip_tracking":false,"_monsterinsights_sitenote_active":false,"_monsterinsights_sitenote_note":"","_monsterinsights_sitenote_category":0},"product_brand":[],"product_cat":[15563,15564],"product_tag":[],"class_list":{"0":"post-751947","1":"product","2":"type-product","3":"status-publish","5":"product_cat-hobi","6":"product_cat-spor","7":"pa_cilt-ciltsiz","8":"pa_tur-kitap","9":"pa_yayinevi-gazi-kitabevi","10":"pa_yazar-berkay-demirci-selin-yildirim","12":"first","13":"instock","14":"sale","15":"shipping-taxable","16":"purchasable","17":"product-type-simple"},"_links":{"self":[{"href":"https:\/\/roveyayinevi.com.tr\/index.php\/wp-json\/wp\/v2\/product\/751947","targetHints":{"allow":["GET"]}}],"collection":[{"href":"https:\/\/roveyayinevi.com.tr\/index.php\/wp-json\/wp\/v2\/product"}],"about":[{"href":"https:\/\/roveyayinevi.com.tr\/index.php\/wp-json\/wp\/v2\/types\/product"}],"wp:attachment":[{"href":"https:\/\/roveyayinevi.com.tr\/index.php\/wp-json\/wp\/v2\/media?parent=751947"}],"wp:term":[{"taxonomy":"product_brand","embeddable":true,"href":"https:\/\/roveyayinevi.com.tr\/index.php\/wp-json\/wp\/v2\/product_brand?post=751947"},{"taxonomy":"product_cat","embeddable":true,"href":"https:\/\/roveyayinevi.com.tr\/index.php\/wp-json\/wp\/v2\/product_cat?post=751947"},{"taxonomy":"product_tag","embeddable":true,"href":"https:\/\/roveyayinevi.com.tr\/index.php\/wp-json\/wp\/v2\/product_tag?post=751947"}],"curies":[{"name":"wp","href":"https:\/\/api.w.org\/{rel}","templated":true}]}}