{"id":751946,"date":"2025-08-28T05:02:41","date_gmt":"2025-08-28T02:02:41","guid":{"rendered":"https:\/\/roveyayinevi.com.tr\/index.php\/urun\/profesyonel-futbolda-psikolojik-beceri-antrenmani\/"},"modified":"2026-04-16T03:05:29","modified_gmt":"2026-04-16T00:05:29","slug":"profesyonel-futbolda-psikolojik-beceri-antrenmani","status":"publish","type":"product","link":"https:\/\/roveyayinevi.com.tr\/index.php\/urun\/profesyonel-futbolda-psikolojik-beceri-antrenmani\/","title":{"rendered":"Profesyonel Futbolda Psikolojik Beceri Antrenman\u0131"},"content":{"rendered":"<p>\u0130\u00e7indekiler   TE\u015eEKK\u00dcR \u0130\u00c7\u0130NDEK\u0130LER TABLOLAR L\u0130STES\u0130 S\u0130MGELER VE KISALTMALAR L\u0130STES\u0130 B\u00d6L\u00dcM I: KAVRAMSAL \u00c7ER\u00c7EVE 1. 1. Giri\u015f 1.2. PBA Ara\u015ft\u0131rmas\u0131n\u0131n \u00d6nemi 1.3. Tan\u0131mlar B\u00d6L\u00dcM II: ALANYAZIN TARAMASI 2.1. \u0130\u00e7sel Konu\u015fma 2.1.1. \u0130\u00e7sel Konu\u015fma ile \u0130lgili Ara\u015ft\u0131rmalar 2.2. Zihinsel Dayan\u0131kl\u0131l\u0131k 2.2.1. Zihinsel Dayan\u0131kl\u0131l\u0131k ile \u0130lgili Ara\u015ft\u0131rmalar B\u00d6L\u00dcM III: SPORDA PS\u0130KOLOJ\u0130K BECER\u0130 ANTRENMANI 3.1. Sporda Psikolojik Beceri Antrenman\u0131 Nedir? 3.2. Sporda Psikolojik Beceri Antrenman\u0131n\u0131n \u00d6nem ve Amac\u0131 3.3. Sporda Psikolojik Beceri Antrenman\u0131n\u0131n Planlanmas\u0131 3.4. Sporda Psikolojik Beceri Antrenman\u0131 ile \u0130lgili Yap\u0131lm\u0131\u015f \u00c7al\u0131\u015fmalar 3.5. Psikolojik Beceri Antrenman Program\u0131 Uygulamas\u0131 3.6. Ara\u015ft\u0131rma S\u00fcrecinde Ya\u015fanan Geli\u015fmeler 3.7. Ara\u015ft\u0131rman\u0131n Bulgular\u0131ndan Baz\u0131 \u00d6rnekler B\u00d6L\u00dcM IV: SONU\u00c7 ve \u00d6NER\u0130LER 4.1. Ara\u015ft\u0131rmaya y\u00f6nelik \u00f6neriler 4.2. Uygulamaya y\u00f6nelik \u00f6neriler KAYNAKLAR <\/p>\n","protected":false},"excerpt":{"rendered":"<p>\u0130\u00e7indekiler TE\u015eEKK\u00dcR \u0130\u00c7\u0130NDEK\u0130LER TABLOLAR L\u0130STES\u0130 S\u0130MGELER VE KISALTMALAR L\u0130STES\u0130 B\u00d6L\u00dcM I: KAVRAMSAL \u00c7ER\u00c7EVE 1. 1. Giri\u015f 1.2. PBA Ara\u015ft\u0131rmas\u0131n\u0131n \u00d6nemi 1.3. Tan\u0131mlar B\u00d6L\u00dcM II: ALANYAZIN TARAMASI<span class=\"excerpt-hellip\"> [\u2026]<\/span><\/p>\n","protected":false},"featured_media":0,"template":"","meta":{"_monsterinsights_skip_tracking":false,"_monsterinsights_sitenote_active":false,"_monsterinsights_sitenote_note":"","_monsterinsights_sitenote_category":0},"product_brand":[],"product_cat":[15563,15564],"product_tag":[],"class_list":{"0":"post-751946","1":"product","2":"type-product","3":"status-publish","5":"product_cat-hobi","6":"product_cat-spor","7":"pa_cilt-ciltsiz","8":"pa_tur-kitap","9":"pa_yayinevi-gazi-kitabevi","10":"pa_yazar-selman-orhan","12":"first","13":"instock","14":"sale","15":"shipping-taxable","16":"purchasable","17":"product-type-simple"},"_links":{"self":[{"href":"https:\/\/roveyayinevi.com.tr\/index.php\/wp-json\/wp\/v2\/product\/751946","targetHints":{"allow":["GET"]}}],"collection":[{"href":"https:\/\/roveyayinevi.com.tr\/index.php\/wp-json\/wp\/v2\/product"}],"about":[{"href":"https:\/\/roveyayinevi.com.tr\/index.php\/wp-json\/wp\/v2\/types\/product"}],"wp:attachment":[{"href":"https:\/\/roveyayinevi.com.tr\/index.php\/wp-json\/wp\/v2\/media?parent=751946"}],"wp:term":[{"taxonomy":"product_brand","embeddable":true,"href":"https:\/\/roveyayinevi.com.tr\/index.php\/wp-json\/wp\/v2\/product_brand?post=751946"},{"taxonomy":"product_cat","embeddable":true,"href":"https:\/\/roveyayinevi.com.tr\/index.php\/wp-json\/wp\/v2\/product_cat?post=751946"},{"taxonomy":"product_tag","embeddable":true,"href":"https:\/\/roveyayinevi.com.tr\/index.php\/wp-json\/wp\/v2\/product_tag?post=751946"}],"curies":[{"name":"wp","href":"https:\/\/api.w.org\/{rel}","templated":true}]}}