{"id":751945,"date":"2025-08-28T05:02:39","date_gmt":"2025-08-28T02:02:39","guid":{"rendered":"https:\/\/roveyayinevi.com.tr\/index.php\/urun\/kiraci\/"},"modified":"2026-04-16T03:05:29","modified_gmt":"2026-04-16T00:05:29","slug":"kiraci","status":"publish","type":"product","link":"https:\/\/roveyayinevi.com.tr\/index.php\/urun\/kiraci\/","title":{"rendered":"Kirac\u0131"},"content":{"rendered":"<p>New York\u2019ta y\u0131k\u0131k d\u00f6k\u00fck bir apartman\u0131n tek kirac\u0131s\u0131 olan HarryLesser, on y\u0131ld\u0131r emek verdi\u011fi kitab\u0131n\u0131 bitirmek i\u00e7in canla ba\u015fla\u00e7al\u0131\u015f\u0131r. Dairesini neredeyse hi\u00e7 terk etmeyen, d\u0131\u015f d\u00fcnyadan bihaber Lesser, bir yandan da onu dairesini bo\u015faltmaya zorlayan evsahibi Levenspiel ile m\u00fccadele eder, fakat kitab\u0131n\u0131 bitirmeden hi\u00e7bir yere gitmeye niyeti yoktur. Y\u0131k\u0131k d\u00f6k\u00fck, daireleri terk edilmi\u015f binada kendisinden ba\u015fka biridaha oldu\u011funu ke\u015ffeder bir g\u00fcn: Kitab\u0131n\u0131 bitirmek i\u00e7in kendineg\u00f6zlerden uzak, uygun bir yer arayan, huysuz, Afro-Amerikal\u0131yazar Willie Spearmint. O d\u00f6nem Brooklyn\u2019de alevlenen Yahudi-Siyahi \u00e7at\u0131\u015fmas\u0131na ra\u011fmen, ikilinin zamanla geli\u015fen dostluklar\u0131, Willie\u2019nin Lesser\u2019dan tasla\u011f\u0131na yorum yapmas\u0131n\u0131 istemesiyle gerilmeye ba\u015flar. Zoraki kom\u015fuluk ve sanatlar\u0131ndaki gizli rekabetin \u00e7at\u0131\u015fmalara neden oldu\u011fu ili\u015fkileri, Willie\u2019nin sevgilisi Irene\u2019in hayatlar\u0131na dahil olmas\u0131 ve Levenspiel\u2019in iki yazar\u0131 da evden \u00e7\u0131karmak i\u00e7in giri\u015fti\u011fi sava\u015fla tamamen de\u011fi\u015fir. Bernard Malamud, Kirac\u0131\u2019da biri siyah, biri beyaz iki yazar\u0131n sanat anlay\u0131\u015flar\u0131 ve etnik k\u00f6kenleri \u00fczerinden insan\u0131n g\u00fcvenilmezli\u011fiyle y\u0131k\u0131m ve \u015fiddet potansiyelini g\u00f6zler \u00f6n\u00fcne seriyor.<\/p>\n","protected":false},"excerpt":{"rendered":"<p>New York\u2019ta y\u0131k\u0131k d\u00f6k\u00fck bir apartman\u0131n tek kirac\u0131s\u0131 olan HarryLesser, on y\u0131ld\u0131r emek verdi\u011fi kitab\u0131n\u0131 bitirmek i\u00e7in canla ba\u015fla\u00e7al\u0131\u015f\u0131r. Dairesini neredeyse hi\u00e7 terk etmeyen, d\u0131\u015f d\u00fcnyadan<span class=\"excerpt-hellip\"> [\u2026]<\/span><\/p>\n","protected":false},"featured_media":0,"template":"","meta":{"_monsterinsights_skip_tracking":false,"_monsterinsights_sitenote_active":false,"_monsterinsights_sitenote_note":"","_monsterinsights_sitenote_category":0},"product_brand":[],"product_cat":[12291,12711],"product_tag":[],"class_list":{"0":"post-751945","1":"product","2":"type-product","3":"status-publish","5":"product_cat-edebiyat","6":"product_cat-roman-oyku","7":"pa_cilt-ciltsiz","8":"pa_tur-kitap","9":"pa_yayinevi-kafka-yayinevi","10":"pa_yazar-bernard-malamud","12":"first","13":"instock","14":"sale","15":"shipping-taxable","16":"purchasable","17":"product-type-simple"},"_links":{"self":[{"href":"https:\/\/roveyayinevi.com.tr\/index.php\/wp-json\/wp\/v2\/product\/751945","targetHints":{"allow":["GET"]}}],"collection":[{"href":"https:\/\/roveyayinevi.com.tr\/index.php\/wp-json\/wp\/v2\/product"}],"about":[{"href":"https:\/\/roveyayinevi.com.tr\/index.php\/wp-json\/wp\/v2\/types\/product"}],"wp:attachment":[{"href":"https:\/\/roveyayinevi.com.tr\/index.php\/wp-json\/wp\/v2\/media?parent=751945"}],"wp:term":[{"taxonomy":"product_brand","embeddable":true,"href":"https:\/\/roveyayinevi.com.tr\/index.php\/wp-json\/wp\/v2\/product_brand?post=751945"},{"taxonomy":"product_cat","embeddable":true,"href":"https:\/\/roveyayinevi.com.tr\/index.php\/wp-json\/wp\/v2\/product_cat?post=751945"},{"taxonomy":"product_tag","embeddable":true,"href":"https:\/\/roveyayinevi.com.tr\/index.php\/wp-json\/wp\/v2\/product_tag?post=751945"}],"curies":[{"name":"wp","href":"https:\/\/api.w.org\/{rel}","templated":true}]}}