{"id":751944,"date":"2025-08-28T05:02:38","date_gmt":"2025-08-28T02:02:38","guid":{"rendered":"https:\/\/roveyayinevi.com.tr\/index.php\/urun\/daglara-donecegim\/"},"modified":"2026-04-16T03:05:29","modified_gmt":"2026-04-16T00:05:29","slug":"daglara-donecegim","status":"publish","type":"product","link":"https:\/\/roveyayinevi.com.tr\/index.php\/urun\/daglara-donecegim\/","title":{"rendered":"Da\u011flara D\u00f6nece\u011fim"},"content":{"rendered":"<p>S\u0131rt\u0131mda han\u00e7er sapl\u0131 Kan\u0131m akm\u0131yor Ben da\u011flardan geldim beyim, Da\u011f gibi anan\u0131n do\u011furdu\u011fu, Fele\u011fe mihnet etmeyen baban\u0131n yo\u011furdu\u011fu, Da\u011flar\u0131n o\u011fluyum&#8230; Bilemezdim Dost demenin g\u00fcvenmenin Bir han\u00e7er darbesiyle yere serilece\u011fini Me\u011fer \u015fehirlerde b\u00f6yle olurmu\u015f Paran kadar adam Paran kadar itibar\u0131n olurmu\u015f Ben bilemedim beyim, Ben bilmem oyun oynamay\u0131, Adam satmay\u0131 \u00c7amura yatmay\u0131 Mazluma \u00e7atmay\u0131, Bilmem&#8230; <\/p>\n","protected":false},"excerpt":{"rendered":"<p>S\u0131rt\u0131mda han\u00e7er sapl\u0131 Kan\u0131m akm\u0131yor Ben da\u011flardan geldim beyim, Da\u011f gibi anan\u0131n do\u011furdu\u011fu, Fele\u011fe mihnet etmeyen baban\u0131n yo\u011furdu\u011fu, Da\u011flar\u0131n o\u011fluyum&#8230; Bilemezdim Dost demenin g\u00fcvenmenin Bir han\u00e7er<span class=\"excerpt-hellip\"> [\u2026]<\/span><\/p>\n","protected":false},"featured_media":0,"template":"","meta":{"_monsterinsights_skip_tracking":false,"_monsterinsights_sitenote_active":false,"_monsterinsights_sitenote_note":"","_monsterinsights_sitenote_category":0},"product_brand":[],"product_cat":[12291,12509],"product_tag":[],"class_list":{"0":"post-751944","1":"product","2":"type-product","3":"status-publish","5":"product_cat-edebiyat","6":"product_cat-siir","7":"pa_cilt-ciltsiz","8":"pa_tur-kitap","9":"pa_yayinevi-gulnar-yayinlari","10":"pa_yazar-ziya-sahin","12":"first","13":"instock","14":"sale","15":"shipping-taxable","16":"purchasable","17":"product-type-simple"},"_links":{"self":[{"href":"https:\/\/roveyayinevi.com.tr\/index.php\/wp-json\/wp\/v2\/product\/751944","targetHints":{"allow":["GET"]}}],"collection":[{"href":"https:\/\/roveyayinevi.com.tr\/index.php\/wp-json\/wp\/v2\/product"}],"about":[{"href":"https:\/\/roveyayinevi.com.tr\/index.php\/wp-json\/wp\/v2\/types\/product"}],"wp:attachment":[{"href":"https:\/\/roveyayinevi.com.tr\/index.php\/wp-json\/wp\/v2\/media?parent=751944"}],"wp:term":[{"taxonomy":"product_brand","embeddable":true,"href":"https:\/\/roveyayinevi.com.tr\/index.php\/wp-json\/wp\/v2\/product_brand?post=751944"},{"taxonomy":"product_cat","embeddable":true,"href":"https:\/\/roveyayinevi.com.tr\/index.php\/wp-json\/wp\/v2\/product_cat?post=751944"},{"taxonomy":"product_tag","embeddable":true,"href":"https:\/\/roveyayinevi.com.tr\/index.php\/wp-json\/wp\/v2\/product_tag?post=751944"}],"curies":[{"name":"wp","href":"https:\/\/api.w.org\/{rel}","templated":true}]}}