{"id":751943,"date":"2025-08-28T05:02:37","date_gmt":"2025-08-28T02:02:37","guid":{"rendered":"https:\/\/roveyayinevi.com.tr\/index.php\/urun\/ibadetler\/"},"modified":"2026-04-16T03:05:29","modified_gmt":"2026-04-16T00:05:29","slug":"ibadetler","status":"publish","type":"product","link":"https:\/\/roveyayinevi.com.tr\/index.php\/urun\/ibadetler\/","title":{"rendered":"\u0130badetler"},"content":{"rendered":"<p>Soru: Acaba, ibadet yani din ve kulluk, insan\u0131 k\u00f6lele\u015ftiriyor mu? Yoksa insan\u0131 a\u015fa\u011f\u0131, k\u00f6t\u00fc, \u00e7e\u015fit \u00e7e\u015fit k\u00f6leliklerden kurtar\u0131p, ger\u00e7ek bir vazifeli oldu\u011funu bildirip, ona y\u00fcksek bir \u015feref mi sa\u011fl\u0131yor? Cevap: Evet, insanda iki temel e\u011filim var: Biri, ya firavun gibi sahte g\u00fc\u00e7, kudret sahibi olup ilahl\u0131k iddias\u0131nda bulunacakt\u0131r. \u0130kincisi: Veya muhta\u00e7 oldu\u011fu ve korktu\u011fu nice say\u0131s\u0131z \u015feylere k\u00f6le olacakt\u0131r&#8230; Dinsiz bir insan i\u00e7in bu iki \u015f\u0131ktan ba\u015fka yol yoktur. Dindar ve ger\u00e7ek inanm\u0131\u015f insan ise; din ve iman sayesinde, o sahte say\u0131s\u0131z ilahlara k\u00f6le olmaktan kurtulur, ger\u00e7ek (hakk) ilah ve mabud olan Allah\u2019a kul ve asker olur. O\u2019nun emriyle, izniyle i\u015f g\u00f6r\u00fcr ne ge\u00e7mi\u015fin \u00fcz\u00fcnt\u00fcs\u00fcn\u00fc \u00e7eker ne de gelece\u011fin korkusunu&#8230; \u201c\u0130yi bilin ki; Allah\u2019\u0131n ger\u00e7ek dostlar\u0131 ne korkarlar ne de \u00fcz\u00fcl\u00fcrler&#8230;\u201d \u0130\u015fte bir tarafta, bu ayetin \u00e7er\u00e7eveledi\u011fi insan modeli, di\u011fer tarafta, kendisine faydas\u0131 \u00e7ok az olan paran\u0131n, seksin, daha nice sahte tutkular\u0131n tutsa\u011f\u0131 olan insan tipi&#8230; <\/p>\n","protected":false},"excerpt":{"rendered":"<p>Soru: Acaba, ibadet yani din ve kulluk, insan\u0131 k\u00f6lele\u015ftiriyor mu? Yoksa insan\u0131 a\u015fa\u011f\u0131, k\u00f6t\u00fc, \u00e7e\u015fit \u00e7e\u015fit k\u00f6leliklerden kurtar\u0131p, ger\u00e7ek bir vazifeli oldu\u011funu bildirip, ona y\u00fcksek bir<span class=\"excerpt-hellip\"> [\u2026]<\/span><\/p>\n","protected":false},"featured_media":0,"template":"","meta":{"_monsterinsights_skip_tracking":false,"_monsterinsights_sitenote_active":false,"_monsterinsights_sitenote_note":"","_monsterinsights_sitenote_category":0},"product_brand":[],"product_cat":[12718,12719],"product_tag":[],"class_list":{"0":"post-751943","1":"product","2":"type-product","3":"status-publish","5":"product_cat-din","6":"product_cat-islam","7":"pa_cilt-ciltsiz","8":"pa_tur-kitap","9":"pa_yayinevi-gulnar-yayinlari","10":"pa_yazar-bahaeddin-saglam","12":"first","13":"instock","14":"sale","15":"shipping-taxable","16":"purchasable","17":"product-type-simple"},"_links":{"self":[{"href":"https:\/\/roveyayinevi.com.tr\/index.php\/wp-json\/wp\/v2\/product\/751943","targetHints":{"allow":["GET"]}}],"collection":[{"href":"https:\/\/roveyayinevi.com.tr\/index.php\/wp-json\/wp\/v2\/product"}],"about":[{"href":"https:\/\/roveyayinevi.com.tr\/index.php\/wp-json\/wp\/v2\/types\/product"}],"wp:attachment":[{"href":"https:\/\/roveyayinevi.com.tr\/index.php\/wp-json\/wp\/v2\/media?parent=751943"}],"wp:term":[{"taxonomy":"product_brand","embeddable":true,"href":"https:\/\/roveyayinevi.com.tr\/index.php\/wp-json\/wp\/v2\/product_brand?post=751943"},{"taxonomy":"product_cat","embeddable":true,"href":"https:\/\/roveyayinevi.com.tr\/index.php\/wp-json\/wp\/v2\/product_cat?post=751943"},{"taxonomy":"product_tag","embeddable":true,"href":"https:\/\/roveyayinevi.com.tr\/index.php\/wp-json\/wp\/v2\/product_tag?post=751943"}],"curies":[{"name":"wp","href":"https:\/\/api.w.org\/{rel}","templated":true}]}}