{"id":751942,"date":"2025-08-28T05:02:36","date_gmt":"2025-08-28T02:02:36","guid":{"rendered":"https:\/\/roveyayinevi.com.tr\/index.php\/urun\/insan-nedirin-cevabi-veya-gercek-humanizm\/"},"modified":"2026-04-16T03:05:29","modified_gmt":"2026-04-16T00:05:29","slug":"insan-nedirin-cevabi-veya-gercek-humanizm","status":"publish","type":"product","link":"https:\/\/roveyayinevi.com.tr\/index.php\/urun\/insan-nedirin-cevabi-veya-gercek-humanizm\/","title":{"rendered":"\u0130nsan Nedir\u2019in Cevab\u0131 veya Ger\u00e7ek H\u00fcmanizm"},"content":{"rendered":"<p>Ruh \u00fcflemenin \u00fc\u00e7 manas\u0131 var: A) \u00c7amur elementleri, DNA olunca, insan di\u011fer hayvanlar\u0131n \u00e7o\u011fundan daha az gene sahip olmas\u0131na ra\u011fmen, kendindeki 22 bin gen aras\u0131ndaki bilgi-i\u015flem b\u00fct\u00fcn hayvanlardan hatta k\u00e2inattan daha \u00e7ok bilgi-i\u015fleme sahiptir. \u0130\u015fte Biyolojik Ruh budur ve bu d\u00f6llenirken oluyor. Y\u00fcz yirmi g\u00fcn sonra ruh \u00fcfleniyor, bilgisi yanl\u0131\u015ft\u0131r. B) Normalde bir hayvan olan insan, say\u0131s\u0131z dilleri, bilimleri, yasalar\u0131 ve soyut de\u011ferleri \u00f6\u011frenirken Allah taraf\u0131ndan (Sonsuz Sistemden) bunlar ona ruh oluyor. Onu ger\u00e7ek \u00c2dem yap\u0131yor. C) Tevrat\u2019ta ve Kur\u2019an\u2019da as\u0131l ve ger\u00e7ek ruh manas\u0131nda tekrarla kullan\u0131lan ve b\u00fct\u00fcn evrenin logosu ve mant\u0131\u011f\u0131 olan dini \u00f6\u011fretiler ve yasalar, insanl\u0131\u011f\u0131n sosyal ve kalb\u00ee hayat\u0131na \u00fcflenir. \u0130nsan ger\u00e7ekten \u0130nsan-\u0131 k\u00e2mil olur. Aristo insan\u0131 tarif ederken, daha \u00e7ok ikinci bentte anlat\u0131lan noktay\u0131 vurgu lam\u0131\u015f. \u0130nsan d\u00fc\u015f\u00fcnen ve bu d\u00fc\u015f\u00fcncesini dile getiren hayvand\u0131r, demi\u015f. Birinci bentteki bilgi ise onun zaman\u0131nda tam bilinmiyordu. Fakat 2350 y\u0131l \u00f6nce o boyuta form dedi. Ve o formu anima (ruh) olarak) anlatt\u0131. Bug\u00fcn materyalize olmu\u015f fen ilimleri hen\u00fcz bu seviyeye tam gelebilmi\u015f de\u011fildir. Fakat seksenden sonra geli\u015fen yaz\u0131l\u0131m ve bili\u015fim teknolojisi, hem Aristo\u2019yu do\u011fruluyor. Hem bilim adamlar\u0131n\u0131 o zirve noktaya zorluyor. <\/p>\n","protected":false},"excerpt":{"rendered":"<p>Ruh \u00fcflemenin \u00fc\u00e7 manas\u0131 var: A) \u00c7amur elementleri, DNA olunca, insan di\u011fer hayvanlar\u0131n \u00e7o\u011fundan daha az gene sahip olmas\u0131na ra\u011fmen, kendindeki 22 bin gen aras\u0131ndaki bilgi-i\u015flem<span class=\"excerpt-hellip\"> [\u2026]<\/span><\/p>\n","protected":false},"featured_media":0,"template":"","meta":{"_monsterinsights_skip_tracking":false,"_monsterinsights_sitenote_active":false,"_monsterinsights_sitenote_note":"","_monsterinsights_sitenote_category":0},"product_brand":[],"product_cat":[12718,12719],"product_tag":[],"class_list":{"0":"post-751942","1":"product","2":"type-product","3":"status-publish","5":"product_cat-din","6":"product_cat-islam","7":"pa_cilt-ciltsiz","8":"pa_tur-kitap","9":"pa_yayinevi-gulnar-yayinlari","10":"pa_yazar-bahaeddin-saglam","12":"first","13":"instock","14":"sale","15":"shipping-taxable","16":"purchasable","17":"product-type-simple"},"_links":{"self":[{"href":"https:\/\/roveyayinevi.com.tr\/index.php\/wp-json\/wp\/v2\/product\/751942","targetHints":{"allow":["GET"]}}],"collection":[{"href":"https:\/\/roveyayinevi.com.tr\/index.php\/wp-json\/wp\/v2\/product"}],"about":[{"href":"https:\/\/roveyayinevi.com.tr\/index.php\/wp-json\/wp\/v2\/types\/product"}],"wp:attachment":[{"href":"https:\/\/roveyayinevi.com.tr\/index.php\/wp-json\/wp\/v2\/media?parent=751942"}],"wp:term":[{"taxonomy":"product_brand","embeddable":true,"href":"https:\/\/roveyayinevi.com.tr\/index.php\/wp-json\/wp\/v2\/product_brand?post=751942"},{"taxonomy":"product_cat","embeddable":true,"href":"https:\/\/roveyayinevi.com.tr\/index.php\/wp-json\/wp\/v2\/product_cat?post=751942"},{"taxonomy":"product_tag","embeddable":true,"href":"https:\/\/roveyayinevi.com.tr\/index.php\/wp-json\/wp\/v2\/product_tag?post=751942"}],"curies":[{"name":"wp","href":"https:\/\/api.w.org\/{rel}","templated":true}]}}